{"id":1127,"date":"2017-05-19T11:53:00","date_gmt":"2017-05-19T09:53:00","guid":{"rendered":"https:\/\/edulab.unitn.it\/dicomat\/?page_id=1127"},"modified":"2021-05-25T10:20:36","modified_gmt":"2021-05-25T08:20:36","slug":"le-cifre-di-pi-greco","status":"publish","type":"page","link":"https:\/\/edulab.unitn.it\/dicomat\/geometria-ss-ii-g\/le-cifre-di-pi-greco\/","title":{"rendered":"Le cifre di Pi-greco"},"content":{"rendered":"<p>Per la mia tesi di laurea magistrale in Matematica redatta con il Prof. Roberto Pignatelli e la Dott.ssa Elisabetta Ossanna ho progettato e sperimentato un <a href=\"https:\/\/edulab.unitn.it\/dicomat\/geometria-ss-i-g\/cerchio\/\">percorso laboratoriale sul cerchio<\/a> per la Scuola Secondaria. Tale percorso ha come argomenti la lunghezza della circonferenza e l&#8217;area del cerchio, con una particolare attenzione al numero<img loading=\"lazy\" decoding=\"async\" class=\"alignnone size-full wp-image-1352\" src=\"https:\/\/edulab.unitn.it\/dicomat\/wp-content\/uploads\/sites\/12\/2017\/05\/pi-greco1.png\" alt=\"\" width=\"22\" height=\"26\" \/>.<\/p>\n<p>Svolgendo l\u2019attivit\u00e0 sulle cifre di pi greco nelle Scuole Secondarie di primo grado ho potuto osservare che tale attivit\u00e0 \u00e8 ricca di aspetti che con una terza media non si possono approfondire. Nell&#8217;ottica di un insegnamento verticale ho quindi pensato di riprogettare tale attivit\u00e0 con delle adeguate modifiche per renderla adatta per il primo biennio delle Scuole Secondarie di secondo grado.<\/p>\n<p style=\"text-align: right\"><em>Laura Trivellato<\/em><\/p>\n<p>&nbsp;<\/p>\n<p><strong>LA METODOLOGIA<\/strong><\/p>\n<p>L&#8217;attivit\u00e0 riportata su questa pagina \u00e8 \u00a0laboratoriale di tipo manipolativo, da svolgersi con l&#8217;utilizzo di schede guidate, in gruppi di lavoro, il pi\u00f9 omogenei possibile, composti da 4-5 studenti. Sono inoltre state pensate in modo tale da favorire la scrittura con l\u2019obbiettivo di sviluppare nel ragazzo un adeguato linguaggio matematico. Viene fatto un ampio uso di artefatti e nella sperimentazione di tali laboratori si \u00e8 cercato di favorire la discussione matematica riducendo al minimo gli interventi frontali. Si \u00e8 cercato anche\u00a0di sviluppare gli argomenti tenendo conto di una loro articolazione in un curricolo verticale.<\/p>\n<p><strong>\u00a0<\/strong><\/p>\n<p><strong>L&#8217;ATTIVIT\u00c0<\/strong><\/p>\n<p><strong>Durata minima:<\/strong>\u00a03<b>\u00a0<\/b>ore<\/p>\n<p><strong>Collocazione nel curricolo<\/strong><\/p>\n<p>Questo laboratorio \u00e8 rivolto alle classi del primo biennio della scuola secondaria di secondo grado. Esso si pu\u00f2 proporre dopo lo studio dei numeri irrazionali oppure come introduzione a tale elemento.<\/p>\n<p><strong>Obbiettivi<\/strong><\/p>\n<p>Stimare per eccesso e per difetto Pi-greco per poter trarre delle conclusioni sulle prime due cifre decimali di<img loading=\"lazy\" decoding=\"async\" class=\"alignnone size-full wp-image-1352\" src=\"https:\/\/edulab.unitn.it\/dicomat\/wp-content\/uploads\/sites\/12\/2017\/05\/pi-greco1.png\" alt=\"\" width=\"22\" height=\"26\" \/>e infine discutere la natura di questo numero. Vedere la stima dell&#8217;area di una figura &#8220;dall&#8217;alto e dal basso&#8221;. Introdurre l&#8217;idea che sta alla base della definizione di area che ritroveranno all&#8217;ultimo anno con lo studio degli integrali. Acquisire una prima idea intuitiva di convergenza verso un numero e quindi di limite.<\/p>\n<p><strong>Descrizione\u00a0<\/strong><\/p>\n<p>FASE 0: PRIMA DI COMINCIARE<\/p>\n<p>Per richiamare l\u2019argomento si incomincia l\u2019attivit\u00e0 con una fase zero che fa alcune riflessioni sull&#8217;area del cerchio. In particolare viene posta l&#8217;attenzione sulla relazione che intercorre tra l&#8217;area del cerchio e il suo raggio e vengono discusse, con l&#8217;aiuto di un file geogebra, le approssimazioni che si prendono in considerazione per arrivare a tale relazione. \u00a0(Per maggiori informazioni vedi anche l&#8217;attivit\u00e0 <a href=\"https:\/\/edulab.unitn.it\/dicomat\/geometria-ss-i-g\/cerchio\/larea-del-cerchio\/\">l&#8217;area del cerchio<\/a>)<\/p>\n<p><a href=\"https:\/\/edulab.unitn.it\/cloud\/index.php\/s\/dicomat\/download?path=%2Fcerchio&amp;files=modellino_palline_superiori.jpg\"><img loading=\"lazy\" decoding=\"async\" class=\" wp-image-1226 alignleft\" src=\"https:\/\/edulab.unitn.it\/dicomat\/wp-content\/uploads\/sites\/12\/2017\/05\/modellino_palline_superiori-300x284.jpg\" alt=\"\" width=\"82\" height=\"78\" srcset=\"https:\/\/edulab.unitn.it\/dicomat\/wp-content\/uploads\/sites\/12\/2017\/05\/modellino_palline_superiori-300x284.jpg 300w, https:\/\/edulab.unitn.it\/dicomat\/wp-content\/uploads\/sites\/12\/2017\/05\/modellino_palline_superiori-768x727.jpg 768w, https:\/\/edulab.unitn.it\/dicomat\/wp-content\/uploads\/sites\/12\/2017\/05\/modellino_palline_superiori-1024x970.jpg 1024w\" sizes=\"auto, (max-width: 82px) 100vw, 82px\" \/><\/a><\/p>\n<p>FASE 1: LA PRIMA CIFRA DI PI-GRECO<\/p>\n<p>Con un problema stimolo, nel quale vengono fornite il numero medio di<br \/>\npalline contenute nel quarto di cerchio e nel quadrato di lato il raggio del cerchio, i ragazzi calcolano una prima stima di<img loading=\"lazy\" decoding=\"async\" class=\"alignnone size-full wp-image-1352\" src=\"https:\/\/edulab.unitn.it\/dicomat\/wp-content\/uploads\/sites\/12\/2017\/05\/pi-greco1.png\" alt=\"\" width=\"22\" height=\"26\" \/>. Viene discussa la necessit\u00e0 o meno di conoscere la lunghezza del raggio del cerchio per stimare<img loading=\"lazy\" decoding=\"async\" class=\"alignnone size-full wp-image-1352\" src=\"https:\/\/edulab.unitn.it\/dicomat\/wp-content\/uploads\/sites\/12\/2017\/05\/pi-greco1.png\" alt=\"\" width=\"22\" height=\"26\" \/>.<\/p>\n<p>FASE 2: LE ALTRE CIFRE DI PI-GRECO<\/p>\n<p>Dopo aver fatto alcune considerazioni sulle strategie di calcolo, i ragazzi contano i quadretti di lato 1 cm, 0.5 cm e 0.1 cm contenuti e che ricoprono un quarto di cerchio. Calcolano poi una stima per difetto e per eccesso di pi-greco in modo da fare delle considerazioni sulle sue cifre. Con i quadretti di lato 0.1 cm concludono che la prima cifra decimale di pi-greco \u00e8 uno.<\/p>\n<p>Per indagare le altre cifre gli studenti costruiscono, o viene mostrato loro, un file geogebra che ricopre il quarto di cerchio con dei plurirettangoli \u00a0mettendo l\u2019accento sulla differenza tra l\u2019utilizzo dei quadretti e dei rettangoli.<\/p>\n<p>Muovendo lo slider si aumentano le divisioni del raggio e i valori di<img loading=\"lazy\" decoding=\"async\" class=\"alignnone size-full wp-image-1352\" src=\"https:\/\/edulab.unitn.it\/dicomat\/wp-content\/uploads\/sites\/12\/2017\/05\/pi-greco1.png\" alt=\"\" width=\"22\" height=\"26\" \/>diventano sempre pi\u00f9 precisi permettendo di scoprire che la seconda cifra decimale di Pi-greco \u00e8 due.<\/p>\n<p><a href=\"https:\/\/edulab.unitn.it\/cloud\/index.php\/s\/dicomat\/download?path=%2Fcerchio&amp;files=1200div.PNG\"><img loading=\"lazy\" decoding=\"async\" class=\"wp-image-1232 aligncenter\" src=\"https:\/\/edulab.unitn.it\/dicomat\/wp-content\/uploads\/sites\/12\/2017\/05\/1200div-300x160.png\" alt=\"\" width=\"512\" height=\"273\" srcset=\"https:\/\/edulab.unitn.it\/dicomat\/wp-content\/uploads\/sites\/12\/2017\/05\/1200div-300x160.png 300w, https:\/\/edulab.unitn.it\/dicomat\/wp-content\/uploads\/sites\/12\/2017\/05\/1200div-768x409.png 768w, https:\/\/edulab.unitn.it\/dicomat\/wp-content\/uploads\/sites\/12\/2017\/05\/1200div-1024x545.png 1024w, https:\/\/edulab.unitn.it\/dicomat\/wp-content\/uploads\/sites\/12\/2017\/05\/1200div.png 1366w\" sizes=\"auto, (max-width: 512px) 100vw, 512px\" \/><\/a><\/p>\n<p>FASE 3: POSSIAMO CALCOLARE TUTTE LE CIFRE DI<img loading=\"lazy\" decoding=\"async\" class=\"alignnone size-full wp-image-1352\" src=\"https:\/\/edulab.unitn.it\/dicomat\/wp-content\/uploads\/sites\/12\/2017\/05\/pi-greco1.png\" alt=\"\" width=\"22\" height=\"26\" \/>?<\/p>\n<p>L\u2019attivit\u00e0 si conclude con la narrazione della natura di pi greco utilizzando il video di un estratto di un episodio di Star Trek.<\/p>\n<p><span style=\"text-decoration: underline\">Nota: nel box download \u00e8 presente una descrizione pi\u00f9 dettagliata del laboratorio<\/span><\/p>\n<p><strong>Materiali<\/strong><\/p>\n<ul>\n<li>schede guida per lo studente fornite dall&#8217;insegnante presenti nel box download (una copia per ragazzo)<\/li>\n<li>foglio colorato con tabelle riassuntive presente nel box download (una copia per ragazzo)<\/li>\n<li>kit contenente un panno di spugna vegetale da cucina tagliata a forma di cerchio e divisa in 12 spicchi uguali come quella della fase 2 dell&#8217;attivit\u00e0 sull&#8217;area del cerchio (uno per gruppo)<\/li>\n<li>file geogebra che evidenzia l&#8217;approssimazione fatta: approssimare un settore circolare di un cerchio ad un triangolo (presente nel box download)<\/li>\n<li>file geogebra che stima con il metodo dei plurirettangoli il valore di<img loading=\"lazy\" decoding=\"async\" class=\"alignnone size-full wp-image-1352\" src=\"https:\/\/edulab.unitn.it\/dicomat\/wp-content\/uploads\/sites\/12\/2017\/05\/pi-greco1.png\" alt=\"\" width=\"22\" height=\"26\" \/>per eccesso e per difetto all&#8217;aumentare delle divisioni del raggio presente nel box download<\/li>\n<li>video di un estratto di un episodio di Star Trek\u00a0che si pu\u00f2 trovare dal secondo 0:08 al secondo 0:37 del link presente nel box download<\/li>\n<li>calcolatrice, colori e righello<\/li>\n<\/ul>\n<p>&nbsp;<\/p>\n<table style=\"background-color: #b1f2a7\">\n<tbody>\n<tr>\n<td style=\"text-align: center;width: 644px\">\n<p style=\"text-align: left\"><strong>DOWNLOAD<\/strong><\/p>\n<p style=\"text-align: left\">Approfondimenti per il docente: <a href=\"https:\/\/edulab.unitn.it\/wp-content\/uploads\/nfs\/DiCoMat\/cerchio\/storia_pigreco.pdf\">Storia\u00a0Pi greco<\/a>,\u00a0<a href=\"https:\/\/edulab.unitn.it\/wp-content\/uploads\/nfs\/DiCoMat\/cerchio\/irrazionalit%C3%A0_trascendenza_pigreco.pdf\">Irrazionalit\u00e0 e trascendenza di Pi-greco<\/a><\/p>\n<p style=\"text-align: left\">Descrizione del laboratorio: <a href=\"https:\/\/edulab.unitn.it\/wp-content\/uploads\/nfs\/DiCoMat\/cerchio\/le_cifre_di_pigreco_ssiig.pdf\">Laboratorio<\/a><\/p>\n<p style=\"text-align: left\">Schede guida per lo studente: <a href=\"https:\/\/edulab.unitn.it\/wp-content\/uploads\/nfs\/DiCoMat\/cerchio\/schede_le_cifre_di_pigreco_ssiig_fase0-1.pdf\">Schede fase 0 e 1<\/a>,\u00a0<a href=\"https:\/\/edulab.unitn.it\/wp-content\/uploads\/nfs\/DiCoMat\/cerchio\/schede_le_cifre_di_pigreco_ssiig_contenuti.pdf\">Schede fase 2 e 3 per quadretti contenuti<\/a>,\u00a0<a href=\"https:\/\/edulab.unitn.it\/wp-content\/uploads\/nfs\/DiCoMat\/cerchio\/schede_le_cifre_di_pigreco_ssiig_fase2-3_ricoprono.pdf\">Schede fase 2 e 3 per quadretti che ricoprono<\/a><\/p>\n<p style=\"text-align: left\">Tabelle riassuntive da stampare su foglio colorato: <a href=\"https:\/\/edulab.unitn.it\/wp-content\/uploads\/nfs\/DiCoMat\/cerchio\/tabelle_riassuntive_attivit%C3%A0_le_cifre_di_pigreco.pdf\">Tabelle<\/a><\/p>\n<p style=\"text-align: left\">Link al file geogebra sull&#8217;approssimazione fatta:\u00a0<a href=\"https:\/\/www.geogebra.org\/m\/vCh9Et5n\">https:\/\/www.geogebra.org\/m\/B3ePsv5D<\/a><\/p>\n<p style=\"text-align: left\">Link al file geogebra che stima \u03c0 con i plurirettangoli:\u00a0<a href=\"https:\/\/www.geogebra.org\/m\/hUBrRTEy\">https:\/\/www.geogebra.org\/m\/HT9jpmTF<\/a><\/p>\n<p style=\"text-align: left\">Link al video di Star Trek:\u00a0<a href=\"https:\/\/www.youtube.com\/watch?v=KZmERuPBmGM\">https:\/\/www.youtube.com\/watch?v=KZmERuPBmGM<\/a><\/p>\n<p style=\"text-align: left\"><a href=\"https:\/\/edulab.unitn.it\/wp-content\/uploads\/nfs\/DiCoMat\/cerchio\/bibliografia.pdf\">La bibliografia<\/a><\/p>\n<\/td>\n<\/tr>\n<\/tbody>\n<\/table>\n","protected":false},"excerpt":{"rendered":"<p>Per la mia tesi di laurea magistrale in Matematica redatta con il Prof. Roberto Pignatelli e la Dott.ssa Elisabetta Ossanna ho progettato e sperimentato un percorso laboratoriale sul cerchio per la Scuola Secondaria. Tale percorso ha come argomenti la lunghezza della circonferenza e l&#8217;area del cerchio, con una particolare attenzione al numero. Svolgendo l\u2019attivit\u00e0 sulle &hellip; <a href=\"https:\/\/edulab.unitn.it\/dicomat\/geometria-ss-ii-g\/le-cifre-di-pi-greco\/\" class=\"more-link\">Continua a leggere <span class=\"screen-reader-text\">Le cifre di Pi-greco<\/span><\/a><\/p>\n","protected":false},"author":1065,"featured_media":0,"parent":410,"menu_order":0,"comment_status":"closed","ping_status":"closed","template":"","meta":{"footnotes":""},"class_list":["post-1127","page","type-page","status-publish","hentry"],"_links":{"self":[{"href":"https:\/\/edulab.unitn.it\/dicomat\/wp-json\/wp\/v2\/pages\/1127","targetHints":{"allow":["GET"]}}],"collection":[{"href":"https:\/\/edulab.unitn.it\/dicomat\/wp-json\/wp\/v2\/pages"}],"about":[{"href":"https:\/\/edulab.unitn.it\/dicomat\/wp-json\/wp\/v2\/types\/page"}],"author":[{"embeddable":true,"href":"https:\/\/edulab.unitn.it\/dicomat\/wp-json\/wp\/v2\/users\/1065"}],"replies":[{"embeddable":true,"href":"https:\/\/edulab.unitn.it\/dicomat\/wp-json\/wp\/v2\/comments?post=1127"}],"version-history":[{"count":44,"href":"https:\/\/edulab.unitn.it\/dicomat\/wp-json\/wp\/v2\/pages\/1127\/revisions"}],"predecessor-version":[{"id":2122,"href":"https:\/\/edulab.unitn.it\/dicomat\/wp-json\/wp\/v2\/pages\/1127\/revisions\/2122"}],"up":[{"embeddable":true,"href":"https:\/\/edulab.unitn.it\/dicomat\/wp-json\/wp\/v2\/pages\/410"}],"wp:attachment":[{"href":"https:\/\/edulab.unitn.it\/dicomat\/wp-json\/wp\/v2\/media?parent=1127"}],"curies":[{"name":"wp","href":"https:\/\/api.w.org\/{rel}","templated":true}]}}