{"id":1139,"date":"2017-05-18T18:32:29","date_gmt":"2017-05-18T16:32:29","guid":{"rendered":"https:\/\/edulab.unitn.it\/dicomat\/?page_id=1139"},"modified":"2021-05-25T09:59:37","modified_gmt":"2021-05-25T07:59:37","slug":"la-lunghezza-della-circonferenza","status":"publish","type":"page","link":"https:\/\/edulab.unitn.it\/dicomat\/geometria-ss-i-g\/cerchio\/la-lunghezza-della-circonferenza\/","title":{"rendered":"La lunghezza della circonferenza"},"content":{"rendered":"<h4>CORDE DI CARTA E DISCHI<\/h4>\n<p><strong>Durata minima:\u00a0<\/strong>3 ore<\/p>\n<p><strong>Collocazione nel curricolo<\/strong><\/p>\n<p>Questo laboratorio pu\u00f2 essere collocato all&#8217;inizio di un percorso didattico sulla circonferenza e il cerchio. Si pu\u00f2 proporre in una classe seconda o terza delle scuole secondarie di primo grado dopo lo studio del perimetro e dell&#8217;area delle altre figure piane. Pu\u00f2 essere prevista una lezione che precede l&#8217;attivit\u00e0 di ripasso della definizione di circonferenza, cerchio, raggio e diametro oppure si possono richiamare tali concetti svolgendo il laboratorio.<\/p>\n<p><strong>Obbiettivi<\/strong><\/p>\n<p>Indagare, nei casi proposti, la proporzionalit\u00e0 tra la lunghezza della circonferenza e il suo diametro. Arrivare a cogliere la costante di proporzionalit\u00e0 ed arrivare ad una prima approssimazione di tale costante, per poi estendere al caso pi\u00f9 generale e arrivare alla formula per il calcolo della lunghezza della circonferenza.<\/p>\n<p><strong>Descrizione dell&#8217;attivit\u00e0<\/strong><\/p>\n<p>FASE 1: DIAMETRI CHE RADDOPPIANO, TRIPLICANO, QUADRUPLICANO&#8230;<\/p>\n<p>I ragazzi avvolgono dei dischi di raggio multiplo con delle corde di carta (= stelle filanti) per ricavarne delle strisce di carta lunghe quanto la lunghezza della circonferenza. Tali strisce vengono incollate in un foglio predisposto per diventare un piano cartesiano, con nelle ascisse la lunghezza del diametro e nelle ordinate la lunghezza della circonferenza. Gli studenti intuiscono quindi, nei casi considerati, il rapporto di proporzionalit\u00e0 tra la lunghezza della circonferenza e il diametro.<a href=\"https:\/\/edulab.unitn.it\/cloud\/index.php\/s\/dicomat\/download?path=%2Fcerchio&amp;files=dischi1.png\"><img loading=\"lazy\" decoding=\"async\" class=\" wp-image-1176 aligncenter\" src=\"https:\/\/edulab.unitn.it\/dicomat\/wp-content\/uploads\/sites\/12\/2017\/05\/dischi1-300x93.png\" alt=\"\" width=\"533\" height=\"165\" srcset=\"https:\/\/edulab.unitn.it\/dicomat\/wp-content\/uploads\/sites\/12\/2017\/05\/dischi1-300x93.png 300w, https:\/\/edulab.unitn.it\/dicomat\/wp-content\/uploads\/sites\/12\/2017\/05\/dischi1-768x238.png 768w, https:\/\/edulab.unitn.it\/dicomat\/wp-content\/uploads\/sites\/12\/2017\/05\/dischi1-1024x317.png 1024w, https:\/\/edulab.unitn.it\/dicomat\/wp-content\/uploads\/sites\/12\/2017\/05\/dischi1.png 1280w\" sizes=\"auto, (max-width: 533px) 100vw, 533px\" \/><\/a><\/p>\n<p><a href=\"https:\/\/edulab.unitn.it\/cloud\/index.php\/s\/dicomat\/download?path=%2Fcerchio&amp;files=dischi2.png\"><img loading=\"lazy\" decoding=\"async\" class=\"size-medium wp-image-1178 alignright\" src=\"https:\/\/edulab.unitn.it\/dicomat\/wp-content\/uploads\/sites\/12\/2017\/05\/dischi2-300x225.png\" alt=\"\" width=\"300\" height=\"225\" srcset=\"https:\/\/edulab.unitn.it\/dicomat\/wp-content\/uploads\/sites\/12\/2017\/05\/dischi2-300x225.png 300w, https:\/\/edulab.unitn.it\/dicomat\/wp-content\/uploads\/sites\/12\/2017\/05\/dischi2-768x577.png 768w, https:\/\/edulab.unitn.it\/dicomat\/wp-content\/uploads\/sites\/12\/2017\/05\/dischi2.png 833w\" sizes=\"auto, (max-width: 300px) 100vw, 300px\" \/><\/a><\/p>\n<p>FASE 2: LEGAME TRA CIRCONFERENZA E DIAMETRO<\/p>\n<p>Viene riportato il diametro di ogni disco sul bordo pi\u00f9 alto della striscia di carta corrispondente alla lunghezza della circonferenza e segnato un punto alla fine della striscia. I ragazzi scoprono cos\u00ec che il diametro sta sempre tre volte pi\u00f9 un pezzettino nella lunghezza della circonferenza. La costante di proporzionalit\u00e0, che viene indicata con<img loading=\"lazy\" decoding=\"async\" class=\"alignnone size-full wp-image-1352\" src=\"https:\/\/edulab.unitn.it\/dicomat\/wp-content\/uploads\/sites\/12\/2017\/05\/pi-greco1.png\" alt=\"\" width=\"22\" height=\"26\" \/>, dev&#8217;essere quindi uguale ad un numero che \u00e8 un po&#8217; pi\u00f9 di 3. Inoltre unendo tutti i puntini segnati si ottiene una retta.<\/p>\n<p>FASE 3: LA LUNGHEZZA DELLA CIRCONFERENZA<\/p>\n<p>Si applicano i risultati ottenuti nella precedente fase per arrivare, attraverso passi graduali, alla relazione che permette di calcolare la lunghezza della circonferenza dato il suo raggio e viceversa.<\/p>\n<p><span style=\"text-decoration: underline\">NOTA: nel box download \u00e8 presente una descrizione pi\u00f9 dettagliata del laboratorio<\/span><\/p>\n<p><strong>Materiali<\/strong><\/p>\n<ul>\n<li>schede guida per lo studente fornite dall&#8217;insegnante presenti nel box download (una copia per ragazzo)<\/li>\n<li>kit contenente dischi numerati con raggio uguale a 1 cm, 2 cm, 3 cm, 4 cm, 5 cm, 8 cm (uno per gruppo)<\/li>\n<li>corde di carta (stelle filanti)<\/li>\n<li>foglio A3 prestampato, presente nel box download, per incollare le strisce di carta (due per gruppo)<\/li>\n<li>kit contenente un oggetto cilindrico e una circonferenza di carta uguale alla circonferenza di base del cilindro (uno per gruppo)<\/li>\n<li>kit contenente tre strisce di carta verdi lunghe quanto il diametro di tre oggetti cilindrici qualsiasi e tre strisce di carta rosse lunghe quanto la circonferenza di tre oggetti cilindrici qualsiasi (uno per gruppo)<\/li>\n<li>colla, forbici, stecca da 60 cm, un pennarello colorato<\/li>\n<\/ul>\n<p>&nbsp;<\/p>\n<table style=\"background-color: #b1f2a7;width: 100%;height: 224px\">\n<tbody>\n<tr style=\"height: 224px\">\n<td style=\"text-align: center;height: 224px\">\n<p style=\"text-align: left\"><strong>DOWNLOAD<\/strong><\/p>\n<p style=\"text-align: left\">Descrizione del laboratorio: <a href=\"https:\/\/edulab.unitn.it\/wp-content\/uploads\/nfs\/DiCoMat\/cerchio\/corde_di_carta_e_dischi.pdf\">Laboratorio<\/a><\/p>\n<p style=\"text-align: left\">Schede guida per lo studente: <a href=\"https:\/\/edulab.unitn.it\/wp-content\/uploads\/nfs\/DiCoMat\/cerchio\/schede_corde_di_carta_e_dischi.pdf\">Schede<\/a><\/p>\n<p style=\"text-align: left\">Foglio A3: <a href=\"https:\/\/edulab.unitn.it\/wp-content\/uploads\/nfs\/DiCoMat\/cerchio\/foglio_a3_attivit%C3%A0_corde_di_carta_e_dischi.pdf\">foglio A3 prestampato<\/a><\/p>\n<\/td>\n<\/tr>\n<\/tbody>\n<\/table>\n<p>&nbsp;<\/p>\n<p>Vai al <a href=\"https:\/\/edulab.unitn.it\/dicomat\/geometria-ss-i-g\/cerchio\/\">percorso<\/a> \u00a0 \u00a0 \u00a0 \u00a0 \u00a0 \u00a0 \u00a0 \u00a0 \u00a0 \u00a0 \u00a0 \u00a0 \u00a0 \u00a0 \u00a0 \u00a0 \u00a0 \u00a0 \u00a0 \u00a0 \u00a0 \u00a0 \u00a0 \u00a0 \u00a0 \u00a0 \u00a0 \u00a0 \u00a0 Vai all&#8217;<a href=\"https:\/\/edulab.unitn.it\/dicomat\/geometria-ss-i-g\/cerchio\/larea-del-cerchio\/\">area del cerchio<\/a><\/p>\n","protected":false},"excerpt":{"rendered":"<p>CORDE DI CARTA E DISCHI Durata minima:\u00a03 ore Collocazione nel curricolo Questo laboratorio pu\u00f2 essere collocato all&#8217;inizio di un percorso didattico sulla circonferenza e il cerchio. Si pu\u00f2 proporre in una classe seconda o terza delle scuole secondarie di primo grado dopo lo studio del perimetro e dell&#8217;area delle altre figure piane. Pu\u00f2 essere prevista &hellip; <a href=\"https:\/\/edulab.unitn.it\/dicomat\/geometria-ss-i-g\/cerchio\/la-lunghezza-della-circonferenza\/\" class=\"more-link\">Continua a leggere <span class=\"screen-reader-text\">La lunghezza della circonferenza<\/span><\/a><\/p>\n","protected":false},"author":1065,"featured_media":0,"parent":1120,"menu_order":0,"comment_status":"closed","ping_status":"closed","template":"","meta":{"footnotes":""},"class_list":["post-1139","page","type-page","status-publish","hentry"],"_links":{"self":[{"href":"https:\/\/edulab.unitn.it\/dicomat\/wp-json\/wp\/v2\/pages\/1139","targetHints":{"allow":["GET"]}}],"collection":[{"href":"https:\/\/edulab.unitn.it\/dicomat\/wp-json\/wp\/v2\/pages"}],"about":[{"href":"https:\/\/edulab.unitn.it\/dicomat\/wp-json\/wp\/v2\/types\/page"}],"author":[{"embeddable":true,"href":"https:\/\/edulab.unitn.it\/dicomat\/wp-json\/wp\/v2\/users\/1065"}],"replies":[{"embeddable":true,"href":"https:\/\/edulab.unitn.it\/dicomat\/wp-json\/wp\/v2\/comments?post=1139"}],"version-history":[{"count":45,"href":"https:\/\/edulab.unitn.it\/dicomat\/wp-json\/wp\/v2\/pages\/1139\/revisions"}],"predecessor-version":[{"id":2105,"href":"https:\/\/edulab.unitn.it\/dicomat\/wp-json\/wp\/v2\/pages\/1139\/revisions\/2105"}],"up":[{"embeddable":true,"href":"https:\/\/edulab.unitn.it\/dicomat\/wp-json\/wp\/v2\/pages\/1120"}],"wp:attachment":[{"href":"https:\/\/edulab.unitn.it\/dicomat\/wp-json\/wp\/v2\/media?parent=1139"}],"curies":[{"name":"wp","href":"https:\/\/api.w.org\/{rel}","templated":true}]}}