{"id":1141,"date":"2017-05-18T19:13:57","date_gmt":"2017-05-18T17:13:57","guid":{"rendered":"https:\/\/edulab.unitn.it\/dicomat\/?page_id=1141"},"modified":"2021-05-25T10:00:19","modified_gmt":"2021-05-25T08:00:19","slug":"larea-del-cerchio","status":"publish","type":"page","link":"https:\/\/edulab.unitn.it\/dicomat\/geometria-ss-i-g\/cerchio\/larea-del-cerchio\/","title":{"rendered":"L&#8217;area del cerchio"},"content":{"rendered":"<h4>ARANCE E SPUGNE<\/h4>\n<p><strong>Durata minima:<\/strong> 2<strong>\u00a0<\/strong>ore<\/p>\n<p><strong>Collocazione nel curricolo<\/strong><\/p>\n<p>Questo laboratorio \u00e8 rivolto alle classi seconde o terze della scuola secondaria di primo grado ed \u00e8 una possibile continuazione dell&#8217;attivit\u00e0 sulla lunghezza della circonferenza descritta in questo sito.<\/p>\n<p><strong>Obbiettivi<\/strong><\/p>\n<p>Con delle approssimazioni lecite, guidare il ragazzo ad avere una conoscenza consapevole della formula per calcolare l&#8217;area del cerchio.<\/p>\n<p><strong>Descrizione dell&#8217;attivit\u00e0<\/strong><\/p>\n<p>FASE 1: AREA DI UNA FETTA DI ARANCIA<\/p>\n<p>Questa fase dell&#8217;attivit\u00e0 vede i ragazzi alle prese con le misurazioni che servono per calcolare l&#8217;area di una fetta di arancia che viene srotolata in modo da approssimarla ad una serie finita di triangoli.<a href=\"https:\/\/edulab.unitn.it\/cloud\/index.php\/s\/dicomat\/download?path=%2Fcerchio&amp;files=arancia.png\"><img loading=\"lazy\" decoding=\"async\" class=\"wp-image-1188 aligncenter\" src=\"https:\/\/edulab.unitn.it\/dicomat\/wp-content\/uploads\/sites\/12\/2017\/05\/arancia-300x187.png\" alt=\"\" width=\"289\" height=\"180\" srcset=\"https:\/\/edulab.unitn.it\/dicomat\/wp-content\/uploads\/sites\/12\/2017\/05\/arancia-300x187.png 300w, https:\/\/edulab.unitn.it\/dicomat\/wp-content\/uploads\/sites\/12\/2017\/05\/arancia-768x478.png 768w, https:\/\/edulab.unitn.it\/dicomat\/wp-content\/uploads\/sites\/12\/2017\/05\/arancia-825x510.png 825w, https:\/\/edulab.unitn.it\/dicomat\/wp-content\/uploads\/sites\/12\/2017\/05\/arancia.png 842w\" sizes=\"auto, (max-width: 289px) 100vw, 289px\" \/><\/a><\/p>\n<p>FASE 2: COSTRUIAMO L&#8217;ARANCIA<\/p>\n<p>Viene modellizzata la fetta d&#8217;arancia con un cerchio di spugna. I ragazzi conoscono il rapporto tra la lunghezza della circonferenza e il raggio e sanno che tale rapporto \u00e8 un numero un po&#8217; pi\u00f9 di 3. Sfruttando queste conoscenze e, utilizzando come valore approssimato di<img loading=\"lazy\" decoding=\"async\" class=\"alignnone size-full wp-image-1352\" src=\"https:\/\/edulab.unitn.it\/dicomat\/wp-content\/uploads\/sites\/12\/2017\/05\/pi-greco1.png\" alt=\"\" width=\"22\" height=\"26\" \/>il numero 3, calcolano la base di uno dei triangoli con cui si possono approssimare gli spicchi della fetta di spugna per poi calcolare l&#8217;area della fetta di spugna. Con delle discussioni mediate, si matematizzano i passaggi fatti per scoprire la relazione che permette di calcolare l&#8217;area di una fetta di raggio generico.<\/p>\n<p><a href=\"https:\/\/edulab.unitn.it\/cloud\/index.php\/s\/dicomat\/download?path=%2Fcerchio&amp;files=spugna.png\"><img loading=\"lazy\" decoding=\"async\" class=\"wp-image-1195 aligncenter\" src=\"https:\/\/edulab.unitn.it\/dicomat\/wp-content\/uploads\/sites\/12\/2017\/05\/spugna-300x99.png\" alt=\"\" width=\"515\" height=\"170\" srcset=\"https:\/\/edulab.unitn.it\/dicomat\/wp-content\/uploads\/sites\/12\/2017\/05\/spugna-300x99.png 300w, https:\/\/edulab.unitn.it\/dicomat\/wp-content\/uploads\/sites\/12\/2017\/05\/spugna-768x253.png 768w, https:\/\/edulab.unitn.it\/dicomat\/wp-content\/uploads\/sites\/12\/2017\/05\/spugna-1024x337.png 1024w, https:\/\/edulab.unitn.it\/dicomat\/wp-content\/uploads\/sites\/12\/2017\/05\/spugna.png 1280w\" sizes=\"auto, (max-width: 515px) 100vw, 515px\" \/><\/a><\/p>\n<p>&nbsp;<\/p>\n<p>FASE 3: L&#8217;AREA DEL CERCHIO<\/p>\n<p><a href=\"https:\/\/edulab.unitn.it\/cloud\/index.php\/s\/dicomat\/download?path=%2Fcerchio&amp;files=parallelogramma.JPG\"><img loading=\"lazy\" decoding=\"async\" class=\" wp-image-1200 alignright\" src=\"https:\/\/edulab.unitn.it\/dicomat\/wp-content\/uploads\/sites\/12\/2017\/05\/parallelogramma-300x172.jpg\" alt=\"\" width=\"269\" height=\"154\" srcset=\"https:\/\/edulab.unitn.it\/dicomat\/wp-content\/uploads\/sites\/12\/2017\/05\/parallelogramma-300x172.jpg 300w, https:\/\/edulab.unitn.it\/dicomat\/wp-content\/uploads\/sites\/12\/2017\/05\/parallelogramma-768x441.jpg 768w, https:\/\/edulab.unitn.it\/dicomat\/wp-content\/uploads\/sites\/12\/2017\/05\/parallelogramma-1024x587.jpg 1024w\" sizes=\"auto, (max-width: 269px) 100vw, 269px\" \/><\/a><\/p>\n<p>Per arrivare ad una conoscenza il pi\u00f9 consapevole possibile della relazione tra l\u2019area del cerchio e il suo raggio si ricompone la fetta di spugna in modo da formare un parallelogramma. In questo caso i passaggi di formalizzazione risultano pi\u00f9 semplici perch\u00e9 basta applicare la formula per il calcolo dell\u2019area di un parallelogramma per ottenere direttamente la relazione tra l&#8217;area del cerchio e il suo raggio.<\/p>\n<p><span style=\"text-decoration: underline\">NOTA: nel box download \u00e8 presente una descrizione pi\u00f9 dettagliata del laboratorio<\/span><\/p>\n<p><strong>Materiali<\/strong><\/p>\n<ul>\n<li>schede guida per lo studente fornite dall&#8217;insegnante presenti nel box download (una copia per ragazzo)<\/li>\n<li>kit contenente un&#8217;arancia, un piattino di plastica, un taglierino e della carta assorbente (uno per gruppo)<\/li>\n<li>kit contenente un panno di spugna vegetale da cucina, un compasso e un goniometro (uno per gruppo)<\/li>\n<li>spugna a forma di cerchio divisa in 24 spicchi uguali (una per l&#8217;insegnante)<\/li>\n<li>cerchio di cartoncino diviso in 36 spicchi uguali (due per l&#8217;insegnante)<\/li>\n<li>calcolatrice, un pennarello, forbici, righello<\/li>\n<\/ul>\n<p>&nbsp;<\/p>\n<table style=\"background-color: #b1f2a7\">\n<tbody>\n<tr>\n<td style=\"text-align: center\">\n<p style=\"text-align: left\"><strong>DOWNLOAD<\/strong><\/p>\n<p style=\"text-align: left\">Descrizione del laboratorio: <a href=\"https:\/\/edulab.unitn.it\/wp-content\/uploads\/nfs\/DiCoMat\/cerchio\/arance_e_spugne.pdf\">Laboratorio<\/a><\/p>\n<p style=\"text-align: left\">Schede guida per lo studente: <a href=\"https:\/\/edulab.unitn.it\/wp-content\/uploads\/nfs\/DiCoMat\/cerchio\/schede_arance_e_spugne.pdf\">Schede<\/a><\/p>\n<\/td>\n<\/tr>\n<\/tbody>\n<\/table>\n<p>Vai al <a href=\"https:\/\/edulab.unitn.it\/dicomat\/geometria-ss-i-g\/cerchio\/\">percorso<\/a> \u00a0 \u00a0 \u00a0 \u00a0 \u00a0 \u00a0 \u00a0 \u00a0 \u00a0 \u00a0 \u00a0 \u00a0 \u00a0 \u00a0 \u00a0 \u00a0 \u00a0 \u00a0 \u00a0 \u00a0 \u00a0 \u00a0 \u00a0 \u00a0 \u00a0 \u00a0 \u00a0 \u00a0 \u00a0 Vai alle <a href=\"https:\/\/edulab.unitn.it\/dicomat\/geometria-ss-i-g\/cerchio\/le-cifre-di-pi-greco\/\">cifre di Pi-greco<\/a><\/p>\n","protected":false},"excerpt":{"rendered":"<p>ARANCE E SPUGNE Durata minima: 2\u00a0ore Collocazione nel curricolo Questo laboratorio \u00e8 rivolto alle classi seconde o terze della scuola secondaria di primo grado ed \u00e8 una possibile continuazione dell&#8217;attivit\u00e0 sulla lunghezza della circonferenza descritta in questo sito. Obbiettivi Con delle approssimazioni lecite, guidare il ragazzo ad avere una conoscenza consapevole della formula per calcolare &hellip; <a href=\"https:\/\/edulab.unitn.it\/dicomat\/geometria-ss-i-g\/cerchio\/larea-del-cerchio\/\" class=\"more-link\">Continua a leggere <span class=\"screen-reader-text\">L&#8217;area del cerchio<\/span><\/a><\/p>\n","protected":false},"author":1065,"featured_media":0,"parent":1120,"menu_order":0,"comment_status":"closed","ping_status":"closed","template":"","meta":{"footnotes":""},"class_list":["post-1141","page","type-page","status-publish","hentry"],"_links":{"self":[{"href":"https:\/\/edulab.unitn.it\/dicomat\/wp-json\/wp\/v2\/pages\/1141","targetHints":{"allow":["GET"]}}],"collection":[{"href":"https:\/\/edulab.unitn.it\/dicomat\/wp-json\/wp\/v2\/pages"}],"about":[{"href":"https:\/\/edulab.unitn.it\/dicomat\/wp-json\/wp\/v2\/types\/page"}],"author":[{"embeddable":true,"href":"https:\/\/edulab.unitn.it\/dicomat\/wp-json\/wp\/v2\/users\/1065"}],"replies":[{"embeddable":true,"href":"https:\/\/edulab.unitn.it\/dicomat\/wp-json\/wp\/v2\/comments?post=1141"}],"version-history":[{"count":34,"href":"https:\/\/edulab.unitn.it\/dicomat\/wp-json\/wp\/v2\/pages\/1141\/revisions"}],"predecessor-version":[{"id":2106,"href":"https:\/\/edulab.unitn.it\/dicomat\/wp-json\/wp\/v2\/pages\/1141\/revisions\/2106"}],"up":[{"embeddable":true,"href":"https:\/\/edulab.unitn.it\/dicomat\/wp-json\/wp\/v2\/pages\/1120"}],"wp:attachment":[{"href":"https:\/\/edulab.unitn.it\/dicomat\/wp-json\/wp\/v2\/media?parent=1141"}],"curies":[{"name":"wp","href":"https:\/\/api.w.org\/{rel}","templated":true}]}}