{"id":141,"date":"2016-11-08T12:39:32","date_gmt":"2016-11-08T11:39:32","guid":{"rendered":"https:\/\/edulab.unitn.it\/dicomat\/?page_id=141"},"modified":"2025-09-26T09:44:51","modified_gmt":"2025-09-26T07:44:51","slug":"approfondimento-la-tavola-di-galton","status":"publish","type":"page","link":"https:\/\/edulab.unitn.it\/dicomat\/probabilita\/modello-delle-prove-ripetute\/approfondimento-la-tavola-di-galton\/","title":{"rendered":"Approfondimento: la tavola di Galton"},"content":{"rendered":"<table style=\"border-color: #eb1a1a;background-color: #f0a5a5\">\n<tbody>\n<tr>\n<td style=\"border-color: #eb1a1a\"><em><strong>Modalit\u00e0 d&#8217;uso per il docente<\/strong><\/em><\/p>\n<p><em>Come approfondimento si pu\u00f2 utilizzare un simulatore che riproduce la tavola di Galton. Il materiale proposto \u00e8 una traccia per il docente e costituisce una possibile guida per una lezione partecipata.<\/em><\/td>\n<\/tr>\n<\/tbody>\n<\/table>\n<p>Link al file completo: <a href=\"https:\/\/edulab.unitn.it\/wp-content\/uploads\/nfs\/DiCoMat\/probabilit%C3%A0\/ProveRipetute\/TavolaGalton.pdf\">TavolaGalton<\/a>.<\/p>\n<p>Link al simulatore: <a href=\"http:\/\/cirdis.stat.unipg.it\/files\/macchina_galton\/macchina_galton\/esperimento.htm\">CIRDIS<\/a>.<\/p>\n<p><a href=\"http:\/\/cirdis.stat.unipg.it\/files\/macchina_galton\/macchina_galton\/esperimento.htm\"><img loading=\"lazy\" decoding=\"async\" class=\" wp-image-144 aligncenter\" src=\"https:\/\/edulab.unitn.it\/dicomat\/wp-content\/uploads\/sites\/12\/2016\/11\/Simulazione-300x250.jpg\" alt=\"simulazione\" width=\"353\" height=\"294\" srcset=\"https:\/\/edulab.unitn.it\/dicomat\/wp-content\/uploads\/sites\/12\/2016\/11\/Simulazione-300x250.jpg 300w, https:\/\/edulab.unitn.it\/dicomat\/wp-content\/uploads\/sites\/12\/2016\/11\/Simulazione-768x641.jpg 768w, https:\/\/edulab.unitn.it\/dicomat\/wp-content\/uploads\/sites\/12\/2016\/11\/Simulazione.jpg 1019w\" sizes=\"auto, (max-width: 353px) 100vw, 353px\" \/><\/a><\/p>\n<p><strong>Riassumendo&#8230;<\/strong><\/p>\n<p>La distribuzione delle palline cadute \u00e8 analoga al grafico della distribuzione di probabilit\u00e0 relativa al numero di successi su <em>n<\/em> prove (esaminato negli <a href=\"https:\/\/edulab.unitn.it\/dicomat\/modello-delle-prove-ripetute\/esperimenti-numerici\/\">esperimenti numerici<\/a>). Attraverso opportune considerazioni si pu\u00f2 mostrare che la tavola di Galton costituisce un vero e proprio\u00a0modello materiale dello schema delle prove ripetute.<\/p>\n","protected":false},"excerpt":{"rendered":"<p>Modalit\u00e0 d&#8217;uso per il docente Come approfondimento si pu\u00f2 utilizzare un simulatore che riproduce la tavola di Galton. Il materiale proposto \u00e8 una traccia per il docente e costituisce una possibile guida per una lezione partecipata. Link al file completo: TavolaGalton. Link al simulatore: CIRDIS. Riassumendo&#8230; La distribuzione delle palline cadute \u00e8 analoga al grafico &hellip; <a href=\"https:\/\/edulab.unitn.it\/dicomat\/probabilita\/modello-delle-prove-ripetute\/approfondimento-la-tavola-di-galton\/\" class=\"more-link\">Continua a leggere <span class=\"screen-reader-text\">Approfondimento: la tavola di Galton<\/span><\/a><\/p>\n","protected":false},"author":872,"featured_media":0,"parent":25,"menu_order":5,"comment_status":"closed","ping_status":"closed","template":"","meta":{"footnotes":""},"class_list":["post-141","page","type-page","status-publish","hentry"],"_links":{"self":[{"href":"https:\/\/edulab.unitn.it\/dicomat\/wp-json\/wp\/v2\/pages\/141","targetHints":{"allow":["GET"]}}],"collection":[{"href":"https:\/\/edulab.unitn.it\/dicomat\/wp-json\/wp\/v2\/pages"}],"about":[{"href":"https:\/\/edulab.unitn.it\/dicomat\/wp-json\/wp\/v2\/types\/page"}],"author":[{"embeddable":true,"href":"https:\/\/edulab.unitn.it\/dicomat\/wp-json\/wp\/v2\/users\/872"}],"replies":[{"embeddable":true,"href":"https:\/\/edulab.unitn.it\/dicomat\/wp-json\/wp\/v2\/comments?post=141"}],"version-history":[{"count":9,"href":"https:\/\/edulab.unitn.it\/dicomat\/wp-json\/wp\/v2\/pages\/141\/revisions"}],"predecessor-version":[{"id":2074,"href":"https:\/\/edulab.unitn.it\/dicomat\/wp-json\/wp\/v2\/pages\/141\/revisions\/2074"}],"up":[{"embeddable":true,"href":"https:\/\/edulab.unitn.it\/dicomat\/wp-json\/wp\/v2\/pages\/25"}],"wp:attachment":[{"href":"https:\/\/edulab.unitn.it\/dicomat\/wp-json\/wp\/v2\/media?parent=141"}],"curies":[{"name":"wp","href":"https:\/\/api.w.org\/{rel}","templated":true}]}}