{"id":1436,"date":"2017-06-22T10:12:35","date_gmt":"2017-06-22T08:12:35","guid":{"rendered":"https:\/\/edulab.unitn.it\/dicomat\/?page_id=1436"},"modified":"2021-05-25T10:09:24","modified_gmt":"2021-05-25T08:09:24","slug":"reti-minime","status":"publish","type":"page","link":"https:\/\/edulab.unitn.it\/dicomat\/geometria-ss-i-g\/reti-minime\/","title":{"rendered":"Percorsi minimi"},"content":{"rendered":"<p>In questa pagina viene descritta un&#8217;attivit\u00e0 laboratoriale sulle reti minime per la scuola secondaria di primo grado che ripropone, con delle modifiche, l&#8217;attivit\u00e0 descritta nel libro\u00a0\u00a0\u2013 Problemi di massimo e di minimo &#8211; Quaderni di laboratorio di Domenico Luminati e Italo Tamanini- Edizioni Mimesis 2009.<\/p>\n<p>&nbsp;<\/p>\n<p><strong>LA METODOLOGIA<\/strong><\/p>\n<p>L&#8217;attivit\u00e0 riportata su questa pagina \u00e8 \u00a0laboratoriale di tipo manipolativo, da svolgersi con l&#8217;utilizzo di schede guidate, in gruppi di lavoro, il pi\u00f9 omogenei possibile, composti da 4-5 studenti. Sono inoltre state pensate in modo tale da favorire la scrittura con l\u2019obbiettivo di sviluppare nel ragazzo un adeguato linguaggio matematico. Viene fatto un ampio uso di artefatti e nella sperimentazione di tali laboratori si \u00e8 cercato di favorire la discussione matematica riducendo al minimo gli interventi frontali. Si \u00e8 cercato anche\u00a0di sviluppare gli argomenti tenendo conto di una loro articolazione in un curricolo verticale.<\/p>\n<p>&nbsp;<\/p>\n<p><strong>L&#8217;ATTIVIT\u00c0<\/strong><\/p>\n<p><strong>Durata minima:<\/strong>\u00a04<b>\u00a0<\/b>ore<\/p>\n<p>La durata del laboratorio che viene indicata \u00e8 da intendersi come una stima dato che dipender\u00e0 dall&#8217;insegnante scegliere se e quali punti dell\u2019attivit\u00e0 approfondire. Inoltre il tempo di esecuzione dipende da molti altri fattori tra i quali il livello della classe, l\u2019ambiente di lavoro che si instaura e l\u2019orario scolastico di cui si dispone<\/p>\n<p><strong>Collocazione nel curricolo<\/strong><\/p>\n<p>Questo laboratorio \u00e8 rivolto alle classi terze delle scuole secondarie di primo grado e al primo biennio delle scuole secondarie di secondo grado<\/p>\n<p><strong>Obbiettivi<\/strong><\/p>\n<p>Studiare le reti minime che collegano dei punti del piano, lavorare con le figure geometriche piane quali il triangolo e il quadrato e applicare le loro propriet\u00e0, confrontare numeri, lavorare con i numeri irrazionali. Oltre agli obbiettivi gi\u00e0 elencati si vogliono perseguire anche i seguenti obbiettivi trasversali: stimolare la collaborazione e la condivisione del sapere, esercitarsi nella misura di oggetti, sviluppare un linguaggio matematico appropriato e abituare i ragazzi a comunicare i loro procedimenti risolutivi.<\/p>\n<p><strong>Descrizione\u00a0<\/strong><\/p>\n<p>FASE 1: TRIANGOLO EQUILATERO<\/p>\n<p><a href=\"https:\/\/edulab.unitn.it\/cloud\/index.php\/s\/dicomat\/download?path=%2FReti%20minime&amp;files=modellino_triangolo.jpg\"><img loading=\"lazy\" decoding=\"async\" class=\"wp-image-1442 alignleft\" src=\"https:\/\/edulab.unitn.it\/dicomat\/wp-content\/uploads\/sites\/12\/2017\/06\/modellino_triangolo-300x259.jpg\" alt=\"\" width=\"188\" height=\"162\" srcset=\"https:\/\/edulab.unitn.it\/dicomat\/wp-content\/uploads\/sites\/12\/2017\/06\/modellino_triangolo-300x259.jpg 300w, https:\/\/edulab.unitn.it\/dicomat\/wp-content\/uploads\/sites\/12\/2017\/06\/modellino_triangolo-768x664.jpg 768w, https:\/\/edulab.unitn.it\/dicomat\/wp-content\/uploads\/sites\/12\/2017\/06\/modellino_triangolo-1024x885.jpg 1024w\" sizes=\"auto, (max-width: 188px) 100vw, 188px\" \/><\/a>I ragazzi, con della corda, devono collegare i tre occhioli di un modellino di compensato che rappresentano tre citt\u00e0 poste ai vertici di un triangolo equilatero, cercando di rendere il percorso il pi\u00f9 breve possibile. Una volta fatta la loro ipotesi, cio\u00e8 trovata quella che secondo loro \u00e8 la rete minima, la verificano utilizzando le lamine di sapone. Infine, con una discussione mediata e con l&#8217;utilizzo di un file geogebra, viene data una dimostrazione intuitiva del fatto che la rete minima \u00e8 quella disegnata dalla lamina di sapone.<\/p>\n<p><a href=\"https:\/\/edulab.unitn.it\/cloud\/index.php\/s\/dicomat\/download?path=%2FReti%20minime&amp;files=geogebra_triangolo_con_funzione.PNG\"><img loading=\"lazy\" decoding=\"async\" class=\"wp-image-1444 aligncenter\" src=\"https:\/\/edulab.unitn.it\/dicomat\/wp-content\/uploads\/sites\/12\/2017\/06\/geogebra_triangolo_con_funzione-300x153.png\" alt=\"\" width=\"467\" height=\"238\" srcset=\"https:\/\/edulab.unitn.it\/dicomat\/wp-content\/uploads\/sites\/12\/2017\/06\/geogebra_triangolo_con_funzione-300x153.png 300w, https:\/\/edulab.unitn.it\/dicomat\/wp-content\/uploads\/sites\/12\/2017\/06\/geogebra_triangolo_con_funzione-768x392.png 768w, https:\/\/edulab.unitn.it\/dicomat\/wp-content\/uploads\/sites\/12\/2017\/06\/geogebra_triangolo_con_funzione-1024x523.png 1024w, https:\/\/edulab.unitn.it\/dicomat\/wp-content\/uploads\/sites\/12\/2017\/06\/geogebra_triangolo_con_funzione.png 1352w\" sizes=\"auto, (max-width: 467px) 100vw, 467px\" \/><\/a><\/p>\n<p>FASE 2: TRIANGOLO RETTANGOLO<\/p>\n<p>Questa fase vede i ragazzi impegnati nel ricercare la rete minima che collega tre punti posti ai vertici di un triangolo rettangolo. Anche in questo caso utilizzano prima il modellino di compensato e poi le lamine di sapone.<\/p>\n<p>FASE 3: QUADRATO<\/p>\n<p><a href=\"https:\/\/edulab.unitn.it\/cloud\/index.php\/s\/dicomat\/download?path=%2FReti%20minime&amp;files=lamina_quadrato.jpg\"><img loading=\"lazy\" decoding=\"async\" class=\" wp-image-1443 alignright\" src=\"https:\/\/edulab.unitn.it\/dicomat\/wp-content\/uploads\/sites\/12\/2017\/06\/lamina_quadrato-288x300.jpg\" alt=\"\" width=\"186\" height=\"194\" srcset=\"https:\/\/edulab.unitn.it\/dicomat\/wp-content\/uploads\/sites\/12\/2017\/06\/lamina_quadrato-288x300.jpg 288w, https:\/\/edulab.unitn.it\/dicomat\/wp-content\/uploads\/sites\/12\/2017\/06\/lamina_quadrato-768x800.jpg 768w, https:\/\/edulab.unitn.it\/dicomat\/wp-content\/uploads\/sites\/12\/2017\/06\/lamina_quadrato-982x1024.jpg 982w, https:\/\/edulab.unitn.it\/dicomat\/wp-content\/uploads\/sites\/12\/2017\/06\/lamina_quadrato.jpg 1917w\" sizes=\"auto, (max-width: 186px) 100vw, 186px\" \/><\/a>L&#8217;ultima fase dell&#8217;attivit\u00e0 vede i ragazzi impegnati nella ricerca della rete minima che collega quattro citt\u00e0 poste ai vertici di un quadrato. Sempre utilizzando il modellino in compensato e della corda cercano, andando per tentativi, il percorso pi\u00f9 breve. Infine verificano il risultato con le lamine di sapone e, con una discussione mediata, utilizzando i numeri irrazionali verificano che la lunghezza del percorso trovato \u00e8 minore di quella degli altri.<\/p>\n<p><span style=\"text-decoration: underline\">Nota: nel box download \u00e8 presente una descrizione pi\u00f9 dettagliata del laboratorio<\/span><\/p>\n<p>&nbsp;<\/p>\n<p><strong>Materiali<\/strong><\/p>\n<ul>\n<li>schede guida per lo studente fornite dall&#8217;insegnante presenti nel box download (una copia per ragazzo)<\/li>\n<li>Modellino di compensato 60 cm* 60 cm con occhioli ai vertici di un triangolo equilatero e di un quadrato<\/li>\n<li>Corda: circa 20 metri per gruppo di lavoro<\/li>\n<li>1 bacinella per gruppo di lavoro<\/li>\n<li>1 lastrina trasparente con 3 perni a triangolo equilatero per gruppo di lavoro<\/li>\n<li>1 lastrina trasparente con 4 perni a quadrato per gruppo di lavoro<\/li>\n<li>1 lastrina trasparente con 4 perni a \u201cT\u201d per gruppo di lavoro<\/li>\n<li>1 righello plastificato per gruppo di lavoro<\/li>\n<li>2 indicatori di angoli a per gruppo di lavoro<\/li>\n<li>1 serie di 4 tessere sulle possibili reti del triangolo equilatero (gialle) per gruppo di lavoro<\/li>\n<li>1 serie di 9 tessere sulle possibili reti del quadrato (rosse) per gruppo di lavoro<\/li>\n<li>1 lastrina trasparente con 5 perni a pentagono<\/li>\n<li>1 lastrina trasparente con 6 perni ad esagono<\/li>\n<li>Telai per bolle a cerchio, quadrato e cuore<\/li>\n<li>File geogebra per la rete minima del triangolo equilatero (presente nel box download)<\/li>\n<li>Stecca da 50 cm, squadre, matite, post-it e cancelleria varia<\/li>\n<\/ul>\n<p>&nbsp;<\/p>\n<table style=\"background-color: #b1f2a7\">\n<tbody>\n<tr>\n<td style=\"text-align: center;width: 644px\">\n<p style=\"text-align: left\"><strong>DOWNLOAD<\/strong><\/p>\n<p style=\"text-align: left\">Descrizione del laboratorio: <a href=\"https:\/\/edulab.unitn.it\/wp-content\/uploads\/nfs\/DiCoMat\/Reti%20minime\/reti_minime_23_06.pdf\">Laboratorio<\/a><\/p>\n<p style=\"text-align: left\">Schede guida per lo studente: <a href=\"https:\/\/edulab.unitn.it\/wp-content\/uploads\/nfs\/DiCoMat\/Reti%20minime\/scheda_reti_minime_06_06.pdf\">Schede<\/a><\/p>\n<p style=\"text-align: left\">Link al file geogebra: <a href=\"https:\/\/www.geogebra.org\/worksheet\/edit\/id\/Rgnwk38p\">https:\/\/www.geogebra.org\/worksheet\/edit\/id\/Rgnwk38p<\/a><\/p>\n<\/td>\n<\/tr>\n<\/tbody>\n<\/table>\n","protected":false},"excerpt":{"rendered":"<p>In questa pagina viene descritta un&#8217;attivit\u00e0 laboratoriale sulle reti minime per la scuola secondaria di primo grado che ripropone, con delle modifiche, l&#8217;attivit\u00e0 descritta nel libro\u00a0\u00a0\u2013 Problemi di massimo e di minimo &#8211; Quaderni di laboratorio di Domenico Luminati e Italo Tamanini- Edizioni Mimesis 2009. &nbsp; LA METODOLOGIA L&#8217;attivit\u00e0 riportata su questa pagina \u00e8 \u00a0laboratoriale &hellip; <a href=\"https:\/\/edulab.unitn.it\/dicomat\/geometria-ss-i-g\/reti-minime\/\" class=\"more-link\">Continua a leggere <span class=\"screen-reader-text\">Percorsi minimi<\/span><\/a><\/p>\n","protected":false},"author":1065,"featured_media":0,"parent":811,"menu_order":0,"comment_status":"closed","ping_status":"closed","template":"","meta":{"footnotes":""},"class_list":["post-1436","page","type-page","status-publish","hentry"],"_links":{"self":[{"href":"https:\/\/edulab.unitn.it\/dicomat\/wp-json\/wp\/v2\/pages\/1436","targetHints":{"allow":["GET"]}}],"collection":[{"href":"https:\/\/edulab.unitn.it\/dicomat\/wp-json\/wp\/v2\/pages"}],"about":[{"href":"https:\/\/edulab.unitn.it\/dicomat\/wp-json\/wp\/v2\/types\/page"}],"author":[{"embeddable":true,"href":"https:\/\/edulab.unitn.it\/dicomat\/wp-json\/wp\/v2\/users\/1065"}],"replies":[{"embeddable":true,"href":"https:\/\/edulab.unitn.it\/dicomat\/wp-json\/wp\/v2\/comments?post=1436"}],"version-history":[{"count":21,"href":"https:\/\/edulab.unitn.it\/dicomat\/wp-json\/wp\/v2\/pages\/1436\/revisions"}],"predecessor-version":[{"id":2115,"href":"https:\/\/edulab.unitn.it\/dicomat\/wp-json\/wp\/v2\/pages\/1436\/revisions\/2115"}],"up":[{"embeddable":true,"href":"https:\/\/edulab.unitn.it\/dicomat\/wp-json\/wp\/v2\/pages\/811"}],"wp:attachment":[{"href":"https:\/\/edulab.unitn.it\/dicomat\/wp-json\/wp\/v2\/media?parent=1436"}],"curies":[{"name":"wp","href":"https:\/\/api.w.org\/{rel}","templated":true}]}}