{"id":1682,"date":"2017-12-23T10:29:09","date_gmt":"2017-12-23T09:29:09","guid":{"rendered":"https:\/\/edulab.unitn.it\/dicomat\/?page_id=1682"},"modified":"2025-09-26T09:44:50","modified_gmt":"2025-09-26T07:44:50","slug":"capitolo-5","status":"publish","type":"page","link":"https:\/\/edulab.unitn.it\/dicomat\/probabilita\/mettiamo-in-gioco-la-probabilita\/capitolo-5\/","title":{"rendered":"CAPITOLO 5"},"content":{"rendered":"<h2>Pensare in termini elementari&#8230; legge della moltiplicazione<\/h2>\n<p>Nei capitoli precedenti abbiamo discusso e risolto vari problemi, interpretando spesso la situazione mediante lo schema classico, e valutando dunque la probabilit\u00e0 come rapporto tra il numero dei casi \u201cfavorevoli\u201d e quello dei \u201ccasi possibili\u201d. Gli strumenti probabilistici introdotti si sono rivelati dunque efficaci; ma non bastano per interpretare situazioni pi\u00f9 articolate.<br \/>\n\u00c8 dunque per arricchire il Percorso che introdurremo in questo capitolo la legge della moltiplicazione e fisseremo l\u2019attenzione sulla probabilit\u00e0 dell\u2019evento complementare.<br \/>\nL\u2019idea sottesa agli strumenti matematici che ci apprestiamo ad introdurre \u00e8 di interpretare gli eventi in termini di eventi pi\u00f9 elementari, dei quali sia pi\u00f9 semplice valutare la probabilit\u00e0. Proprio allo sviluppo di questa abilit\u00e0 interpretativa daremo rilevanza, perch\u00e9 in essa e nell\u2019abilit\u00e0 di esprimere gli eventi mediante registri diversi, prima che nei risultati, risiede la valenza didattica delle attivit\u00e0 che proporremo nel capitolo.<\/p>\n<h4>5.1 Unione<\/h4>\n<div dir=\"ltr\">\n<p><em>L&#8217;idea \u00e8 di iniziare con la discussione di una semplice situazione, come quella che segue&#8230;\u00a0<\/em><\/p>\n<\/div>\n<table style=\"background-color: #b4def0\">\n<tbody>\n<tr>\n<td><em>Se alla roulette punto su un numero pari o nero, qual \u00e8 la probabilit\u00e0 che io vinca?<\/em><\/td>\n<\/tr>\n<\/tbody>\n<\/table>\n<div dir=\"ltr\">\n<div><em>E lasciare spazio agli interventi degli studenti, per poi investigare la relazione tra le probabilit\u00e0 di due eventi e la probabilit\u00e0 dalla loro unione.<\/em><\/div>\n<\/div>\n<p><img loading=\"lazy\" decoding=\"async\" class=\" wp-image-1728 aligncenter\" src=\"https:\/\/edulab.unitn.it\/dicomat\/wp-content\/uploads\/sites\/12\/2017\/12\/roulette-1003120_960_720-300x200.jpg\" alt=\"\" width=\"266\" height=\"177\" srcset=\"https:\/\/edulab.unitn.it\/dicomat\/wp-content\/uploads\/sites\/12\/2017\/12\/roulette-1003120_960_720-300x200.jpg 300w, https:\/\/edulab.unitn.it\/dicomat\/wp-content\/uploads\/sites\/12\/2017\/12\/roulette-1003120_960_720-768x512.jpg 768w, https:\/\/edulab.unitn.it\/dicomat\/wp-content\/uploads\/sites\/12\/2017\/12\/roulette-1003120_960_720.jpg 960w\" sizes=\"auto, (max-width: 266px) 100vw, 266px\" \/><\/p>\n<table style=\"background-color: #b1f2a7\">\n<tbody>\n<tr>\n<td>\n<p style=\"text-align: left\"><strong>DOWNLOAD\u00a0 \u00a0 \u00a0 \u00a0<\/strong><\/p>\n<p style=\"text-align: left\"><a href=\"https:\/\/edulab.unitn.it\/wp-content\/uploads\/nfs\/DiCoMat\/probabilit%C3%A0\/LibroProbabilit%C3%A0\/5_Probabilit%C3%A0EventiNoElementari\/5.1.pdf\">Testo\u00a0<i class=\"icon-download-alt\"><\/i> <\/a><\/p>\n<\/td>\n<\/tr>\n<\/tbody>\n<\/table>\n<h4>5.2 Complementare<\/h4>\n<p><em>Si prosegue con l&#8217;esplorazione di una situazione motivante&#8230;<\/em><\/p>\n<table style=\"background-color: #b4def0\">\n<tbody>\n<tr>\n<td><em>Lanciamo tre dadi \u201conesti\u201d che hanno le facce numerate da 1 a 6. Qual \u00e8 la probabilit\u00e0 che il punteggio (somma dei tre numeri usciti) sia almeno \u201c5\u201d?<\/em><\/td>\n<\/tr>\n<\/tbody>\n<\/table>\n<p><em>Gli studenti si dovrebbero presto accorgere che vi sono molti casi da esaminare e raccogliere cos\u00ec il suggerimento di considerare l&#8217;evento complementare.<\/em><\/p>\n<p><img loading=\"lazy\" decoding=\"async\" class=\" wp-image-1729 aligncenter\" src=\"https:\/\/edulab.unitn.it\/dicomat\/wp-content\/uploads\/sites\/12\/2017\/12\/roll-the-dice-1502706_960_720-300x200.jpg\" alt=\"\" width=\"273\" height=\"182\" srcset=\"https:\/\/edulab.unitn.it\/dicomat\/wp-content\/uploads\/sites\/12\/2017\/12\/roll-the-dice-1502706_960_720-300x200.jpg 300w, https:\/\/edulab.unitn.it\/dicomat\/wp-content\/uploads\/sites\/12\/2017\/12\/roll-the-dice-1502706_960_720-768x512.jpg 768w, https:\/\/edulab.unitn.it\/dicomat\/wp-content\/uploads\/sites\/12\/2017\/12\/roll-the-dice-1502706_960_720.jpg 960w\" sizes=\"auto, (max-width: 273px) 100vw, 273px\" \/><\/p>\n<table style=\"background-color: #b1f2a7;width: 100%;height: 168px\">\n<tbody>\n<tr style=\"height: 168px\">\n<td style=\"height: 168px\">\n<p style=\"text-align: left\"><strong>DOWNLOAD\u00a0 \u00a0 \u00a0 \u00a0<\/strong><\/p>\n<p style=\"text-align: left\"><a href=\"https:\/\/edulab.unitn.it\/wp-content\/uploads\/nfs\/DiCoMat\/probabilit%C3%A0\/LibroProbabilit%C3%A0\/5_Probabilit%C3%A0EventiNoElementari\/5.2.pdf\">Testo\u00a0<i class=\"icon-download-alt\"><\/i><\/a><\/p>\n<p><a href=\"https:\/\/edulab.unitn.it\/wp-content\/uploads\/nfs\/DiCoMat\/probabilit%C3%A0\/LibroProbabilit%C3%A0\/5_Probabilit%C3%A0EventiNoElementari\/5A1.pdf\">Quesiti svolti\u00a0<i class=\"icon-download-alt\"><\/i><\/a><\/td>\n<\/tr>\n<\/tbody>\n<\/table>\n<h4>5.3 Legge della moltiplicazione<\/h4>\n<p><em>Al solito, preferiamo motivare l\u2019introduzione della legge della moltiplicazione mediante la discussione di problemi, quali la valutazione della probabilit\u00e0 d&#8217;errore di un test diagnostico. Comunque per costruire il risultato lavoreremo in un contesto pi\u00f9 elementare, quello delle estrazioni da un&#8217;urna, che pu\u00f2 modellizzare quasi tutte le situazioni in cui interviene la probabilit\u00e0 nel primo biennio della scuola secondaria di secondo grado.\u00a0<\/em><\/p>\n<p><strong><img loading=\"lazy\" decoding=\"async\" class=\" wp-image-1715 alignright\" src=\"https:\/\/edulab.unitn.it\/dicomat\/wp-content\/uploads\/sites\/12\/2017\/12\/lottery-146318_960_720-275x300.png\" alt=\"\" width=\"112\" height=\"122\" srcset=\"https:\/\/edulab.unitn.it\/dicomat\/wp-content\/uploads\/sites\/12\/2017\/12\/lottery-146318_960_720-275x300.png 275w, https:\/\/edulab.unitn.it\/dicomat\/wp-content\/uploads\/sites\/12\/2017\/12\/lottery-146318_960_720.png 660w\" sizes=\"auto, (max-width: 112px) 100vw, 112px\" \/>Aspetti affrontati<\/strong><\/p>\n<ul>\n<li style=\"margin-left: 20px\"><i>Un problema modello: l&#8217;urna con reinserimento<\/i><\/li>\n<li style=\"margin-left: 20px\"><em>Un ulteriore problema modello: l\u2019urna senza reinserimento<\/em><\/li>\n<li style=\"margin-left: 20px\"><em>Un\u2019altra giustificazione della Legge *<\/em><\/li>\n<li style=\"margin-left: 20px\"><em>Legge della moltiplicazione \u2013 Facciamo il punto<\/em><\/li>\n<\/ul>\n<p>&nbsp;<\/p>\n<table style=\"background-color: #b1f2a7\">\n<tbody>\n<tr>\n<td>\n<p style=\"text-align: left\"><strong>DOWNLOAD\u00a0 \u00a0 \u00a0 \u00a0<\/strong><\/p>\n<p style=\"text-align: left\"><a href=\"https:\/\/edulab.unitn.it\/wp-content\/uploads\/nfs\/DiCoMat\/probabilit%C3%A0\/LibroProbabilit%C3%A0\/5_Probabilit%C3%A0EventiNoElementari\/5.3.pdf\">Testo\u00a0<i class=\"icon-download-alt\"><\/i><\/a><\/p>\n<p><a href=\"https:\/\/edulab.unitn.it\/wp-content\/uploads\/nfs\/DiCoMat\/probabilit%C3%A0\/LibroProbabilit%C3%A0\/5_Probabilit%C3%A0EventiNoElementari\/5Punto.pdf\">Scheda per lo studente\u00a0<i class=\"icon-download-alt\"><\/i><\/a><\/td>\n<\/tr>\n<\/tbody>\n<\/table>\n<h4>5.4 Alcune osservazioni per il docente<\/h4>\n<p><em>La sezione \u00e8 rivolta al docente e approfondisce vari aspetti introdotti nel paragrafo precedente, sia dal punto di vista epistemologico che didattico. L&#8217;intento \u00e8 di fornire elementi per operare scelte consapevoli e interpretare criticamente quanto propongono i libri di testo.<\/em><\/p>\n<p><strong><img loading=\"lazy\" decoding=\"async\" class=\" wp-image-1724 alignright\" src=\"https:\/\/edulab.unitn.it\/dicomat\/wp-content\/uploads\/sites\/12\/2017\/12\/males-2322822_960_720-1-300x300.jpg\" alt=\"\" width=\"173\" height=\"173\" srcset=\"https:\/\/edulab.unitn.it\/dicomat\/wp-content\/uploads\/sites\/12\/2017\/12\/males-2322822_960_720-1-300x300.jpg 300w, https:\/\/edulab.unitn.it\/dicomat\/wp-content\/uploads\/sites\/12\/2017\/12\/males-2322822_960_720-1-150x150.jpg 150w, https:\/\/edulab.unitn.it\/dicomat\/wp-content\/uploads\/sites\/12\/2017\/12\/males-2322822_960_720-1.jpg 720w\" sizes=\"auto, (max-width: 173px) 100vw, 173px\" \/>Aspetti affrontati<\/strong><\/p>\n<ul>\n<li style=\"margin-left: 20px\"><i>Indipendenza tra eventi<\/i><\/li>\n<li style=\"margin-left: 20px\"><em>La notazione p(A|B)<\/em><\/li>\n<li style=\"margin-left: 20px\"><em>Come applicare la legge della moltiplicazione?<\/em><\/li>\n<li style=\"margin-left: 20px\"><em>La formula\u00a0 \u00a0p(B)\u00a0\u00b7 p(A|B) = p (A \u2229 B)\u00a0<\/em><\/li>\n<\/ul>\n<p>&nbsp;<\/p>\n<table style=\"background-color: #b1f2a7\">\n<tbody>\n<tr>\n<td>\n<p style=\"text-align: left\"><strong>DOWNLOAD\u00a0 \u00a0 \u00a0 \u00a0<\/strong><\/p>\n<p style=\"text-align: left\"><a href=\"https:\/\/edulab.unitn.it\/wp-content\/uploads\/nfs\/DiCoMat\/probabilit%C3%A0\/LibroProbabilit%C3%A0\/5_Probabilit%C3%A0EventiNoElementari\/5.4.pdf\">Testo\u00a0<i class=\"icon-download-alt\"><\/i><\/a><\/p>\n<\/td>\n<\/tr>\n<\/tbody>\n<\/table>\n<h4>5.5 Consolidamento<\/h4>\n<p><em>Prima di affrontare questioni pi\u00f9 impegnative \u00e8 opportuno che gli studenti sviluppino abilit\u00e0 operative. Pertanto proponiamo alcuni quesiti significati e una loro risoluzione completa.<\/em><\/p>\n<p><strong><img loading=\"lazy\" decoding=\"async\" class=\" wp-image-1801 alignright\" src=\"https:\/\/edulab.unitn.it\/dicomat\/wp-content\/uploads\/sites\/12\/2018\/01\/bitcoin-2714191_960_720-300x300.jpg\" alt=\"\" width=\"122\" height=\"122\" srcset=\"https:\/\/edulab.unitn.it\/dicomat\/wp-content\/uploads\/sites\/12\/2018\/01\/bitcoin-2714191_960_720-300x300.jpg 300w, https:\/\/edulab.unitn.it\/dicomat\/wp-content\/uploads\/sites\/12\/2018\/01\/bitcoin-2714191_960_720-150x150.jpg 150w, https:\/\/edulab.unitn.it\/dicomat\/wp-content\/uploads\/sites\/12\/2018\/01\/bitcoin-2714191_960_720.jpg 720w\" sizes=\"auto, (max-width: 122px) 100vw, 122px\" \/>Aspetti affrontati<\/strong><\/p>\n<ul>\n<li style=\"margin-left: 20px\"><i>Problema degli interruttori<\/i><\/li>\n<li style=\"margin-left: 20px\"><em>Problema dei cacciatori<\/em><\/li>\n<li style=\"margin-left: 20px\"><em>Problema delle lampadine<\/em><\/li>\n<li style=\"margin-left: 20px\"><em>Problema del quadrigetto<\/em><\/li>\n<\/ul>\n<p>&nbsp;<\/p>\n<table style=\"background-color: #b1f2a7\">\n<tbody>\n<tr>\n<td>\n<p style=\"text-align: left\"><strong>DOWNLOAD\u00a0 \u00a0 \u00a0 \u00a0<\/strong><\/p>\n<p style=\"text-align: left\"><a href=\"https:\/\/edulab.unitn.it\/wp-content\/uploads\/nfs\/DiCoMat\/probabilit%C3%A0\/LibroProbabilit%C3%A0\/5_Probabilit%C3%A0EventiNoElementari\/5.5.pdf\">Testo\u00a0<i class=\"icon-download-alt\"><\/i><\/a><\/p>\n<p><a href=\"https:\/\/edulab.unitn.it\/wp-content\/uploads\/nfs\/DiCoMat\/probabilit%C3%A0\/LibroProbabilit%C3%A0\/5_Probabilit%C3%A0EventiNoElementari\/5A2.pdf\">Quesiti svolti\u00a0<i class=\"icon-download-alt\"><\/i><\/a><\/td>\n<\/tr>\n<\/tbody>\n<\/table>\n<h4>5.6 Torniamo ai problemi iniziali<\/h4>\n<p><em>A questo punto gli studenti dovrebbero disporre degli strumenti matematici per rispondere alle questioni proposte all\u2019inizio del percorso nonch\u00e9 per esaminarle criticamente.\u00a0La risoluzione \u00e8 accompagnata da commenti, video, esplorazioni con il software&#8230; per favorire una comprensione pi\u00f9 profonda delle situazioni esaminate e permettere cos\u00ec ai ragazzi di prendere decisioni consapevoli.<\/em><\/p>\n<p><strong><img loading=\"lazy\" decoding=\"async\" class=\" wp-image-1733 alignright\" src=\"https:\/\/edulab.unitn.it\/dicomat\/wp-content\/uploads\/sites\/12\/2017\/12\/white-male-1834100_960_720-300x300.jpg\" alt=\"\" width=\"127\" height=\"127\" srcset=\"https:\/\/edulab.unitn.it\/dicomat\/wp-content\/uploads\/sites\/12\/2017\/12\/white-male-1834100_960_720-300x300.jpg 300w, https:\/\/edulab.unitn.it\/dicomat\/wp-content\/uploads\/sites\/12\/2017\/12\/white-male-1834100_960_720-150x150.jpg 150w, https:\/\/edulab.unitn.it\/dicomat\/wp-content\/uploads\/sites\/12\/2017\/12\/white-male-1834100_960_720.jpg 720w\" sizes=\"auto, (max-width: 127px) 100vw, 127px\" \/>Aspetti affrontati<\/strong><\/p>\n<ul>\n<li style=\"margin-left: 20px\"><em>Regolarit\u00e0<\/em><\/li>\n<li style=\"margin-left: 20px\"><em>Compensazione<\/em><\/li>\n<li style=\"margin-left: 20px\"><em>Numeri ritardatari<\/em><\/li>\n<li style=\"margin-left: 20px\"><em>Test clinici<\/em><\/li>\n<\/ul>\n<p>&nbsp;<\/p>\n<table style=\"background-color: #b1f2a7\">\n<tbody>\n<tr>\n<td>\n<p style=\"text-align: left\"><strong>DOWNLOAD\u00a0 \u00a0 \u00a0 \u00a0<\/strong><\/p>\n<p style=\"text-align: left\"><a href=\"https:\/\/edulab.unitn.it\/wp-content\/uploads\/nfs\/DiCoMat\/probabilit%C3%A0\/LibroProbabilit%C3%A0\/5_Probabilit%C3%A0EventiNoElementari\/5.6.pdf\">Testo\u00a0<i class=\"icon-download-alt\"><\/i><\/a><\/p>\n<p><a href=\"https:\/\/edulab.unitn.it\/wp-content\/uploads\/nfs\/DiCoMat\/probabilit%C3%A0\/LibroProbabilit%C3%A0\/5_Probabilit%C3%A0EventiNoElementari\/MoneteRitardatarieConsecutive.xlsm\">MoneteRitardatarieConsecutive.xlsm\u00a0<i class=\"icon-download-alt\"><\/i>\u00a0<\/a>\u00a0\u00a0 <a href=\"https:\/\/edulab.unitn.it\/wp-content\/uploads\/nfs\/DiCoMat\/probabilit%C3%A0\/LibroProbabilit%C3%A0\/5_Probabilit%C3%A0EventiNoElementari\/5A3.pdf\">Scheda di lavoro\u00a0<i class=\"icon-download-alt\"><\/i><\/a><\/p>\n<p><a href=\"http:\/\/youtu.be\/N_sdkLtECps\">VideoTestClinici\u00a0\u00a0<i class=\"icon-download-alt\"><\/i>\u00a0<\/a><\/p>\n<p><a href=\"https:\/\/ggbm.at\/BVjSfDqq\">TestClinici.ggb\u00a0<i class=\"icon-download-alt\"><\/i><\/a>\u00a0 \u00a0<a href=\"https:\/\/edulab.unitn.it\/wp-content\/uploads\/nfs\/DiCoMat\/probabilit%C3%A0\/LibroProbabilit%C3%A0\/5_Probabilit%C3%A0EventiNoElementari\/5A4.pdf\">Quesiti svolti su test clinici\u00a0<i class=\"icon-download-alt\"><\/i><\/a><\/td>\n<\/tr>\n<\/tbody>\n<\/table>\n<h4>5.7 Contesti significativi<\/h4>\n<p><em>Gli strumenti matematici introdotti nei paragrafi precedenti, in particolare la legge della moltiplicazione, permettono di esaminare criticamente le situazioni interessanti che proponiamo di seguito. D\u2019altra parte, tali attivit\u00e0 consentono di chiarire ulteriormente il significato e la portata dei nuovi oggetti matematici.<\/em><\/p>\n<p><strong><img loading=\"lazy\" decoding=\"async\" class=\" wp-image-1717 alignright\" src=\"https:\/\/edulab.unitn.it\/dicomat\/wp-content\/uploads\/sites\/12\/2017\/12\/horizontal-2071302_960_720-300x300.jpg\" alt=\"\" width=\"102\" height=\"102\" srcset=\"https:\/\/edulab.unitn.it\/dicomat\/wp-content\/uploads\/sites\/12\/2017\/12\/horizontal-2071302_960_720-300x300.jpg 300w, https:\/\/edulab.unitn.it\/dicomat\/wp-content\/uploads\/sites\/12\/2017\/12\/horizontal-2071302_960_720-150x150.jpg 150w, https:\/\/edulab.unitn.it\/dicomat\/wp-content\/uploads\/sites\/12\/2017\/12\/horizontal-2071302_960_720.jpg 720w\" sizes=\"auto, (max-width: 102px) 100vw, 102px\" \/>Aspetti affrontati<\/strong><\/p>\n<ul>\n<li style=\"margin-left: 20px\"><em>Il daltonismo<\/em><\/li>\n<li style=\"margin-left: 20px\"><em>Un caso giudiziario diventato un classico<\/em><\/li>\n<\/ul>\n<p>&nbsp;<\/p>\n<table style=\"background-color: #b1f2a7\">\n<tbody>\n<tr>\n<td>\n<p style=\"text-align: left\"><strong>DOWNLOAD\u00a0 \u00a0 \u00a0 \u00a0<\/strong><\/p>\n<p style=\"text-align: left\"><a href=\"https:\/\/edulab.unitn.it\/wp-content\/uploads\/nfs\/DiCoMat\/probabilit%C3%A0\/LibroProbabilit%C3%A0\/5_Probabilit%C3%A0EventiNoElementari\/5.7.pdf\">Testo\u00a0<i class=\"icon-download-alt\"><\/i><\/a><\/p>\n<\/td>\n<\/tr>\n<\/tbody>\n<\/table>\n<h4>5.8\u00a0Un punto d\u2019arrivo: il problema dei compleanni<\/h4>\n<p><em>E&#8217; un problema classico che costituisce un punto d&#8217;arrivo per il percorso\u00a0di probabilit\u00e0 nel biennio. Una sua formulazione \u00e8 la seguente.<\/em><\/p>\n<table style=\"background-color: #b4def0\">\n<tbody>\n<tr>\n<td><em>Ti trovi ad una festa a cui partecipano 23 persone. Qual \u00e8 la probabilit\u00e0 che almeno due tra esse compiano gli anni in uno stesso giorno (anche se sono nate in anni diversi)?<\/em><\/td>\n<\/tr>\n<\/tbody>\n<\/table>\n<div dir=\"ltr\">\n<div><em>La questione offre l&#8217;occasione per discutere vari aspetti legati alla valutazione di probabilit\u00e0.<\/em><\/div>\n<\/div>\n<p><img loading=\"lazy\" decoding=\"async\" class=\" wp-image-1730 aligncenter\" src=\"https:\/\/edulab.unitn.it\/dicomat\/wp-content\/uploads\/sites\/12\/2017\/12\/birthday-2674863_960_720-226x300.png\" alt=\"\" width=\"161\" height=\"214\" srcset=\"https:\/\/edulab.unitn.it\/dicomat\/wp-content\/uploads\/sites\/12\/2017\/12\/birthday-2674863_960_720-226x300.png 226w, https:\/\/edulab.unitn.it\/dicomat\/wp-content\/uploads\/sites\/12\/2017\/12\/birthday-2674863_960_720.png 542w\" sizes=\"auto, (max-width: 161px) 100vw, 161px\" \/><\/p>\n<p><strong>Aspetti affrontati<\/strong><\/p>\n<ul>\n<li style=\"margin-left: 20px\"><em>Prima alcuni esperimenti<\/em><\/li>\n<li style=\"margin-left: 20px\"><em>La risoluzione<\/em><\/li>\n<li style=\"margin-left: 20px\"><em>Le ipotesi: la distribuzione delle nascite secondo l&#8217;Istat<\/em><\/li>\n<li style=\"margin-left: 20px\"><em>Perch\u00e9 la probabilit\u00e0 \u00e8 &#8220;grande&#8221;?<\/em><\/li>\n<\/ul>\n<p>&nbsp;<\/p>\n<div dir=\"ltr\">\n<div><\/div>\n<\/div>\n<table style=\"background-color: #b1f2a7\">\n<tbody>\n<tr>\n<td>\n<p style=\"text-align: left\"><strong>DOWNLOAD\u00a0 \u00a0 \u00a0 \u00a0<\/strong><\/p>\n<p style=\"text-align: left\"><a href=\"https:\/\/edulab.unitn.it\/wp-content\/uploads\/nfs\/DiCoMat\/probabilit%C3%A0\/LibroProbabilit%C3%A0\/5_Probabilit%C3%A0EventiNoElementari\/5.8.pdf\">Testo\u00a0<i class=\"icon-download-alt\"><\/i><\/a><\/p>\n<\/td>\n<\/tr>\n<\/tbody>\n<\/table>\n<h4>Appendice<\/h4>\n<p><em>Si riportano i materiali a cui si fa riferimento nel testo del paragrafo: alcuni esercizi, il testo di quesiti significativi e alcune attivit\u00e0 per gli studenti.<\/em><\/p>\n<p><strong>Aspetti affrontati<img loading=\"lazy\" decoding=\"async\" class=\" wp-image-1662 alignright\" src=\"https:\/\/edulab.unitn.it\/dicomat\/wp-content\/uploads\/sites\/12\/2017\/12\/courses-2318035_960_720-300x300.jpg\" alt=\"\" width=\"167\" height=\"167\" srcset=\"https:\/\/edulab.unitn.it\/dicomat\/wp-content\/uploads\/sites\/12\/2017\/12\/courses-2318035_960_720-300x300.jpg 300w, https:\/\/edulab.unitn.it\/dicomat\/wp-content\/uploads\/sites\/12\/2017\/12\/courses-2318035_960_720-150x150.jpg 150w, https:\/\/edulab.unitn.it\/dicomat\/wp-content\/uploads\/sites\/12\/2017\/12\/courses-2318035_960_720.jpg 720w\" sizes=\"auto, (max-width: 167px) 100vw, 167px\" \/><\/strong><\/p>\n<ul>\n<li style=\"margin-left: 20px\"><em>Eventi non elementari<\/em><\/li>\n<li style=\"margin-left: 20px\"><em>Legge della moltiplicazione<\/em><\/li>\n<li style=\"margin-left: 20px\"><em>Attivit\u00e0: compensazione nel lancio di una moneta<\/em><\/li>\n<li style=\"margin-left: 20px\"><em>Test gravidanza<\/em><\/li>\n<li style=\"margin-left: 20px\"><em>Probabilit\u00e0 e genetica: daltonismo<\/em><\/li>\n<\/ul>\n<p>&nbsp;<\/p>\n<table style=\"background-color: #b1f2a7\">\n<tbody>\n<tr>\n<td>\n<p style=\"text-align: left\"><strong>DOWNLOAD<\/strong><\/p>\n<p style=\"text-align: left\"><a href=\"https:\/\/edulab.unitn.it\/wp-content\/uploads\/nfs\/DiCoMat\/probabilit%C3%A0\/LibroProbabilit%C3%A0\/5_Probabilit%C3%A0EventiNoElementari\/5App.pdf\">Testo\u00a0<i class=\"icon-download-alt\"><\/i><\/a><\/p>\n<p><a href=\"https:\/\/edulab.unitn.it\/wp-content\/uploads\/nfs\/DiCoMat\/probabilit%C3%A0\/LibroProbabilit%C3%A0\/5_Probabilit%C3%A0EventiNoElementari\/MoneteRitardatarieConsecutive.xlsm\">MoneteRitardatarieConsecutive.xlsm\u00a0<i class=\"icon-download-alt\"><\/i><\/a><\/td>\n<\/tr>\n<\/tbody>\n<\/table>\n<h4><\/h4>\n<hr \/>\n<h4><em>I materiali del capitolo 5<\/em><\/h4>\n<table style=\"background-color: #b1f2a7\">\n<tbody>\n<tr>\n<td>\n<p style=\"text-align: left\"><strong>DOWNLOAD<\/strong><\/p>\n<p style=\"text-align: left\"><a href=\"https:\/\/edulab.unitn.it\/wp-content\/uploads\/nfs\/DiCoMat\/probabilit%C3%A0\/LibroProbabilit%C3%A0\/5_Probabilit%C3%A0EventiNoElementari\/CAP5.pdf\">Il testo del capitolo 5\u00a0<i class=\"icon-download-alt\"><\/i><\/a><\/p>\n<p><strong>File<\/strong><\/p>\n<p><a href=\"http:\/\/youtu.be\/N_sdkLtECps\">VideoTestClinici\u00a0\u00a0<i class=\"icon-download-alt\"><\/i>\u00a0<\/a><\/p>\n<p><a href=\"https:\/\/ggbm.at\/BVjSfDqq\">TestClinici.ggb\u00a0<i class=\"icon-download-alt\"><\/i><\/a><\/p>\n<p><a href=\"https:\/\/edulab.unitn.it\/wp-content\/uploads\/nfs\/DiCoMat\/probabilit%C3%A0\/LibroProbabilit%C3%A0\/5_Probabilit%C3%A0EventiNoElementari\/MoneteRitardatarieConsecutive.xlsm\">MoneteRitardatarieConsecutive.xlsm\u00a0<i class=\"icon-download-alt\"><\/i><\/a><\/td>\n<\/tr>\n<\/tbody>\n<\/table>\n<p>&nbsp;<\/p>\n<table style=\"border-color: #ffffff\">\n<tbody>\n<tr>\n<td style=\"border-color: #ffffff\"><a href=\"https:\/\/edulab.unitn.it\/dicomat\/probabilita\/mettiamo-in-gioco-la-probabilita\/\"><span style=\"color: blue\">\u00a0<i class=\"icon-chevron-sign-left\"><\/i>\u00a0Torna alla presentazione<\/span><\/a><\/td>\n<td style=\"border-color: #ffffff;text-align: right\"><a href=\"https:\/\/edulab.unitn.it\/dicomat\/probabilita\/mettiamo-in-gioco-la-probabilita\/capitolo-6\/\">\u00a0<span style=\"color: blue\">Vai al capitolo 6\u00a0<i class=\"icon-chevron-sign-right\"><\/i><\/span><\/a><\/td>\n<\/tr>\n<\/tbody>\n<\/table>\n<p style=\"text-align: center\">\n","protected":false},"excerpt":{"rendered":"<p>Pensare in termini elementari&#8230; legge della moltiplicazione Nei capitoli precedenti abbiamo discusso e risolto vari problemi, interpretando spesso la situazione mediante lo schema classico, e valutando dunque la probabilit\u00e0 come rapporto tra il numero dei casi \u201cfavorevoli\u201d e quello dei \u201ccasi possibili\u201d. Gli strumenti probabilistici introdotti si sono rivelati dunque efficaci; ma non bastano per &hellip; <a href=\"https:\/\/edulab.unitn.it\/dicomat\/probabilita\/mettiamo-in-gioco-la-probabilita\/capitolo-5\/\" class=\"more-link\">Continua a leggere <span class=\"screen-reader-text\">CAPITOLO 5<\/span><\/a><\/p>\n","protected":false},"author":872,"featured_media":0,"parent":1555,"menu_order":5,"comment_status":"closed","ping_status":"closed","template":"","meta":{"footnotes":""},"class_list":["post-1682","page","type-page","status-publish","hentry"],"_links":{"self":[{"href":"https:\/\/edulab.unitn.it\/dicomat\/wp-json\/wp\/v2\/pages\/1682","targetHints":{"allow":["GET"]}}],"collection":[{"href":"https:\/\/edulab.unitn.it\/dicomat\/wp-json\/wp\/v2\/pages"}],"about":[{"href":"https:\/\/edulab.unitn.it\/dicomat\/wp-json\/wp\/v2\/types\/page"}],"author":[{"embeddable":true,"href":"https:\/\/edulab.unitn.it\/dicomat\/wp-json\/wp\/v2\/users\/872"}],"replies":[{"embeddable":true,"href":"https:\/\/edulab.unitn.it\/dicomat\/wp-json\/wp\/v2\/comments?post=1682"}],"version-history":[{"count":24,"href":"https:\/\/edulab.unitn.it\/dicomat\/wp-json\/wp\/v2\/pages\/1682\/revisions"}],"predecessor-version":[{"id":2064,"href":"https:\/\/edulab.unitn.it\/dicomat\/wp-json\/wp\/v2\/pages\/1682\/revisions\/2064"}],"up":[{"embeddable":true,"href":"https:\/\/edulab.unitn.it\/dicomat\/wp-json\/wp\/v2\/pages\/1555"}],"wp:attachment":[{"href":"https:\/\/edulab.unitn.it\/dicomat\/wp-json\/wp\/v2\/media?parent=1682"}],"curies":[{"name":"wp","href":"https:\/\/api.w.org\/{rel}","templated":true}]}}