{"id":1689,"date":"2017-12-23T11:12:35","date_gmt":"2017-12-23T10:12:35","guid":{"rendered":"https:\/\/edulab.unitn.it\/dicomat\/?page_id=1689"},"modified":"2025-09-26T09:44:51","modified_gmt":"2025-09-26T07:44:51","slug":"un-percorso-in-classe","status":"publish","type":"page","link":"https:\/\/edulab.unitn.it\/dicomat\/probabilita\/mettiamo-in-gioco-la-probabilita\/un-percorso-in-classe\/","title":{"rendered":"Un percorso in classe"},"content":{"rendered":"<div dir=\"ltr\">\n<div><em>Il materiale discusso nel lavoro \u00e8 ricco e vario e, se non altro per ragioni di tempo, difficilmente si potr\u00e0 proporre integralmente in classe. Perci\u00f2 pu\u00f2 essere utile confrontarsi con lo schema di una sua possibile declinazione che \u00e8 stata sperimentata nell&#8217;anno scolastico 2014\/15 in un liceo scientifico.<\/em><\/div>\n<\/div>\n<p><em><br \/>\n<img loading=\"lazy\" decoding=\"async\" class=\" wp-image-1702 aligncenter\" src=\"https:\/\/edulab.unitn.it\/dicomat\/wp-content\/uploads\/sites\/12\/2017\/12\/easel-2714167_960_720-300x300.jpg\" alt=\"\" width=\"192\" height=\"192\" srcset=\"https:\/\/edulab.unitn.it\/dicomat\/wp-content\/uploads\/sites\/12\/2017\/12\/easel-2714167_960_720-300x300.jpg 300w, https:\/\/edulab.unitn.it\/dicomat\/wp-content\/uploads\/sites\/12\/2017\/12\/easel-2714167_960_720-150x150.jpg 150w, https:\/\/edulab.unitn.it\/dicomat\/wp-content\/uploads\/sites\/12\/2017\/12\/easel-2714167_960_720.jpg 720w\" sizes=\"auto, (max-width: 192px) 100vw, 192px\" \/><\/em><\/p>\n<table style=\"background-color: #b1f2a7\">\n<tbody>\n<tr>\n<td>\n<p style=\"text-align: left\"><strong>DOWNLOAD<\/strong><\/p>\n<p style=\"text-align: left\"><a href=\"https:\/\/edulab.unitn.it\/wp-content\/uploads\/nfs\/DiCoMat\/probabilit%C3%A0\/LibroProbabilit%C3%A0\/7_Percorso\/CAP7.pdf\">Lo schema\u00a0<i class=\"icon-download-alt\"><\/i><\/a><\/p>\n<\/td>\n<\/tr>\n<\/tbody>\n<\/table>\n<p>&nbsp;<\/p>\n<table style=\"border-color: #ffffff\">\n<tbody>\n<tr>\n<td style=\"border-color: #ffffff\"><a href=\"https:\/\/edulab.unitn.it\/dicomat\/probabilita\/mettiamo-in-gioco-la-probabilita\/\"><span style=\"color: blue\">\u00a0<i class=\"icon-chevron-sign-left\"><\/i>\u00a0Torna alla presentazione<\/span><\/a><\/td>\n<td style=\"border-color: #ffffff;text-align: right\"><\/td>\n<\/tr>\n<\/tbody>\n<\/table>\n<p style=\"text-align: center\">\n","protected":false},"excerpt":{"rendered":"<p>Il materiale discusso nel lavoro \u00e8 ricco e vario e, se non altro per ragioni di tempo, difficilmente si potr\u00e0 proporre integralmente in classe. Perci\u00f2 pu\u00f2 essere utile confrontarsi con lo schema di una sua possibile declinazione che \u00e8 stata sperimentata nell&#8217;anno scolastico 2014\/15 in un liceo scientifico. DOWNLOAD Lo schema\u00a0 &nbsp; \u00a0\u00a0Torna alla presentazione<\/p>\n","protected":false},"author":872,"featured_media":0,"parent":1555,"menu_order":7,"comment_status":"closed","ping_status":"closed","template":"","meta":{"footnotes":""},"class_list":["post-1689","page","type-page","status-publish","hentry"],"_links":{"self":[{"href":"https:\/\/edulab.unitn.it\/dicomat\/wp-json\/wp\/v2\/pages\/1689","targetHints":{"allow":["GET"]}}],"collection":[{"href":"https:\/\/edulab.unitn.it\/dicomat\/wp-json\/wp\/v2\/pages"}],"about":[{"href":"https:\/\/edulab.unitn.it\/dicomat\/wp-json\/wp\/v2\/types\/page"}],"author":[{"embeddable":true,"href":"https:\/\/edulab.unitn.it\/dicomat\/wp-json\/wp\/v2\/users\/872"}],"replies":[{"embeddable":true,"href":"https:\/\/edulab.unitn.it\/dicomat\/wp-json\/wp\/v2\/comments?post=1689"}],"version-history":[{"count":9,"href":"https:\/\/edulab.unitn.it\/dicomat\/wp-json\/wp\/v2\/pages\/1689\/revisions"}],"predecessor-version":[{"id":2067,"href":"https:\/\/edulab.unitn.it\/dicomat\/wp-json\/wp\/v2\/pages\/1689\/revisions\/2067"}],"up":[{"embeddable":true,"href":"https:\/\/edulab.unitn.it\/dicomat\/wp-json\/wp\/v2\/pages\/1555"}],"wp:attachment":[{"href":"https:\/\/edulab.unitn.it\/dicomat\/wp-json\/wp\/v2\/media?parent=1689"}],"curies":[{"name":"wp","href":"https:\/\/api.w.org\/{rel}","templated":true}]}}