{"id":1977,"date":"2020-03-24T13:42:04","date_gmt":"2020-03-24T12:42:04","guid":{"rendered":"https:\/\/edulab.unitn.it\/dicomat\/?page_id=1977"},"modified":"2025-09-26T09:44:26","modified_gmt":"2025-09-26T07:44:26","slug":"mateadistanza1","status":"publish","type":"page","link":"https:\/\/edulab.unitn.it\/dicomat\/mateadistanza1\/","title":{"rendered":"#mateadistanza SSPG"},"content":{"rendered":"<p align=\"JUSTIFY\"><strong>Introduzione al concetto di variabile e al calcolo letterale<\/strong><\/p>\n<p align=\"JUSTIFY\">Le attivit\u00e0 sono state progettate sotto forma di Moduli Google con la correzione di alcune risposte attraverso spiegazioni aggiuntive presentate in forma scritta o sotto forma di video, in modo da permettere il lavoro autonomo degli studenti. Gli insegnanti che le stanno utilizzando fanno seguire un momento di condivisione e sintesi in videoconferenza.<\/p>\n<p align=\"JUSTIFY\">Il link \u201c<strong>Visualizza<\/strong>\u201d permette di vedere una versione di esempio dell\u2019attivit\u00e0.<br \/>\nIl link \u201c<strong>copia<\/strong>\u201d permette di copiare il Modulo Google nel proprio Drive, in modo da gestire autonomamente il questionario e le risposte dei propri studenti.<\/p>\n<p align=\"JUSTIFY\">L\u2019obiettivo delle attivit\u00e0 che seguono \u00e8 quello di <span style=\"font-size: medium\"><b>introdurre la variabile e il calcolo letterale per generalizzare situazioni<\/b><\/span> che presentano una sequenza di costruzioni in cui \u00e8 utile cercare le regolarit\u00e0*. Alcuni insegnanti le stanno utilizzando nella classe terza.<\/p>\n<table style=\"border-collapse: collapse;width: 100%;height: 1216px\">\n<tbody>\n<tr style=\"height: 224px\">\n<td style=\"width: 26.6667%;text-align: center;vertical-align: middle;height: 224px\" align=\"center\" valign=\"middle\">&nbsp;<\/p>\n<p><img loading=\"lazy\" decoding=\"async\" class=\"aligncenter wp-image-1978 size-full\" src=\"https:\/\/edulab.unitn.it\/dicomat\/wp-content\/uploads\/sites\/12\/2020\/03\/fiammiferi.png\" alt=\"\" width=\"176\" height=\"93\" \/><\/td>\n<td style=\"width: 20.6061%;text-align: center;vertical-align: middle;height: 224px\" align=\"center\" valign=\"middle\"><a href=\"https:\/\/forms.gle\/rmRsvJ4xi17uFwiT8\" target=\"_blank\" rel=\"noopener noreferrer\">Visualizza<\/a><\/p>\n<p><a href=\"https:\/\/docs.google.com\/forms\/d\/1vEDpHslmvz6VcWS2-JXzLTApifOnU-FSlzXBFYbF4Rw\/copy\" target=\"_blank\" rel=\"noopener noreferrer\">copia il modulo<\/a><\/td>\n<td style=\"width: 52.5758%;vertical-align: middle;height: 224px\" valign=\"middle\">\n<p style=\"text-align: justify\">Nella prima attivit\u00e0 si richiede la generalizzazione della costruzione proposta, dopo aver studiato alcuni casi particolari. In conclusione due video mostrano come si arriva all&#8217;introduzione della variabile e confrontano due procedimenti diversi.<\/p>\n<\/td>\n<\/tr>\n<tr style=\"height: 140px\">\n<td style=\"width: 26.6667%;text-align: center;vertical-align: middle;height: 140px\" align=\"center\" valign=\"middle\"><img loading=\"lazy\" decoding=\"async\" class=\"alignnone wp-image-2028\" src=\"https:\/\/edulab.unitn.it\/dicomat\/wp-content\/uploads\/sites\/12\/2020\/03\/casette2.jpg\" alt=\"\" width=\"95\" height=\"118\" \/><\/td>\n<td style=\"width: 20.6061%;text-align: center;vertical-align: middle;height: 140px\">\n<p style=\"text-align: center\"><a href=\"https:\/\/forms.gle\/5QoeN7JNeBXjyjm9A\" target=\"_blank\" rel=\"noopener noreferrer\">Visualizza<\/a><\/p>\n<p style=\"text-align: center\"><a href=\"https:\/\/docs.google.com\/forms\/d\/14ZuDgYxB2UowSKEdeio6JFhSXSDNqK9TMAoa4w97Oc0\/copy\" target=\"_blank\" rel=\"noopener noreferrer\">copia il modulo<\/a><\/p>\n<\/td>\n<td style=\"width: 52.5758%;vertical-align: middle;text-align: justify;height: 140px\">La seconda attivit\u00e0, simile alla prima, pu\u00f2 essere utilizzata per verificare la comprensione del processo di generalizzazione.<\/td>\n<\/tr>\n<tr style=\"height: 168px\">\n<td style=\"width: 26.6667%;text-align: center;vertical-align: middle;height: 168px\"><img loading=\"lazy\" decoding=\"async\" class=\"alignnone size-medium wp-image-2024\" src=\"https:\/\/edulab.unitn.it\/dicomat\/wp-content\/uploads\/sites\/12\/2020\/03\/I-300x144.png\" alt=\"\" width=\"300\" height=\"144\" srcset=\"https:\/\/edulab.unitn.it\/dicomat\/wp-content\/uploads\/sites\/12\/2020\/03\/I-300x144.png 300w, https:\/\/edulab.unitn.it\/dicomat\/wp-content\/uploads\/sites\/12\/2020\/03\/I-768x368.png 768w, https:\/\/edulab.unitn.it\/dicomat\/wp-content\/uploads\/sites\/12\/2020\/03\/I.png 876w\" sizes=\"auto, (max-width: 300px) 100vw, 300px\" \/><\/td>\n<td style=\"width: 20.6061%;text-align: center;vertical-align: middle;height: 168px\">\n<p style=\"text-align: center\"><a href=\"https:\/\/forms.gle\/6Mq37jnWArsrCPLj7\" target=\"_blank\" rel=\"noopener noreferrer\">Visualizza<\/a><\/p>\n<p style=\"text-align: center\"><a href=\"https:\/\/docs.google.com\/forms\/d\/1gyI2QjOmJIBZGOpIDKZemPwUW_mvLeGVYiKSfcR-oS4\/copy\" target=\"_blank\" rel=\"noopener noreferrer\">copia il modulo<\/a><\/p>\n<\/td>\n<td style=\"width: 52.5758%;vertical-align: middle;text-align: justify;height: 168px\">Nella terza attivit\u00e0 si lavora sul quadrato di un numero (adatta anche per la seconda SSPG). In questo modulo la correzione avviene a lavoro svolto, cliccando su \u201c<em>Visualizza se la risposta\u00a0 \u00e8 corretta<\/em>&#8220;.<\/td>\n<\/tr>\n<tr style=\"height: 140px\">\n<td style=\"width: 26.6667%;height: 140px\"><img loading=\"lazy\" decoding=\"async\" class=\"wp-image-2005 aligncenter\" src=\"https:\/\/edulab.unitn.it\/dicomat\/wp-content\/uploads\/sites\/12\/2020\/03\/cornice-300x296.png\" alt=\"\" width=\"120\" height=\"118\" srcset=\"https:\/\/edulab.unitn.it\/dicomat\/wp-content\/uploads\/sites\/12\/2020\/03\/cornice-300x296.png 300w, https:\/\/edulab.unitn.it\/dicomat\/wp-content\/uploads\/sites\/12\/2020\/03\/cornice.png 387w\" sizes=\"auto, (max-width: 120px) 100vw, 120px\" \/><\/td>\n<td style=\"width: 20.6061%;text-align: center;vertical-align: middle;height: 140px\">\n<p style=\"text-align: center\"><a href=\"https:\/\/forms.gle\/Hk18hKg7yjCd19pF7\" target=\"_blank\" rel=\"noopener noreferrer\">Visualizza<\/a><\/p>\n<p style=\"text-align: center\"><a href=\"https:\/\/docs.google.com\/forms\/d\/1ogQWdXK3y74-WF8N1XPzsQH8T7rOBHfP2vHTnJAXPXk\/copy\" target=\"_blank\" rel=\"noopener noreferrer\">copia il modulo<\/a><\/p>\n<\/td>\n<td style=\"width: 52.5758%;vertical-align: middle;text-align: justify;height: 140px\">La quarta attivit\u00e0 \u00e8 stata pensata come attivit\u00e0 di potenziamento.<\/td>\n<\/tr>\n<tr style=\"height: 149px\">\n<td style=\"width: 99.8485%;height: 125px\" colspan=\"3\">\n<p style=\"text-align: justify\"><span style=\"font-weight: 400\">L\u2019obiettivo delle attivit\u00e0 che seguono \u00e8 quello di scoprire <\/span><b>la propriet\u00e0 distributiva applicata al calcolo letterale, <\/b><span style=\"font-weight: 400\">partendo dall&#8217;ambito geometrico. L\u2019area di un rettangolo viene descritta attraverso diverse scomposizioni a cui corrispondono le rispettive espressioni letterali e la loro equivalenza viene ricostruita anche attraverso la manipolazione algebrica che fa riferimento a propriet\u00e0 opportune.<br \/>\n<\/span><\/p>\n<\/td>\n<\/tr>\n<tr style=\"height: 140px\">\n<td style=\"width: 26.6667%;text-align: center;vertical-align: middle;height: 140px\"><img loading=\"lazy\" decoding=\"async\" class=\"size-medium wp-image-2041 aligncenter\" src=\"https:\/\/edulab.unitn.it\/dicomat\/wp-content\/uploads\/sites\/12\/2020\/04\/Attivit\u00e01-300x220.png\" alt=\"\" width=\"300\" height=\"220\" srcset=\"https:\/\/edulab.unitn.it\/dicomat\/wp-content\/uploads\/sites\/12\/2020\/04\/Attivit\u00e01-300x220.png 300w, https:\/\/edulab.unitn.it\/dicomat\/wp-content\/uploads\/sites\/12\/2020\/04\/Attivit\u00e01.png 429w\" sizes=\"auto, (max-width: 300px) 100vw, 300px\" \/><\/td>\n<td style=\"width: 20.6061%;text-align: center;vertical-align: middle;height: 140px\">\n<p style=\"text-align: center\"><a href=\"https:\/\/docs.google.com\/forms\/d\/e\/1FAIpQLSei2PYbISwf0G9Ug1pDPrbmZhnUnBzKDOKyack-O4V3ZogRZg\/viewform?usp=sf_link\" target=\"_blank\" rel=\"noopener noreferrer\">Visualizza<\/a><\/p>\n<p style=\"text-align: center\"><a href=\"https:\/\/docs.google.com\/forms\/u\/3\/d\/1vpikPgFkaPJupDlhdQSs3oS7FApi3GTRDb9Krg0Nfnk\/copy\" target=\"_blank\" rel=\"noopener noreferrer\">copia il modulo<\/a><\/p>\n<\/td>\n<td style=\"width: 52.5758%;vertical-align: middle;text-align: justify;height: 140px\">Attivit\u00e0 introduttiva per arrivare a gestire il prodotto a\u00b7(a+2)<\/td>\n<\/tr>\n<tr style=\"height: 139px\">\n<td style=\"width: 26.6667%;text-align: center;vertical-align: middle;height: 139px\"><img loading=\"lazy\" decoding=\"async\" class=\"alignnone size-medium wp-image-2045\" src=\"https:\/\/edulab.unitn.it\/dicomat\/wp-content\/uploads\/sites\/12\/2020\/04\/attivit\u00e0-300x131.png\" alt=\"\" width=\"300\" height=\"131\" srcset=\"https:\/\/edulab.unitn.it\/dicomat\/wp-content\/uploads\/sites\/12\/2020\/04\/attivit\u00e0-300x131.png 300w, https:\/\/edulab.unitn.it\/dicomat\/wp-content\/uploads\/sites\/12\/2020\/04\/attivit\u00e0.png 457w\" sizes=\"auto, (max-width: 300px) 100vw, 300px\" \/><\/td>\n<td style=\"width: 20.6061%;text-align: center;vertical-align: middle;height: 139px\">\n<p style=\"text-align: center\"><a href=\"https:\/\/docs.google.com\/forms\/d\/e\/1FAIpQLSeWmS5nBL129WqXnEkjrwdk5h1m0XrKq0d2sAG-B2OXDTtnbw\/viewform?usp=sf_link\" target=\"_blank\" rel=\"noopener noreferrer\">Visualizza<\/a><\/p>\n<p style=\"text-align: center\"><a href=\"https:\/\/docs.google.com\/forms\/u\/3\/d\/1t40YxSbeFDWYebR7YGy1wJExXsOO_A5s8HVEP2uaGoM\/copy\" target=\"_blank\" rel=\"noopener noreferrer\">copia il modulo<\/a><\/p>\n<\/td>\n<td style=\"width: 52.5758%;vertical-align: middle;text-align: justify;height: 139px\">Attivit\u00e0 intermedia relativa al prodotto<br \/>\na\u00b7(b+3)<\/td>\n<\/tr>\n<tr style=\"height: 140px\">\n<td style=\"width: 26.6667%;text-align: center;vertical-align: middle;height: 140px\"><img loading=\"lazy\" decoding=\"async\" class=\"alignnone size-medium wp-image-2043\" src=\"https:\/\/edulab.unitn.it\/dicomat\/wp-content\/uploads\/sites\/12\/2020\/04\/Attivit\u00e03-300x229.png\" alt=\"\" width=\"300\" height=\"229\" srcset=\"https:\/\/edulab.unitn.it\/dicomat\/wp-content\/uploads\/sites\/12\/2020\/04\/Attivit\u00e03-300x229.png 300w, https:\/\/edulab.unitn.it\/dicomat\/wp-content\/uploads\/sites\/12\/2020\/04\/Attivit\u00e03.png 385w\" sizes=\"auto, (max-width: 300px) 100vw, 300px\" \/><\/td>\n<td style=\"width: 20.6061%;text-align: center;vertical-align: middle;height: 140px\">\n<p style=\"text-align: center\"><a href=\"https:\/\/docs.google.com\/forms\/d\/e\/1FAIpQLSc-0Q9rQB5kQt3txHuShYoKS8MvHNg9iMYegI1YWZePVOH1RQ\/viewform?usp=sf_link\" target=\"_blank\" rel=\"noopener noreferrer\">Visualizza<\/a><\/p>\n<p style=\"text-align: center\"><a href=\"https:\/\/docs.google.com\/forms\/u\/3\/d\/1dkJn_mzZbjPzaNkc_BdAc2nIOwAJGmIhvY2yqo8INXU\/copy\" target=\"_blank\" rel=\"noopener noreferrer\">copia il modulo<\/a><\/p>\n<\/td>\n<td style=\"width: 52.5758%;vertical-align: middle;text-align: justify;height: 140px\">Attivit\u00e0 conclusiva per manipolare il prodotto<br \/>\n(a+b )\u00b7(c+d)<\/td>\n<\/tr>\n<\/tbody>\n<\/table>\n<p>&nbsp;<\/p>\n<p style=\"text-align: justify\">Progettato dal laboratorio DiCoMat dell\u2019Universit\u00e0 degli Studi di Trento in collaborazione con Letizia Corazzolla, Veronica Gasparin, Chiara Micheloni, Elisabetta Ossanna, Stefano Pegoretti e Carlotta Vielmo.<\/p>\n<p>*I problemi proposti <span style=\"font-weight: 400\">per la ricerca di regolarit\u00e0 <\/span>prendono spunto principalmente da quesiti Invalsi (www.gestinv.it).<\/p>\n","protected":false},"excerpt":{"rendered":"<p>Introduzione al concetto di variabile e al calcolo letterale Le attivit\u00e0 sono state progettate sotto forma di Moduli Google con la correzione di alcune risposte attraverso spiegazioni aggiuntive presentate in forma scritta o sotto forma di video, in modo da permettere il lavoro autonomo degli studenti. Gli insegnanti che le stanno utilizzando fanno seguire un &hellip; <a href=\"https:\/\/edulab.unitn.it\/dicomat\/mateadistanza1\/\" class=\"more-link\">Continua a leggere <span class=\"screen-reader-text\">#mateadistanza SSPG<\/span><\/a><\/p>\n","protected":false},"author":864,"featured_media":0,"parent":0,"menu_order":0,"comment_status":"closed","ping_status":"closed","template":"","meta":{"footnotes":""},"class_list":["post-1977","page","type-page","status-publish","hentry"],"_links":{"self":[{"href":"https:\/\/edulab.unitn.it\/dicomat\/wp-json\/wp\/v2\/pages\/1977","targetHints":{"allow":["GET"]}}],"collection":[{"href":"https:\/\/edulab.unitn.it\/dicomat\/wp-json\/wp\/v2\/pages"}],"about":[{"href":"https:\/\/edulab.unitn.it\/dicomat\/wp-json\/wp\/v2\/types\/page"}],"author":[{"embeddable":true,"href":"https:\/\/edulab.unitn.it\/dicomat\/wp-json\/wp\/v2\/users\/864"}],"replies":[{"embeddable":true,"href":"https:\/\/edulab.unitn.it\/dicomat\/wp-json\/wp\/v2\/comments?post=1977"}],"version-history":[{"count":45,"href":"https:\/\/edulab.unitn.it\/dicomat\/wp-json\/wp\/v2\/pages\/1977\/revisions"}],"predecessor-version":[{"id":2048,"href":"https:\/\/edulab.unitn.it\/dicomat\/wp-json\/wp\/v2\/pages\/1977\/revisions\/2048"}],"wp:attachment":[{"href":"https:\/\/edulab.unitn.it\/dicomat\/wp-json\/wp\/v2\/media?parent=1977"}],"curies":[{"name":"wp","href":"https:\/\/api.w.org\/{rel}","templated":true}]}}