{"id":2192,"date":"2024-03-15T15:12:02","date_gmt":"2024-03-15T14:12:02","guid":{"rendered":"https:\/\/edulab.unitn.it\/dicomat\/?page_id=2192"},"modified":"2025-09-26T09:44:26","modified_gmt":"2025-09-26T07:44:26","slug":"pensiero-proporzionale","status":"publish","type":"page","link":"https:\/\/edulab.unitn.it\/dicomat\/pensiero-proporzionale\/","title":{"rendered":"Pensiero proporzionale"},"content":{"rendered":"<p>Pagina in costruzione.<\/p>\n<p>Questa pagina \u00e8 dedicata a un percorso per lo sviluppo del pensiero proporzionale. Al momento \u00e8 disponibile la traccia delle attivit\u00e0 con i problemi utilizzati e la successione delle richieste, oltre a una\u00a0 descrizione del laboratorio sulle diluizioni che porta alla scoperta della relazione di proporzionalit\u00e0 tra la quantit\u00e0 di acqua utilizzata e le gocce di colorante.<\/p>\n<p>Traccia delle attivit\u00e0:<\/p>\n<ul>\n<li><a href=\"https:\/\/docs.google.com\/document\/d\/19KKotDSjEH7oDHimutF88UKidWmdWN_n\/edit?usp=sharing&amp;ouid=110241087179816331979&amp;rtpof=true&amp;sd=true\">Problemi introduttivi in cui si utilizza il rapporto come parametro di confronto<\/a><\/li>\n<li><a href=\"https:\/\/docs.google.com\/document\/d\/1zWlUJ6giN9YqHuYUAQofC0a7TTgUC8iW\/edit?usp=sharing&amp;ouid=110241087179816331979&amp;rtpof=true&amp;sd=true\">Scheda del laboratorio sulle diluizioni<\/a><\/li>\n<\/ul>\n<p><a href=\"https:\/\/drive.google.com\/file\/d\/1IK2B3EnycBo5shW8bDuwiD6wa_PelTX0\/view?usp=sharing\">Descrizione del laboratorio sulle diluizioni<\/a><\/p>\n<p>&nbsp;<\/p>\n<p>&nbsp;<\/p>\n","protected":false},"excerpt":{"rendered":"<p>Pagina in costruzione. Questa pagina \u00e8 dedicata a un percorso per lo sviluppo del pensiero proporzionale. Al momento \u00e8 disponibile la traccia delle attivit\u00e0 con i problemi utilizzati e la successione delle richieste, oltre a una\u00a0 descrizione del laboratorio sulle diluizioni che porta alla scoperta della relazione di proporzionalit\u00e0 tra la quantit\u00e0 di acqua utilizzata &hellip; <a href=\"https:\/\/edulab.unitn.it\/dicomat\/pensiero-proporzionale\/\" class=\"more-link\">Continua a leggere <span class=\"screen-reader-text\">Pensiero proporzionale<\/span><\/a><\/p>\n","protected":false},"author":130,"featured_media":0,"parent":0,"menu_order":0,"comment_status":"closed","ping_status":"closed","template":"","meta":{"footnotes":""},"class_list":["post-2192","page","type-page","status-publish","hentry"],"_links":{"self":[{"href":"https:\/\/edulab.unitn.it\/dicomat\/wp-json\/wp\/v2\/pages\/2192","targetHints":{"allow":["GET"]}}],"collection":[{"href":"https:\/\/edulab.unitn.it\/dicomat\/wp-json\/wp\/v2\/pages"}],"about":[{"href":"https:\/\/edulab.unitn.it\/dicomat\/wp-json\/wp\/v2\/types\/page"}],"author":[{"embeddable":true,"href":"https:\/\/edulab.unitn.it\/dicomat\/wp-json\/wp\/v2\/users\/130"}],"replies":[{"embeddable":true,"href":"https:\/\/edulab.unitn.it\/dicomat\/wp-json\/wp\/v2\/comments?post=2192"}],"version-history":[{"count":5,"href":"https:\/\/edulab.unitn.it\/dicomat\/wp-json\/wp\/v2\/pages\/2192\/revisions"}],"predecessor-version":[{"id":2199,"href":"https:\/\/edulab.unitn.it\/dicomat\/wp-json\/wp\/v2\/pages\/2192\/revisions\/2199"}],"wp:attachment":[{"href":"https:\/\/edulab.unitn.it\/dicomat\/wp-json\/wp\/v2\/media?parent=2192"}],"curies":[{"name":"wp","href":"https:\/\/api.w.org\/{rel}","templated":true}]}}