{"id":327,"date":"2016-11-16T15:43:32","date_gmt":"2016-11-16T14:43:32","guid":{"rendered":"https:\/\/edulab.unitn.it\/dicomat\/?page_id=327"},"modified":"2021-05-25T09:27:15","modified_gmt":"2021-05-25T07:27:15","slug":"motivazioni-alla-normale","status":"publish","type":"page","link":"https:\/\/edulab.unitn.it\/dicomat\/probabilita\/la-distribuzione-normale-e-il-teorema-limite-centrale\/motivazioni-alla-normale\/","title":{"rendered":"Motivazioni alla normale"},"content":{"rendered":"<table style=\"border-color: #eb1a1a;background-color: #f0a5a5\">\n<tbody>\n<tr>\n<td style=\"border-color: #eb1a1a\"><em><strong>Modalit\u00e0 d&#8217;uso per il docente<\/strong><\/em><\/p>\n<p><i>I materiali creati a supporto di questa prima sezione del percorso sono dispense; esse costituiscono un riferimento per condurre una lezione partecipata.\u00a0Ulteriori approfondimenti possono essere condotti sfruttando il link al sito ministeriale\u00a0<a href=\"http:\/\/www.sondaggipoliticoelettorali.it\/\">www.sondaggipoliticoelettorali.it<\/a>, che raccoglie i sondaggi, oppure con letture mirate che trattano altre situazioni in cui compare la curva &#8220;a campana&#8221;.<\/i><\/td>\n<\/tr>\n<\/tbody>\n<\/table>\n<h5><strong>1.<\/strong> I SONDAGGI<\/h5>\n<p><strong>Riassumendo&#8230;<\/strong><\/p>\n<p>I sondaggi sono la situazione motivante con cui abbiamo scelto di introdurre il percorso sulla distribuzione normale.\u00a0In particolare facciamo osservare agli studenti che l&#8217;importanza dei sondaggi \u00e8 stabilita per legge, non \u00e8 solo una questione matematica, dato che essi devono essere riportati su un sito gestito dallo Stato.\u00a0Dopo aver fatto una breve analisi di un sondaggio, illustrando il significato dei termini e dei dati presenti, conviene focalizzare l&#8217;attenzione su un quesito specifico. Esso costituir\u00e0 il nostro problema guida per l&#8217;intero percorso.<\/p>\n<p><img loading=\"lazy\" decoding=\"async\" class=\"wp-image-919 aligncenter\" src=\"https:\/\/edulab.unitn.it\/dicomat\/wp-content\/uploads\/sites\/12\/2016\/11\/question-300x115.png\" alt=\"\" width=\"478\" height=\"183\" srcset=\"https:\/\/edulab.unitn.it\/dicomat\/wp-content\/uploads\/sites\/12\/2016\/11\/question-300x115.png 300w, https:\/\/edulab.unitn.it\/dicomat\/wp-content\/uploads\/sites\/12\/2016\/11\/question-768x295.png 768w, https:\/\/edulab.unitn.it\/dicomat\/wp-content\/uploads\/sites\/12\/2016\/11\/question-1024x394.png 1024w, https:\/\/edulab.unitn.it\/dicomat\/wp-content\/uploads\/sites\/12\/2016\/11\/question.png 1103w\" sizes=\"auto, (max-width: 478px) 100vw, 478px\" \/><\/p>\n<p>Link al file: <a href=\"https:\/\/edulab.unitn.it\/wp-content\/uploads\/nfs\/DiCoMat\/probabilit%C3%A0\/distr_normale\/studenti\/1.1_capstudenti.pdf\">sondaggi<\/a><\/p>\n<h5><strong>2.<\/strong> un modello binomiale<\/h5>\n<p><strong>Riassumendo&#8230;<\/strong><\/p>\n<p>Proviamo a modellizzare la situazione proposta mediante la <em>distribuzione binomiale<\/em>. Il calcolo finale a cui si giunge \u00e8 assai articolato per la presenza dei coefficienti binomiali, pertanto siamo interessati a trovare un modo pi\u00f9 efficace per risolvere il problema. Ci\u00f2\u00a0consente di <em>radicare con continuit\u00e0 i saperi<\/em> nuovi sui progressi: se non si forniscono agli studenti le occasioni per prendere consapevolezza dei limiti delle procedure di cui dispongono, essi difficilmente potranno cogliere la necessit\u00e0 e il ruolo degli oggetti che si introducono.<\/p>\n<p>Link al file: <a href=\"https:\/\/edulab.unitn.it\/wp-content\/uploads\/nfs\/DiCoMat\/probabilit%C3%A0\/distr_normale\/studenti\/1.2_capstudenti.pdf\">binomiale<\/a><\/p>\n<h5><strong>3.<\/strong> un nuovo modello: verso il tlc<\/h5>\n<p><strong>Riassumendo&#8230;<\/strong><\/p>\n<p>Attraverso un approccio grafico, viene discussa l&#8217;idea di approssimare la distribuzione binomiale mediante un nuovo modello e si precisa tale approssimazione in una prima elementare formulazione del teorema limite centrale. Ci\u00f2 permette di esprimere il problema guida in una nuova forma che prevede il ricorso alla curva &#8220;a campana&#8221; e, come si vedr\u00e0, comporta una notevole semplificazione computazionale.<\/p>\n<p><img loading=\"lazy\" decoding=\"async\" class=\"wp-image-829 aligncenter\" src=\"https:\/\/edulab.unitn.it\/dicomat\/wp-content\/uploads\/sites\/12\/2016\/11\/grafvarin_2-300x197.png\" alt=\"\" width=\"445\" height=\"292\" srcset=\"https:\/\/edulab.unitn.it\/dicomat\/wp-content\/uploads\/sites\/12\/2016\/11\/grafvarin_2-300x197.png 300w, https:\/\/edulab.unitn.it\/dicomat\/wp-content\/uploads\/sites\/12\/2016\/11\/grafvarin_2-768x504.png 768w, https:\/\/edulab.unitn.it\/dicomat\/wp-content\/uploads\/sites\/12\/2016\/11\/grafvarin_2.png 883w\" sizes=\"auto, (max-width: 445px) 100vw, 445px\" \/><\/p>\n<p>Link al file: <a href=\"https:\/\/edulab.unitn.it\/wp-content\/uploads\/nfs\/DiCoMat\/probabilit%C3%A0\/distr_normale\/studenti\/1.3_capstudenti.pdf\">versoTLC<\/a><\/p>\n<h5><strong>4.<\/strong> altre motivazioni alla normale<\/h5>\n<p><strong>Riassumendo&#8230;<\/strong><\/p>\n<p>La curva &#8220;a campana&#8221; compare in molti altri contesti. Tra questi ci sono due\u00a0situazioni significative dal punto di vista dello\u00a0sviluppo storico che pertanto proponiamo agli studenti: la distribuzione degli errori accidentali nella misura e la legge delle altezze di una popolazione.<\/p>\n<p><img loading=\"lazy\" decoding=\"async\" class=\"wp-image-831 aligncenter\" src=\"https:\/\/edulab.unitn.it\/dicomat\/wp-content\/uploads\/sites\/12\/2016\/11\/distraltezze_1-300x232.png\" alt=\"\" width=\"314\" height=\"243\" srcset=\"https:\/\/edulab.unitn.it\/dicomat\/wp-content\/uploads\/sites\/12\/2016\/11\/distraltezze_1-300x232.png 300w, https:\/\/edulab.unitn.it\/dicomat\/wp-content\/uploads\/sites\/12\/2016\/11\/distraltezze_1.png 470w\" sizes=\"auto, (max-width: 314px) 100vw, 314px\" \/><\/p>\n<p>Link al file: <a href=\"https:\/\/edulab.unitn.it\/wp-content\/uploads\/nfs\/DiCoMat\/probabilit%C3%A0\/distr_normale\/studenti\/1.4_capstudenti.pdf\">motivazioni<\/a><\/p>\n<h5><strong>5.<\/strong> facciamo il punto<\/h5>\n<p><strong>Riassumendo&#8230;<\/strong><\/p>\n<p>Al termine di questo segmento, discutiamo le conclusioni: gli studenti dovrebbero essere ormai convinti dell&#8217;importanza di studiare la curva normale, che hanno visto intervenire in contesti cos\u00ec diversi. Ora ne presentiamo l&#8217;espressione analitica, che descriviamo come famiglia di funzioni al variare dei parametri reali\u00a0\u03bc e\u00a0\u03c3.<\/p>\n<p><img loading=\"lazy\" decoding=\"async\" class=\"wp-image-832 aligncenter\" src=\"https:\/\/edulab.unitn.it\/dicomat\/wp-content\/uploads\/sites\/12\/2016\/11\/facciamoilpunto-300x75.png\" alt=\"\" width=\"472\" height=\"118\" srcset=\"https:\/\/edulab.unitn.it\/dicomat\/wp-content\/uploads\/sites\/12\/2016\/11\/facciamoilpunto-300x75.png 300w, https:\/\/edulab.unitn.it\/dicomat\/wp-content\/uploads\/sites\/12\/2016\/11\/facciamoilpunto-768x193.png 768w, https:\/\/edulab.unitn.it\/dicomat\/wp-content\/uploads\/sites\/12\/2016\/11\/facciamoilpunto.png 825w\" sizes=\"auto, (max-width: 472px) 100vw, 472px\" \/><\/p>\n<p>Link al file: <a href=\"https:\/\/edulab.unitn.it\/wp-content\/uploads\/nfs\/DiCoMat\/probabilit%C3%A0\/distr_normale\/studenti\/1.5_capstudenti.pdf\">ilpunto<\/a><\/p>\n<p>&nbsp;<\/p>\n<table style=\"background-color: #b1f2a7\">\n<tbody>\n<tr>\n<td>\n<p style=\"text-align: left\"><strong>DOWNLOAD<\/strong><\/p>\n<p style=\"text-align: left\">Motivazioni alla normale\u00a0&#8211;\u00a0il punto di vista del docente <a href=\"https:\/\/edulab.unitn.it\/wp-content\/uploads\/nfs\/DiCoMat\/probabilit%C3%A0\/distr_normale\/docenti\/1_capdocenti.pdf\" target=\"_blank\" rel=\"noopener noreferrer\">\u00a0<i class=\"icon-download-alt\"><\/i>\u00a0<\/a><\/p>\n<p style=\"text-align: left\">Motivazioni alla normale\u00a0&#8211;\u00a0materiali per gli studenti\u00a0<a href=\"https:\/\/edulab.unitn.it\/wp-content\/uploads\/nfs\/DiCoMat\/probabilit%C3%A0\/distr_normale\/studenti\/1_capstudenti.pdf\" target=\"_blank\" rel=\"noopener noreferrer\">\u00a0<i class=\"icon-download-alt\"><\/i>\u00a0<\/a><\/p>\n<\/td>\n<\/tr>\n<\/tbody>\n<\/table>\n","protected":false},"excerpt":{"rendered":"<p>Modalit\u00e0 d&#8217;uso per il docente I materiali creati a supporto di questa prima sezione del percorso sono dispense; esse costituiscono un riferimento per condurre una lezione partecipata.\u00a0Ulteriori approfondimenti possono essere condotti sfruttando il link al sito ministeriale\u00a0www.sondaggipoliticoelettorali.it, che raccoglie i sondaggi, oppure con letture mirate che trattano altre situazioni in cui compare la curva &#8220;a &hellip; <a href=\"https:\/\/edulab.unitn.it\/dicomat\/probabilita\/la-distribuzione-normale-e-il-teorema-limite-centrale\/motivazioni-alla-normale\/\" class=\"more-link\">Continua a leggere <span class=\"screen-reader-text\">Motivazioni alla normale<\/span><\/a><\/p>\n","protected":false},"author":891,"featured_media":0,"parent":321,"menu_order":0,"comment_status":"closed","ping_status":"closed","template":"","meta":{"footnotes":""},"class_list":["post-327","page","type-page","status-publish","hentry"],"_links":{"self":[{"href":"https:\/\/edulab.unitn.it\/dicomat\/wp-json\/wp\/v2\/pages\/327","targetHints":{"allow":["GET"]}}],"collection":[{"href":"https:\/\/edulab.unitn.it\/dicomat\/wp-json\/wp\/v2\/pages"}],"about":[{"href":"https:\/\/edulab.unitn.it\/dicomat\/wp-json\/wp\/v2\/types\/page"}],"author":[{"embeddable":true,"href":"https:\/\/edulab.unitn.it\/dicomat\/wp-json\/wp\/v2\/users\/891"}],"replies":[{"embeddable":true,"href":"https:\/\/edulab.unitn.it\/dicomat\/wp-json\/wp\/v2\/comments?post=327"}],"version-history":[{"count":28,"href":"https:\/\/edulab.unitn.it\/dicomat\/wp-json\/wp\/v2\/pages\/327\/revisions"}],"predecessor-version":[{"id":2078,"href":"https:\/\/edulab.unitn.it\/dicomat\/wp-json\/wp\/v2\/pages\/327\/revisions\/2078"}],"up":[{"embeddable":true,"href":"https:\/\/edulab.unitn.it\/dicomat\/wp-json\/wp\/v2\/pages\/321"}],"wp:attachment":[{"href":"https:\/\/edulab.unitn.it\/dicomat\/wp-json\/wp\/v2\/media?parent=327"}],"curies":[{"name":"wp","href":"https:\/\/api.w.org\/{rel}","templated":true}]}}