{"id":332,"date":"2016-11-16T15:50:23","date_gmt":"2016-11-16T14:50:23","guid":{"rendered":"https:\/\/edulab.unitn.it\/dicomat\/?page_id=332"},"modified":"2021-05-25T09:28:56","modified_gmt":"2021-05-25T07:28:56","slug":"una-famiglia-di-funzioni-aspetti-analitici","status":"publish","type":"page","link":"https:\/\/edulab.unitn.it\/dicomat\/probabilita\/la-distribuzione-normale-e-il-teorema-limite-centrale\/una-famiglia-di-funzioni-aspetti-analitici\/","title":{"rendered":"Una famiglia di funzioni: aspetti analitici"},"content":{"rendered":"<table style=\"border-color: #eb1a1a;background-color: #f0a5a5\">\n<tbody>\n<tr>\n<td style=\"border-color: #eb1a1a\"><em><strong>Modalit\u00e0 d&#8217;uso per il docente<\/strong><\/em><\/p>\n<p><i>Appurata la loro significativit\u00e0, esaminiamo ora la famiglia di funzioni il cui grafico \u00e8 la curva &#8220;a campana&#8221; e decidiamo di farlo ivestigando prima sulle loro caratteristiche analitiche.\u00a0Il materiale proposto in questa sezione \u00e8 strutturato nella forma di <span style=\"text-decoration: underline\">attivit\u00e0 guidata<\/span>: alla richiesta fanno seguito i suggerimenti, le indicazioni per l&#8217;uso del file Geogebra dove presente e infine la risoluzione. In questo modo lo studente pu\u00f2 lavorare autonomamente, anche a casa.<\/i><\/td>\n<\/tr>\n<\/tbody>\n<\/table>\n<h5><strong>1.<\/strong> prime esplorazioni -attivita&#8217;-<\/h5>\n<p><strong>Riassumendo&#8230;<\/strong><\/p>\n<p>L&#8217;attivit\u00e0 richiede agli studenti di disegnare alcuni grafici della famiglia di funzioni in esame. Il lavoro \u00e8 arricchito dalla possibilit\u00e0 di utilizzare un file Geogebra che permette di visualizzare i grafici delle funzioni considerate.<\/p>\n<p><img loading=\"lazy\" decoding=\"async\" class=\"wp-image-860 aligncenter\" src=\"https:\/\/edulab.unitn.it\/dicomat\/wp-content\/uploads\/sites\/12\/2016\/11\/att1-300x87.png\" alt=\"\" width=\"455\" height=\"132\" srcset=\"https:\/\/edulab.unitn.it\/dicomat\/wp-content\/uploads\/sites\/12\/2016\/11\/att1-300x87.png 300w, https:\/\/edulab.unitn.it\/dicomat\/wp-content\/uploads\/sites\/12\/2016\/11\/att1-768x223.png 768w, https:\/\/edulab.unitn.it\/dicomat\/wp-content\/uploads\/sites\/12\/2016\/11\/att1-1024x298.png 1024w, https:\/\/edulab.unitn.it\/dicomat\/wp-content\/uploads\/sites\/12\/2016\/11\/att1.png 1307w\" sizes=\"auto, (max-width: 455px) 100vw, 455px\" \/><\/p>\n<p>Link al file Geogebra: <a href=\"https:\/\/www.geogebra.org\/m\/W5TumCJN\">curvacampana<\/a><\/p>\n<p>Link al file: <a href=\"https:\/\/edulab.unitn.it\/wp-content\/uploads\/nfs\/DiCoMat\/probabilit%C3%A0\/distr_normale\/studenti\/2.1_capstudenti.pdf\">esplorazioni<\/a><\/p>\n<h5><strong>2.<\/strong> caratteristiche analitiche delle funzioni -attivita&#8217;-<\/h5>\n<p><strong>Riassumendo&#8230;<\/strong><\/p>\n<p>Mediante questa attivit\u00e0 vogliamo scoprire (e giustificare) alcune propriet\u00e0 della famiglia di funzioni <em>f<\/em>. Tra le possibili, abbiamo scelto di analizzare quelle di cui lo studente dovrebbe disporre in modo immediato lungo tutto il percorso: simmetrie del grafico, punto di massimo e punti di flesso.<\/p>\n<p><img loading=\"lazy\" decoding=\"async\" class=\"wp-image-861 aligncenter\" src=\"https:\/\/edulab.unitn.it\/dicomat\/wp-content\/uploads\/sites\/12\/2016\/11\/att2-300x111.png\" alt=\"\" width=\"489\" height=\"181\" srcset=\"https:\/\/edulab.unitn.it\/dicomat\/wp-content\/uploads\/sites\/12\/2016\/11\/att2-300x111.png 300w, https:\/\/edulab.unitn.it\/dicomat\/wp-content\/uploads\/sites\/12\/2016\/11\/att2-768x285.png 768w, https:\/\/edulab.unitn.it\/dicomat\/wp-content\/uploads\/sites\/12\/2016\/11\/att2-1024x381.png 1024w, https:\/\/edulab.unitn.it\/dicomat\/wp-content\/uploads\/sites\/12\/2016\/11\/att2.png 1305w\" sizes=\"auto, (max-width: 489px) 100vw, 489px\" \/><\/p>\n<p><img loading=\"lazy\" decoding=\"async\" class=\"wp-image-869 aligncenter\" src=\"https:\/\/edulab.unitn.it\/dicomat\/wp-content\/uploads\/sites\/12\/2016\/11\/riassatt-300x142.png\" alt=\"\" width=\"441\" height=\"209\" srcset=\"https:\/\/edulab.unitn.it\/dicomat\/wp-content\/uploads\/sites\/12\/2016\/11\/riassatt-300x142.png 300w, https:\/\/edulab.unitn.it\/dicomat\/wp-content\/uploads\/sites\/12\/2016\/11\/riassatt-768x364.png 768w, https:\/\/edulab.unitn.it\/dicomat\/wp-content\/uploads\/sites\/12\/2016\/11\/riassatt-1024x485.png 1024w, https:\/\/edulab.unitn.it\/dicomat\/wp-content\/uploads\/sites\/12\/2016\/11\/riassatt.png 1052w\" sizes=\"auto, (max-width: 441px) 100vw, 441px\" \/><\/p>\n<p>Link al file: <a href=\"https:\/\/edulab.unitn.it\/cloud\/index.php\/s\/dicomat\/download?path=%2Fprobabilit%C3%A0%2Fdistr_normale%2Fstudenti&amp;files=2.2_capstudenti.pdf\">caratt_analitiche<\/a><\/p>\n<h5><strong>3.<\/strong> significato geometrico dei parametri -attivita&#8217;-<\/h5>\n<p><strong>Riassumendo&#8230;<\/strong><\/p>\n<p>L&#8217;attivit\u00e0 \u00e8 improntata all&#8217;investigazione del significato geometrico dei parametri\u00a0\u03bc e\u00a0\u03c3 della famiglia di funzioni. Per attuare l&#8217;esplorazione, gli studenti hanno a disposizione un file Geogebra che viene qui usato non come semplice strumento di controllo, ma come supporto essenziale per condurre l&#8217;attivit\u00e0. Il software Geogebra si presta bene a questo compito, in quanto, mediante l&#8217;uso degli slider, permette di visualizzare in modo dinamico come cambiano i grafici al variare dei parametri.<\/p>\n<p><img loading=\"lazy\" decoding=\"async\" class=\"wp-image-862 aligncenter\" src=\"https:\/\/edulab.unitn.it\/dicomat\/wp-content\/uploads\/sites\/12\/2016\/11\/att3-300x119.png\" alt=\"\" width=\"479\" height=\"190\" srcset=\"https:\/\/edulab.unitn.it\/dicomat\/wp-content\/uploads\/sites\/12\/2016\/11\/att3-300x119.png 300w, https:\/\/edulab.unitn.it\/dicomat\/wp-content\/uploads\/sites\/12\/2016\/11\/att3-768x306.png 768w, https:\/\/edulab.unitn.it\/dicomat\/wp-content\/uploads\/sites\/12\/2016\/11\/att3-1024x407.png 1024w, https:\/\/edulab.unitn.it\/dicomat\/wp-content\/uploads\/sites\/12\/2016\/11\/att3.png 1307w\" sizes=\"auto, (max-width: 479px) 100vw, 479px\" \/><\/p>\n<p>Link al file Geogebra: <a href=\"https:\/\/www.geogebra.org\/m\/hZ6mnEqx\">parametri<\/a><\/p>\n<p>Link al file: <a href=\"https:\/\/edulab.unitn.it\/wp-content\/uploads\/nfs\/DiCoMat\/probabilit%C3%A0\/distr_normale\/studenti\/2.3_capstudenti.pdf\">parametri<\/a><\/p>\n<p>&nbsp;<\/p>\n<table style=\"background-color: #b1f2a7\">\n<tbody>\n<tr>\n<td>\n<p style=\"text-align: left\"><strong>DOWNLOAD<\/strong><\/p>\n<p style=\"text-align: left\">Una famiglia di funzioni: aspetti analitici\u00a0&#8211;\u00a0il punto di vista del docente <a href=\"https:\/\/edulab.unitn.it\/wp-content\/uploads\/nfs\/DiCoMat\/probabilit%C3%A0\/distr_normale\/docenti\/2_capdocenti.pdf\" target=\"_blank\" rel=\"noopener noreferrer\">\u00a0<i class=\"icon-download-alt\"><\/i>\u00a0<\/a><\/p>\n<p style=\"text-align: left\">Una famiglia di funzioni: aspetti analitici &#8211;\u00a0materiali per gli studenti\u00a0<a href=\"https:\/\/edulab.unitn.it\/wp-content\/uploads\/nfs\/DiCoMat\/probabilit%C3%A0\/distr_normale\/studenti\/2_capstudenti.pdf\" target=\"_blank\" rel=\"noopener noreferrer\">\u00a0<i class=\"icon-download-alt\"><\/i>\u00a0<\/a><\/p>\n<\/td>\n<\/tr>\n<\/tbody>\n<\/table>\n","protected":false},"excerpt":{"rendered":"<p>Modalit\u00e0 d&#8217;uso per il docente Appurata la loro significativit\u00e0, esaminiamo ora la famiglia di funzioni il cui grafico \u00e8 la curva &#8220;a campana&#8221; e decidiamo di farlo ivestigando prima sulle loro caratteristiche analitiche.\u00a0Il materiale proposto in questa sezione \u00e8 strutturato nella forma di attivit\u00e0 guidata: alla richiesta fanno seguito i suggerimenti, le indicazioni per l&#8217;uso &hellip; <a href=\"https:\/\/edulab.unitn.it\/dicomat\/probabilita\/la-distribuzione-normale-e-il-teorema-limite-centrale\/una-famiglia-di-funzioni-aspetti-analitici\/\" class=\"more-link\">Continua a leggere <span class=\"screen-reader-text\">Una famiglia di funzioni: aspetti analitici<\/span><\/a><\/p>\n","protected":false},"author":891,"featured_media":0,"parent":321,"menu_order":0,"comment_status":"closed","ping_status":"closed","template":"","meta":{"footnotes":""},"class_list":["post-332","page","type-page","status-publish","hentry"],"_links":{"self":[{"href":"https:\/\/edulab.unitn.it\/dicomat\/wp-json\/wp\/v2\/pages\/332","targetHints":{"allow":["GET"]}}],"collection":[{"href":"https:\/\/edulab.unitn.it\/dicomat\/wp-json\/wp\/v2\/pages"}],"about":[{"href":"https:\/\/edulab.unitn.it\/dicomat\/wp-json\/wp\/v2\/types\/page"}],"author":[{"embeddable":true,"href":"https:\/\/edulab.unitn.it\/dicomat\/wp-json\/wp\/v2\/users\/891"}],"replies":[{"embeddable":true,"href":"https:\/\/edulab.unitn.it\/dicomat\/wp-json\/wp\/v2\/comments?post=332"}],"version-history":[{"count":21,"href":"https:\/\/edulab.unitn.it\/dicomat\/wp-json\/wp\/v2\/pages\/332\/revisions"}],"predecessor-version":[{"id":2079,"href":"https:\/\/edulab.unitn.it\/dicomat\/wp-json\/wp\/v2\/pages\/332\/revisions\/2079"}],"up":[{"embeddable":true,"href":"https:\/\/edulab.unitn.it\/dicomat\/wp-json\/wp\/v2\/pages\/321"}],"wp:attachment":[{"href":"https:\/\/edulab.unitn.it\/dicomat\/wp-json\/wp\/v2\/media?parent=332"}],"curies":[{"name":"wp","href":"https:\/\/api.w.org\/{rel}","templated":true}]}}