{"id":334,"date":"2016-11-16T15:53:02","date_gmt":"2016-11-16T14:53:02","guid":{"rendered":"https:\/\/edulab.unitn.it\/dicomat\/?page_id=334"},"modified":"2021-05-25T09:32:03","modified_gmt":"2021-05-25T07:32:03","slug":"una-famiglia-di-funzioni-interpretazione-probabilistica","status":"publish","type":"page","link":"https:\/\/edulab.unitn.it\/dicomat\/probabilita\/la-distribuzione-normale-e-il-teorema-limite-centrale\/una-famiglia-di-funzioni-interpretazione-probabilistica\/","title":{"rendered":"Una famiglia di funzioni: interpretazione probabilistica"},"content":{"rendered":"<table style=\"border-color: #eb1a1a;background-color: #f0a5a5\">\n<tbody>\n<tr>\n<td style=\"border-color: #eb1a1a\"><em><strong>Modalit\u00e0 d&#8217;uso per il docente<\/strong><\/em><\/p>\n<p><i>La famiglia di funzioni, fino a qui studiata dal punto di vista analitico, viene adesso interpretata in termini probabilistici. I\u00a0primi due materiali di questa sezione sono <span style=\"text-decoration: underline\">dispense<\/span>, pensate a supporto di una\u00a0lezione condotta in modalit\u00e0 partecipata dal docente.<\/i><\/p>\n<p><i>Terminata questa fase di analisi, agli studenti viene proposta un&#8217;<\/i><span style=\"text-decoration: underline\"><em>attivit\u00e0<\/em><\/span><i> guidata, nella forma di quesito, suggerimento e risoluzione. Perci\u00f2 pu\u00f2 essere proposta per il lavoro individuale, sempre che gli studenti dispongano con sicurezza dello strumento integrale.<\/i><\/td>\n<\/tr>\n<\/tbody>\n<\/table>\n<h5><strong>1.<\/strong> funzione di densita&#8217;<\/h5>\n<p><strong>Riassumendo&#8230;<\/strong><\/p>\n<p>L&#8217;interpretazione probabilistica della famiglia di funzioni in esame inizia con l&#8217;analisi del ruolo della funzione <em>f<\/em> quale densit\u00e0 di probabilit\u00e0. Osserviamo che, solo dopo le diverse attivit\u00e0 esplorative proposte nella sezione <a href=\"https:\/\/edulab.unitn.it\/dicomat\/probabilita\/la-distribuzione-normale-e-il-teorema-limite-centrale\/una-famiglia-di-funzioni-aspetti-analitici\/\">precedente<\/a>, arriviamo a precisare la definizione di densit\u00e0 normale e variabile aleatoria normale.<\/p>\n<p><img loading=\"lazy\" decoding=\"async\" class=\"wp-image-879 aligncenter\" src=\"https:\/\/edulab.unitn.it\/dicomat\/wp-content\/uploads\/sites\/12\/2016\/11\/punto1-300x232.png\" alt=\"\" width=\"455\" height=\"351\" srcset=\"https:\/\/edulab.unitn.it\/dicomat\/wp-content\/uploads\/sites\/12\/2016\/11\/punto1-300x232.png 300w, https:\/\/edulab.unitn.it\/dicomat\/wp-content\/uploads\/sites\/12\/2016\/11\/punto1.png 722w\" sizes=\"auto, (max-width: 455px) 100vw, 455px\" \/><\/p>\n<p>Link al file: <a href=\"https:\/\/edulab.unitn.it\/wp-content\/uploads\/nfs\/DiCoMat\/probabilit%C3%A0\/distr_normale\/studenti\/3.1_capstudenti.pdf\">densit\u00e0<\/a><\/p>\n<h5><strong>2.<\/strong> significato probabilistico dei parametri<\/h5>\n<p><strong>Riassumendo&#8230;<\/strong><\/p>\n<p>Proseguiamo l&#8217;attivit\u00e0 interpretativa, passando a sondare il significato probabilistico dei parametri. Le conclusioni a cui giungeremo rappresentano il punto d&#8217;arrivo del segmento di percorso relativo all&#8217;esame della nostra famiglia di funzioni.<\/p>\n<p><img loading=\"lazy\" decoding=\"async\" class=\"wp-image-880 aligncenter\" src=\"https:\/\/edulab.unitn.it\/dicomat\/wp-content\/uploads\/sites\/12\/2016\/11\/punto2-300x179.png\" alt=\"\" width=\"462\" height=\"276\" srcset=\"https:\/\/edulab.unitn.it\/dicomat\/wp-content\/uploads\/sites\/12\/2016\/11\/punto2-300x179.png 300w, https:\/\/edulab.unitn.it\/dicomat\/wp-content\/uploads\/sites\/12\/2016\/11\/punto2-768x457.png 768w, https:\/\/edulab.unitn.it\/dicomat\/wp-content\/uploads\/sites\/12\/2016\/11\/punto2.png 956w\" sizes=\"auto, (max-width: 462px) 100vw, 462px\" \/><\/p>\n<p>Link al file:\u00a0<a href=\"https:\/\/edulab.unitn.it\/wp-content\/uploads\/nfs\/DiCoMat\/probabilit%C3%A0\/distr_normale\/studenti\/3.2_capstudenti.pdf\">parametri<\/a><\/p>\n<h5><strong>3.<\/strong> media e varianza della distribuzione normale standard -attivita&#8217;-<\/h5>\n<p><strong>Riassumendo&#8230;<\/strong><\/p>\n<p>Dopo aver formulato una congettura sui valori della media e della varianza della variabile aleatoria normale standard <em>Z<\/em>, puntiamo a <em>dimostrarne<\/em> la validit\u00e0. Il valore formativo della\u00a0dimostrazione, al di l\u00e0 del risultato, risiede soprattutto nell&#8217;utilizzo dell&#8217;integrale come strumento in vista di un obiettivo ed \u00e8 arricchito dalla possibilit\u00e0 di sfruttare le simmetrie del problema, evitando cos\u00ec di ricorrere al calcolo brutale.<\/p>\n<p><img loading=\"lazy\" decoding=\"async\" class=\"wp-image-881 aligncenter\" src=\"https:\/\/edulab.unitn.it\/dicomat\/wp-content\/uploads\/sites\/12\/2016\/11\/dim1-300x59.png\" alt=\"\" width=\"503\" height=\"99\" srcset=\"https:\/\/edulab.unitn.it\/dicomat\/wp-content\/uploads\/sites\/12\/2016\/11\/dim1-300x59.png 300w, https:\/\/edulab.unitn.it\/dicomat\/wp-content\/uploads\/sites\/12\/2016\/11\/dim1-768x150.png 768w, https:\/\/edulab.unitn.it\/dicomat\/wp-content\/uploads\/sites\/12\/2016\/11\/dim1-1024x200.png 1024w, https:\/\/edulab.unitn.it\/dicomat\/wp-content\/uploads\/sites\/12\/2016\/11\/dim1.png 1308w\" sizes=\"auto, (max-width: 503px) 100vw, 503px\" \/><\/p>\n<p>Link al file:\u00a0<a href=\"https:\/\/edulab.unitn.it\/wp-content\/uploads\/nfs\/DiCoMat\/probabilit%C3%A0\/distr_normale\/studenti\/3.3_capstudenti.pdf\">mediavarianza<\/a><\/p>\n<p>&nbsp;<\/p>\n<table style=\"background-color: #b1f2a7\">\n<tbody>\n<tr>\n<td>\n<p style=\"text-align: left\"><strong>DOWNLOAD<\/strong><\/p>\n<p style=\"text-align: left\">Una famiglia di funzioni: interpretazione probabilistica\u00a0&#8211;\u00a0il punto di vista del docente <a href=\"https:\/\/edulab.unitn.it\/wp-content\/uploads\/nfs\/DiCoMat\/probabilit%C3%A0\/distr_normale\/docenti\/3_capdocenti.pdf\" target=\"_blank\" rel=\"noopener noreferrer\">\u00a0<i class=\"icon-download-alt\"><\/i>\u00a0<\/a><\/p>\n<p style=\"text-align: left\">Una famiglia di funzioni: interpretazione probabilistica\u00a0&#8211;\u00a0materiali per gli studenti\u00a0<a href=\"https:\/\/edulab.unitn.it\/wp-content\/uploads\/nfs\/DiCoMat\/probabilit%C3%A0\/distr_normale\/studenti\/3_capstudenti.pdf\" target=\"_blank\" rel=\"noopener noreferrer\">\u00a0<i class=\"icon-download-alt\"><\/i>\u00a0<\/a><\/p>\n<\/td>\n<\/tr>\n<\/tbody>\n<\/table>\n","protected":false},"excerpt":{"rendered":"<p>Modalit\u00e0 d&#8217;uso per il docente La famiglia di funzioni, fino a qui studiata dal punto di vista analitico, viene adesso interpretata in termini probabilistici. I\u00a0primi due materiali di questa sezione sono dispense, pensate a supporto di una\u00a0lezione condotta in modalit\u00e0 partecipata dal docente. Terminata questa fase di analisi, agli studenti viene proposta un&#8217;attivit\u00e0 guidata, nella &hellip; <a href=\"https:\/\/edulab.unitn.it\/dicomat\/probabilita\/la-distribuzione-normale-e-il-teorema-limite-centrale\/una-famiglia-di-funzioni-interpretazione-probabilistica\/\" class=\"more-link\">Continua a leggere <span class=\"screen-reader-text\">Una famiglia di funzioni: interpretazione probabilistica<\/span><\/a><\/p>\n","protected":false},"author":891,"featured_media":0,"parent":321,"menu_order":0,"comment_status":"closed","ping_status":"closed","template":"","meta":{"footnotes":""},"class_list":["post-334","page","type-page","status-publish","hentry"],"_links":{"self":[{"href":"https:\/\/edulab.unitn.it\/dicomat\/wp-json\/wp\/v2\/pages\/334","targetHints":{"allow":["GET"]}}],"collection":[{"href":"https:\/\/edulab.unitn.it\/dicomat\/wp-json\/wp\/v2\/pages"}],"about":[{"href":"https:\/\/edulab.unitn.it\/dicomat\/wp-json\/wp\/v2\/types\/page"}],"author":[{"embeddable":true,"href":"https:\/\/edulab.unitn.it\/dicomat\/wp-json\/wp\/v2\/users\/891"}],"replies":[{"embeddable":true,"href":"https:\/\/edulab.unitn.it\/dicomat\/wp-json\/wp\/v2\/comments?post=334"}],"version-history":[{"count":15,"href":"https:\/\/edulab.unitn.it\/dicomat\/wp-json\/wp\/v2\/pages\/334\/revisions"}],"predecessor-version":[{"id":2081,"href":"https:\/\/edulab.unitn.it\/dicomat\/wp-json\/wp\/v2\/pages\/334\/revisions\/2081"}],"up":[{"embeddable":true,"href":"https:\/\/edulab.unitn.it\/dicomat\/wp-json\/wp\/v2\/pages\/321"}],"wp:attachment":[{"href":"https:\/\/edulab.unitn.it\/dicomat\/wp-json\/wp\/v2\/media?parent=334"}],"curies":[{"name":"wp","href":"https:\/\/api.w.org\/{rel}","templated":true}]}}