{"id":340,"date":"2016-11-16T16:01:03","date_gmt":"2016-11-16T15:01:03","guid":{"rendered":"https:\/\/edulab.unitn.it\/dicomat\/?page_id=340"},"modified":"2021-05-25T09:36:51","modified_gmt":"2021-05-25T07:36:51","slug":"applicazioni","status":"publish","type":"page","link":"https:\/\/edulab.unitn.it\/dicomat\/probabilita\/la-distribuzione-normale-e-il-teorema-limite-centrale\/applicazioni\/","title":{"rendered":"Applicazioni"},"content":{"rendered":"<table style=\"border-color: #eb1a1a;background-color: #f0a5a5\">\n<tbody>\n<tr>\n<td style=\"border-color: #eb1a1a\"><em><strong>Modalit\u00e0 d&#8217;uso per il docente<\/strong><\/em><\/p>\n<p><i>Arrivati a questo punto, gli studenti dovrebbero essere in grado di risolvere <span style=\"text-decoration: underline\">problemi<\/span> relativi alla distribuzione normale. I materiali proposti sono perci\u00f2 pensati per poter essere assegnati come lavoro individuale.<\/i><\/td>\n<\/tr>\n<\/tbody>\n<\/table>\n<h5><strong>1.<\/strong> un problema diretto: la produzione di barre<\/h5>\n<p><strong>Riassumendo&#8230;<\/strong><\/p>\n<p>Il primo punto di questo esercizio \u00e8 stato assegnato in un esame di Stato del 1998 e rappresenta una buona occasione per gli studenti di lavorare su un contesto vicino al reale. Il secondo punto, invece, lo abbiamo aggiunto per dare significato e rendere concreto il risultato appena trovato.<\/p>\n<p><img loading=\"lazy\" decoding=\"async\" class=\"wp-image-908 aligncenter\" src=\"https:\/\/edulab.unitn.it\/dicomat\/wp-content\/uploads\/sites\/12\/2016\/11\/pbl1-300x162.png\" alt=\"\" width=\"487\" height=\"263\" srcset=\"https:\/\/edulab.unitn.it\/dicomat\/wp-content\/uploads\/sites\/12\/2016\/11\/pbl1-300x162.png 300w, https:\/\/edulab.unitn.it\/dicomat\/wp-content\/uploads\/sites\/12\/2016\/11\/pbl1-768x415.png 768w, https:\/\/edulab.unitn.it\/dicomat\/wp-content\/uploads\/sites\/12\/2016\/11\/pbl1-1024x554.png 1024w, https:\/\/edulab.unitn.it\/dicomat\/wp-content\/uploads\/sites\/12\/2016\/11\/pbl1.png 1045w\" sizes=\"auto, (max-width: 487px) 100vw, 487px\" \/><\/p>\n<p>Link al file: <a href=\"https:\/\/edulab.unitn.it\/wp-content\/uploads\/nfs\/DiCoMat\/probabilit%C3%A0\/distr_normale\/studenti\/6.1_capstudenti.pdf\">problema1<\/a><\/p>\n<h5><strong>2.<\/strong> un problema inverso: il periodo di funzionamento di un prodotto<\/h5>\n<p><strong>Riassumendo&#8230;<\/strong><\/p>\n<p>Questo \u00e8 un esempio di problema che denotiamo come &#8220;inverso&#8221;: noto il valore di probabilit\u00e0, si chiede di ricavare l&#8217;intervallo di variabilit\u00e0 della variabile aleatoria normale. Per risolvere questa questione, lo studente deve quindi leggere le tavole in verso contrario rispetto a quello seguito nel problema precedente.<\/p>\n<p><img loading=\"lazy\" decoding=\"async\" class=\"wp-image-909 aligncenter\" src=\"https:\/\/edulab.unitn.it\/dicomat\/wp-content\/uploads\/sites\/12\/2016\/11\/pbl2-300x79.png\" alt=\"\" width=\"494\" height=\"130\" srcset=\"https:\/\/edulab.unitn.it\/dicomat\/wp-content\/uploads\/sites\/12\/2016\/11\/pbl2-300x79.png 300w, https:\/\/edulab.unitn.it\/dicomat\/wp-content\/uploads\/sites\/12\/2016\/11\/pbl2-768x203.png 768w, https:\/\/edulab.unitn.it\/dicomat\/wp-content\/uploads\/sites\/12\/2016\/11\/pbl2-1024x270.png 1024w, https:\/\/edulab.unitn.it\/dicomat\/wp-content\/uploads\/sites\/12\/2016\/11\/pbl2.png 1307w\" sizes=\"auto, (max-width: 494px) 100vw, 494px\" \/><\/p>\n<p>Link al file: <a href=\"https:\/\/edulab.unitn.it\/wp-content\/uploads\/nfs\/DiCoMat\/probabilit%C3%A0\/distr_normale\/studenti\/6.2_capstudenti.pdf\">problema2<\/a><\/p>\n<h5><strong>3.<\/strong> altezze di una popolazione: aspetti quantitativi<\/h5>\n<p><strong>Riassumendo&#8230;<\/strong><\/p>\n<p>Torniamo ad occuparci della distribuzione delle altezze di una popolazione omogenea: \u00e8 una delle situazioni che ha motivato lo studio del modello probabilistico normale e a questo punto del percorso gli studenti dispongono degli strumenti per affrontarla quantitativamente.<\/p>\n<p><img loading=\"lazy\" decoding=\"async\" class=\"wp-image-910 aligncenter\" src=\"https:\/\/edulab.unitn.it\/dicomat\/wp-content\/uploads\/sites\/12\/2016\/11\/pbl3-300x80.png\" alt=\"\" width=\"506\" height=\"135\" srcset=\"https:\/\/edulab.unitn.it\/dicomat\/wp-content\/uploads\/sites\/12\/2016\/11\/pbl3-300x80.png 300w, https:\/\/edulab.unitn.it\/dicomat\/wp-content\/uploads\/sites\/12\/2016\/11\/pbl3-768x204.png 768w, https:\/\/edulab.unitn.it\/dicomat\/wp-content\/uploads\/sites\/12\/2016\/11\/pbl3-1024x272.png 1024w, https:\/\/edulab.unitn.it\/dicomat\/wp-content\/uploads\/sites\/12\/2016\/11\/pbl3.png 1307w\" sizes=\"auto, (max-width: 506px) 100vw, 506px\" \/><\/p>\n<p>Link al file: <a href=\"https:\/\/edulab.unitn.it\/wp-content\/uploads\/nfs\/DiCoMat\/probabilit%C3%A0\/distr_normale\/studenti\/6.3_capstudenti.pdf\">problema3<\/a><\/p>\n<h5><strong>4.<\/strong> la curva normale: l&#8217;ordine nel caos -lettura-<\/h5>\n<p><strong>Riassumendo&#8230;<\/strong><\/p>\n<p>Fin qui abbiamo esaminato soprattutto gli aspetti quantitativi legati alla distribuzione normale, ma non abbiamo ancora utilizzato i nuovi strumenti in nostro possesso per interpretare anche qualitativamente delle situazioni reali. A tale proposito, un riferimento davvero interessante \u00e8 costituito da alcuni passi del libro di Mlodinow, <em>&#8220;La passeggiata dell&#8217;ubriaco &#8211; Le leggi scientifiche del caso&#8221;<\/em>. Essi forniscono il contesto in cui ambientare domande mirate che ne permettano un utilizzo attivo da parte dello studente.<\/p>\n<p>Link al file:\u00a0<a href=\"https:\/\/edulab.unitn.it\/wp-content\/uploads\/nfs\/DiCoMat\/probabilit%C3%A0\/distr_normale\/studenti\/6.4_capstudenti.pdf\">lettura<\/a><\/p>\n<p>&nbsp;<\/p>\n<table style=\"background-color: #b1f2a7\">\n<tbody>\n<tr>\n<td>\n<p style=\"text-align: left\"><strong>DOWNLOAD<\/strong><\/p>\n<p style=\"text-align: left\">Applicazioni &#8211;\u00a0il punto di vista del docente <a href=\"https:\/\/edulab.unitn.it\/wp-content\/uploads\/nfs\/DiCoMat\/probabilit%C3%A0\/distr_normale\/docenti\/6_capdocenti.pdf\" target=\"_blank\" rel=\"noopener noreferrer\">\u00a0<i class=\"icon-download-alt\"><\/i>\u00a0<\/a><\/p>\n<p style=\"text-align: left\">Applicazioni &#8211;\u00a0materiali per gli studenti\u00a0<a href=\"https:\/\/edulab.unitn.it\/wp-content\/uploads\/nfs\/DiCoMat\/probabilit%C3%A0\/distr_normale\/studenti\/6_capstudenti.pdf\" target=\"_blank\" rel=\"noopener noreferrer\">\u00a0<i class=\"icon-download-alt\"><\/i>\u00a0<\/a><\/p>\n<\/td>\n<\/tr>\n<\/tbody>\n<\/table>\n","protected":false},"excerpt":{"rendered":"<p>Modalit\u00e0 d&#8217;uso per il docente Arrivati a questo punto, gli studenti dovrebbero essere in grado di risolvere problemi relativi alla distribuzione normale. I materiali proposti sono perci\u00f2 pensati per poter essere assegnati come lavoro individuale. 1. un problema diretto: la produzione di barre Riassumendo&#8230; Il primo punto di questo esercizio \u00e8 stato assegnato in un &hellip; <a href=\"https:\/\/edulab.unitn.it\/dicomat\/probabilita\/la-distribuzione-normale-e-il-teorema-limite-centrale\/applicazioni\/\" class=\"more-link\">Continua a leggere <span class=\"screen-reader-text\">Applicazioni<\/span><\/a><\/p>\n","protected":false},"author":891,"featured_media":0,"parent":321,"menu_order":0,"comment_status":"closed","ping_status":"closed","template":"","meta":{"footnotes":""},"class_list":["post-340","page","type-page","status-publish","hentry"],"_links":{"self":[{"href":"https:\/\/edulab.unitn.it\/dicomat\/wp-json\/wp\/v2\/pages\/340","targetHints":{"allow":["GET"]}}],"collection":[{"href":"https:\/\/edulab.unitn.it\/dicomat\/wp-json\/wp\/v2\/pages"}],"about":[{"href":"https:\/\/edulab.unitn.it\/dicomat\/wp-json\/wp\/v2\/types\/page"}],"author":[{"embeddable":true,"href":"https:\/\/edulab.unitn.it\/dicomat\/wp-json\/wp\/v2\/users\/891"}],"replies":[{"embeddable":true,"href":"https:\/\/edulab.unitn.it\/dicomat\/wp-json\/wp\/v2\/comments?post=340"}],"version-history":[{"count":11,"href":"https:\/\/edulab.unitn.it\/dicomat\/wp-json\/wp\/v2\/pages\/340\/revisions"}],"predecessor-version":[{"id":2086,"href":"https:\/\/edulab.unitn.it\/dicomat\/wp-json\/wp\/v2\/pages\/340\/revisions\/2086"}],"up":[{"embeddable":true,"href":"https:\/\/edulab.unitn.it\/dicomat\/wp-json\/wp\/v2\/pages\/321"}],"wp:attachment":[{"href":"https:\/\/edulab.unitn.it\/dicomat\/wp-json\/wp\/v2\/media?parent=340"}],"curies":[{"name":"wp","href":"https:\/\/api.w.org\/{rel}","templated":true}]}}