{"id":50,"date":"2016-11-07T09:35:44","date_gmt":"2016-11-07T08:35:44","guid":{"rendered":"https:\/\/edulab.unitn.it\/dicomat\/?page_id=50"},"modified":"2021-05-25T09:44:09","modified_gmt":"2021-05-25T07:44:09","slug":"un-percorso-sulla-distribuzione-di-poisson","status":"publish","type":"page","link":"https:\/\/edulab.unitn.it\/dicomat\/probabilita\/un-percorso-sulla-distribuzione-di-poisson\/","title":{"rendered":"La distribuzione di Poisson"},"content":{"rendered":"<blockquote>\n<p style=\"text-align: right\"><span style=\"font-size: normal\">\u201cLa chiave per comprendere la casualit\u00e0, e<br \/>\ntutta la matematica, \u00e8 proprio il fatto di<br \/>\nnon saper intuire all\u2019istante la risposta a<br \/>\nogni problema: l\u2019importante \u00e8 possedere gli<br \/>\nstrumenti per dedurre la risposta.\u201d<br \/>\nMlodinow L.<\/span><\/p>\n<\/blockquote>\n<h4><strong>Presentazione<\/strong><\/h4>\n<p><em>Come\u00a0tesi di laurea magistrale in matematica (anno accademico 2015-16) ho ideato\u00a0e discusso\u00a0un percorso didattico per la classe\u00a0quinta del Liceo Scientifico riguardante la distribuzione di Poisson. Il lavoro di tesi non sarebbe stato lo stesso senza la guida del mio relatore, Prof. Stefano Bonaccorsi e del mio correlatore, Prof. Luciano Cappello. L&#8217;obiettivo di questo sito \u00e8 quello di condividere e mettere a disposizione il percorso e i materiali didattici realizzati per i docenti che li volessero proporre in classe.<\/em><\/p>\n<p>L&#8217;intero progetto ha sullo sfondo il <strong>corso di formazione<\/strong> per docenti \u201cDidattica della probabilit\u00e0\u00a0per la secondaria di secondo grado\u201d, organizzato nell\u2019anno scolastico 2015-16 dal\u00a0Laboratorio di Didattica e Comunicazione della Matematica dell\u2019Universit\u00e0 degli Studi\u00a0di Trento (<strong>DiCoMat Lab<\/strong>), in collaborazione con l\u2019Istituto Provinciale per la Ricerca e\u00a0la Sperimentazione Educativa (<strong>Iprase<\/strong>).<br \/>\nMa l\u2019esperienza pi\u00f9 significativa che mi ha personalmente coinvolta durante il lavoro di tesi \u00e8 stata la <strong>sperimentazione<\/strong> in classe del\u00a0percorso, presso il Liceo \u201cG.B. Brocchi\u201d di Bassano del Grappa (VI) ed altri Licei veneti e trentini, in quest&#8217;ambito ho rivestito nel contempo il ruolo di ricercatrice e di docente.<\/p>\n<p>I <strong>materiali<\/strong> realizzati a supporto delle\u00a0attivit\u00e0 didattiche sono orientati\u00a0all\u2019attivit\u00e0 autonoma dello studente.\u00a0Di conseguenza il software <em>GeoGebra<\/em> e soprattutto i <em>video didattici<\/em> sono gli strumenti adeguati allo scopo. In particolare, i filmati didattici rappresentano\u00a0un mezzo innovativo dalle enormi potenzialit\u00e0 formative, grazie anche alla ricchezza dei\u00a0registri comunicativi che utilizzano; del resto essi catturano l\u2019interesse degli studenti e\u00a0sono vicini alla loro sensibilit\u00e0.<\/p>\n<p style=\"text-align: right\">Erica Scapin<\/p>\n<hr \/>\n<h4>\u00a0<strong>Un percorso didattico<\/strong><\/h4>\n<p><em>Di seguito illustriamo sinteticamente lo sviluppo del percorso didattico che abbiamo ideato sulla distribuzione di Poisson.<\/em><\/p>\n<p><a href=\"https:\/\/edulab.unitn.it\/dicomat\/un-percorso-sulla-distribuzione-di-poisson\/situazioni-motivanti\/\"><strong><span style=\"color: blue\">Situazioni motivanti<\/span><\/strong><\/a><br \/>\nPensiamo sia efficace introdurre la distribuzione di Poisson come uno strumento matematico che consente di\u00a0 modellizzare situazioni caratterizzare da eventi \u201crari\u201d: l\u2019arrivo di una telefonata in un intervallo di tempo breve (5 secondi) al centralino di una piccola\u00a0azienda, l\u2019emissione radioattiva, fare \u201c6\u201d al SuperEnalotto&#8230;<br \/>\nInformalmente con \u201crari\u201d\u00a0intendiamo che tali eventi accadono \u201cpoche\u201d volte rispetto\u00a0al numero di prove che si considerano. In questi contesti ci poniamo un problema di conteggio: determinare la probabilit\u00e0 che in un intervallo fissato l\u2019evento in esame (la telefonata, l\u2019emissione,&#8230;) accada un certo numero di\u00a0volte.<\/p>\n<p><a href=\"https:\/\/edulab.unitn.it\/dicomat\/un-percorso-sulla-distribuzione-di-poisson\/il-modello-binomiale\/\"><strong><span style=\"color: blue\">Il modello binomiale<\/span><\/strong><\/a><br \/>\nIn un primo momento preferiamo rappresentare la situazione mediante un opportuno modello binomiale, con il quale gli studenti dovrebbero avere gi\u00e0 confidenza. I limiti di tale rappresentazione dovrebbero poi far nascere l\u2019esigenza di costruire un modello pi\u00f9 efficiente dal punto di vista computazionale e pi\u00f9 espressivo, cio\u00e8 che dipenda dal parametro che caratterizza la situazione:\u00a0il numero medio di realizzazioni\u00a0dell\u2019evento nell\u2019intervallo fissato.<\/p>\n<p><a href=\"https:\/\/edulab.unitn.it\/dicomat\/un-percorso-sulla-distribuzione-di-poisson\/un-nuovo-modello\/\"><strong><span style=\"color: blue\"> Un nuovo modello<\/span><\/strong><\/a><br \/>\nL\u2019idea \u00e8 di considerare il limite della distribuzione binomiale quando il numero di prove tende all\u2019infinito, in opportune ipotesi. La formalizzazione di tale costruzione \u00e8 un significativo esercizio sui limiti, che presentiamo come attivit\u00e0 guidata per il lavoro autonomo dello studente, ma che pu\u00f2 essere omessa senza per questo precludere la comprensione di quanto segue.<\/p>\n<p><a href=\"https:\/\/edulab.unitn.it\/dicomat\/un-percorso-sulla-distribuzione-di-poisson\/la-distribuzione-di-poisson\/\"><strong><span style=\"color: blue\">La distribuzione di Poisson<\/span><\/strong><\/a><br \/>\nAbbiamo cos\u00ec ottenuto\u00a0l\u2019espressione analitica di una nuova distribuzione di probabilit\u00e0 che si indica come distribuzione di Poisson o come \u201clegge dei piccoli numeri\u201d. Essa dipende da un parametro che ha il significato di numero medio di realizzazioni dell\u2019evento nell\u2019intervallo considerato. Data la sua importanza merita investigarne ulteriormente il significato mediante attivit\u00e0 laboratoriali che ne evidenzieranno la portata geometrica ed il legame con gli indici della distribuzione.<\/p>\n<p><a href=\"https:\/\/edulab.unitn.it\/dicomat\/un-percorso-sulla-distribuzione-di-poisson\/non-solo-calcoli\/\"><strong><span style=\"color: blue\">Non solo calcoli<\/span><\/strong><\/a><br \/>\nPrima di\u00a0proseguire con attivit\u00e0 pi\u00f9 impegnative \u00e8 opportuno che gli studenti sappiano operare con sicurezza con la distribuzione di Poisson. Pertanto proponiamo alcune questioni di consolidamento: quesiti dall\u2019Esame di Stato, rappresentazione di situazioni reali ed esercizi teorici. Del resto tale attivit\u00e0 \u00e8 strutturata in modo da favorire lo sviluppo di abilit\u00e0\/competenze quali l\u2019interpretazione del testo, il passaggio da una forma di rappresentazione all\u2019altra, l\u2019argomentazione, l&#8217;autovalutazione&#8230;<\/p>\n<p><a href=\"https:\/\/edulab.unitn.it\/dicomat\/un-percorso-sulla-distribuzione-di-poisson\/applicazioni\/\"><strong><span style=\"color: blue\">Applicazioni<\/span><\/strong><\/a><br \/>\nAncora pi\u00f9 rilevante dal punto di vista didattico \u00e8 la discussione di\u00a0alcune applicazioni dello schema di Poisson in contesti pi\u00f9 articolati, quali il lancio di\u00a0bombe su Londra durante la Seconda Guerra Mondiale, l\u2019esperimento storico di\u00a0Rutherford sull\u2019emissione radioattiva o il numero di vincitori al SuperEnalotto.<br \/>\nInfatti, in tali ambiti, il modello consente di effettuare previsioni oppure di fare<br \/>\naffermazioni significative; ad esempio permette di dire che il bombardamento su<br \/>\nLondra non \u00e8 stato necessariamente mirato oppure che \u00e8 plausibile che le emissioni\u00a0radioattive siano casuali e \u201cuniformi\u201d.<\/p>\n<p><a href=\"https:\/\/edulab.unitn.it\/dicomat\/un-percorso-sulla-distribuzione-di-poisson\/indici-della-distribuzione\/\"><strong><span style=\"color: blue\">Indici della distribuzione<\/span><\/strong><\/a><br \/>\nIl legame tra\u00a0la distribuzione binomiale e quella di Poisson viene ancora sfruttato in un\u2019ultima attivit\u00e0 esplorativa: la determinazione degli indici della distribuzione di Poisson. Questi si possono ottenere come limite dei corrispondenti indici della binomiale mediante l&#8217;attivit\u00e0 interattiva proposta.<\/p>\n<p>&nbsp;<\/p>\n<table style=\"border-color: #eb1a1a;background-color: #f0a5a5\">\n<tbody>\n<tr>\n<td style=\"border-color: #eb1a1a\"><em>Ad ogni sezione del percorso \u00e8 dedicata una pagina in cui si possono trovare: le <strong>modalit\u00e0 d&#8217;uso<\/strong> per cui \u00e8 stato ideato il materiale, i <strong>link<\/strong> per scaricare i <strong>singoli<\/strong> <strong>materiali<\/strong>, una breve <strong>anteprima<\/strong>\u00a0del materiale, un\u00a0<strong>riquadro di download<\/strong> riassuntivo da cui scaricare il <strong>materiale complessivo della sezione <\/strong>e un <strong>approfondimento per il docente<\/strong> che tratta sia aspetti didattici che teorici rispetto al tema in esame.<\/em><\/td>\n<\/tr>\n<\/tbody>\n<\/table>\n<p>&nbsp;<\/p>\n<table style=\"background-color: #b1f2a7\">\n<tbody>\n<tr>\n<td>\n<p style=\"text-align: left\"><strong>DOWNLOAD<\/strong><\/p>\n<p style=\"text-align: left\">Materiale completo per lo studente: <a href=\"https:\/\/edulab.unitn.it\/wp-content\/uploads\/nfs\/DiCoMat\/probabilit%C3%A0\/Poisson\/Materiale.pdf\" target=\"_blank\" rel=\"noopener noreferrer\">Materiale\u00a0<i class=\"icon-download-alt\"><\/i>\u00a0<\/a><\/p>\n<p style=\"text-align: left\">Approfondimenti per il docente: <a href=\"https:\/\/edulab.unitn.it\/wp-content\/uploads\/nfs\/DiCoMat\/probabilit%C3%A0\/Poisson\/Docente.pdf\" target=\"_blank\" rel=\"noopener noreferrer\">Approfondimenti\u00a0<i class=\"icon-download-alt\"><\/i>\u00a0<\/a><\/p>\n<p style=\"text-align: left\"><a href=\"https:\/\/edulab.unitn.it\/wp-content\/uploads\/nfs\/DiCoMat\/probabilit%C3%A0\/Poisson\/Bibliografia.pdf\" target=\"_blank\" rel=\"noopener noreferrer\">La bibliografia\u00a0\u00a0<i class=\"icon-download-alt\"><\/i>\u00a0<\/a><\/p>\n<\/td>\n<\/tr>\n<\/tbody>\n<\/table>\n<p>&nbsp;<\/p>\n<p><a href=\"https:\/\/edulab.unitn.it\/dicomat\/presentazione\/\"><span style=\"color: blue\">\u00a0<i class=\"icon-external-link-sign\"><\/i>\u00a0<\/span><\/a><a href=\"https:\/\/edulab.unitn.it\/dicomat\/i-criteri-didattici\/\"><span style=\"color: blue\">Vai ai criteri didattici.<\/span><\/a><\/p>\n<p>&nbsp;<\/p>\n","protected":false},"excerpt":{"rendered":"<p>\u201cLa chiave per comprendere la casualit\u00e0, e tutta la matematica, \u00e8 proprio il fatto di non saper intuire all\u2019istante la risposta a ogni problema: l\u2019importante \u00e8 possedere gli strumenti per dedurre la risposta.\u201d Mlodinow L. Presentazione Come\u00a0tesi di laurea magistrale in matematica (anno accademico 2015-16) ho ideato\u00a0e discusso\u00a0un percorso didattico per la classe\u00a0quinta del Liceo &hellip; <a href=\"https:\/\/edulab.unitn.it\/dicomat\/probabilita\/un-percorso-sulla-distribuzione-di-poisson\/\" class=\"more-link\">Continua a leggere <span class=\"screen-reader-text\">La distribuzione di Poisson<\/span><\/a><\/p>\n","protected":false},"author":872,"featured_media":0,"parent":390,"menu_order":3,"comment_status":"closed","ping_status":"closed","template":"","meta":{"footnotes":""},"class_list":["post-50","page","type-page","status-publish","hentry"],"_links":{"self":[{"href":"https:\/\/edulab.unitn.it\/dicomat\/wp-json\/wp\/v2\/pages\/50","targetHints":{"allow":["GET"]}}],"collection":[{"href":"https:\/\/edulab.unitn.it\/dicomat\/wp-json\/wp\/v2\/pages"}],"about":[{"href":"https:\/\/edulab.unitn.it\/dicomat\/wp-json\/wp\/v2\/types\/page"}],"author":[{"embeddable":true,"href":"https:\/\/edulab.unitn.it\/dicomat\/wp-json\/wp\/v2\/users\/872"}],"replies":[{"embeddable":true,"href":"https:\/\/edulab.unitn.it\/dicomat\/wp-json\/wp\/v2\/comments?post=50"}],"version-history":[{"count":31,"href":"https:\/\/edulab.unitn.it\/dicomat\/wp-json\/wp\/v2\/pages\/50\/revisions"}],"predecessor-version":[{"id":2090,"href":"https:\/\/edulab.unitn.it\/dicomat\/wp-json\/wp\/v2\/pages\/50\/revisions\/2090"}],"up":[{"embeddable":true,"href":"https:\/\/edulab.unitn.it\/dicomat\/wp-json\/wp\/v2\/pages\/390"}],"wp:attachment":[{"href":"https:\/\/edulab.unitn.it\/dicomat\/wp-json\/wp\/v2\/media?parent=50"}],"curies":[{"name":"wp","href":"https:\/\/api.w.org\/{rel}","templated":true}]}}