{"id":59,"date":"2016-11-07T09:43:28","date_gmt":"2016-11-07T08:43:28","guid":{"rendered":"https:\/\/edulab.unitn.it\/dicomat\/?page_id=59"},"modified":"2021-05-25T09:49:11","modified_gmt":"2021-05-25T07:49:11","slug":"un-nuovo-modello","status":"publish","type":"page","link":"https:\/\/edulab.unitn.it\/dicomat\/probabilita\/un-percorso-sulla-distribuzione-di-poisson\/un-nuovo-modello\/","title":{"rendered":"Un nuovo modello"},"content":{"rendered":"<h4><strong>1.<\/strong> IL MODELLO<\/h4>\n<table style=\"border-color: #eb1a1a;background-color: #f0a5a5\">\n<tbody>\n<tr>\n<td style=\"border-color: #eb1a1a\"><em><strong>Modalit\u00e0 d&#8217;uso per il docente<\/strong><\/em><\/p>\n<p><em>Anche in questa sezione i materiali si possono utilizzare <\/em><em>come dispensa a supporto della lezione. In questa lezione si procede gradualmente alla costruzione del modello di Poisson. I punti chiave su cui il docente deve porre attenzione sono le ipotesi e l&#8217;approccio iterativo usato per introdurre la formula di Poisson.<\/em><\/td>\n<\/tr>\n<\/tbody>\n<\/table>\n<p>Link al file completo: <a href=\"https:\/\/edulab.unitn.it\/wp-content\/uploads\/nfs\/DiCoMat\/probabilit%C3%A0\/Poisson\/Materiale\/Mat3NuoMod3.1Mod.pdf\" target=\"_blank\" rel=\"noopener noreferrer\">Il modello\u00a0<i class=\"icon-download-alt\"><\/i>\u00a0<\/a>.<\/p>\n<p>&nbsp;<\/p>\n<p><strong>Riassumendo&#8230;<\/strong><\/p>\n<p>L&#8217;idea \u00e8 quella di costruire il modello di Poisson\u00a0passando\u00a0al limite per <em>n<\/em>\u2192\u221e\u00a0<em>\u00a0<\/em> nella distribuzione binomiale, nell\u2019ipotesi che \u03bb= <em>np<\/em>\u00a0sia costante. Si arriva cos\u00ec alla formula della distribuzione di Poisson:<\/p>\n<p><img loading=\"lazy\" decoding=\"async\" class=\" wp-image-220 aligncenter\" src=\"https:\/\/edulab.unitn.it\/dicomat\/wp-content\/uploads\/sites\/12\/2016\/11\/Poisson-300x111.jpg\" alt=\"poisson\" width=\"254\" height=\"94\" srcset=\"https:\/\/edulab.unitn.it\/dicomat\/wp-content\/uploads\/sites\/12\/2016\/11\/Poisson-300x111.jpg 300w, https:\/\/edulab.unitn.it\/dicomat\/wp-content\/uploads\/sites\/12\/2016\/11\/Poisson.jpg 393w\" sizes=\"auto, (max-width: 254px) 100vw, 254px\" \/><\/p>\n<p>A questo punto, con questo nuovo modello, viene analizzata ancora una volta la questione del centralino (proposta inizialmente come situazione motivante). In seguito il docente dovr\u00e0 comunque formalizzare il significato della <a href=\"https:\/\/edulab.unitn.it\/dicomat\/un-percorso-sulla-distribuzione-di-poisson\/la-distribuzione-di-poisson\/\">distribuzione di Poisson<\/a>.<\/p>\n<h4><strong>2.<\/strong>\u00a0DALLA BINOMIALE ALLA POISSON &#8211; attivit\u00e0<\/h4>\n<table style=\"border-color: #eb1a1a;background-color: #f0a5a5\">\n<tbody>\n<tr>\n<td style=\"border-color: #eb1a1a\"><em><strong>Modalit\u00e0 d&#8217;uso per il docente<\/strong><\/em><\/p>\n<p><em>La dimostrazione che proponiamo pu\u00f2 essere delicata per le classi pi\u00f9 deboli. In tal caso pu\u00f2\u00a0costituire un interessante approfondimento per alcuni studenti.<\/em><br \/>\n<em>Per rendere l&#8217;attivit\u00e0 pi\u00f9 chiara essa \u00e8 suddivisa in passi successivi e\u00a0le singole domande sono organizzate secondo lo schema quesito-suggerimento-risoluzione. Qui \u00e8 fondamentale\u00a0che lo studente non passi ad affrontare la domanda successiva se prima non si\u00a0\u00e8 confrontato con la risoluzione proposta.\u00a0<\/em><\/td>\n<\/tr>\n<\/tbody>\n<\/table>\n<p>Link al file completo: <a href=\"https:\/\/edulab.unitn.it\/wp-content\/uploads\/nfs\/DiCoMat\/probabilit%C3%A0\/Poisson\/Materiale\/Mat3NuoMod3.2Dimo.pdf\" target=\"_blank\" rel=\"noopener noreferrer\">Dalla binomiale alla Poisson\u00a0\u00a0<i class=\"icon-download-alt\"><\/i>\u00a0<\/a>.<\/p>\n<p>&nbsp;<\/p>\n<p><strong>Riassumendo&#8230;<\/strong><\/p>\n<p>Costruiamo formalmente la distribuzione di Poisson come limite della binomiale\u00a0per <em>n<\/em>\u2192\u221e , nell\u2019ipotesi che \u03bb= <em>np<\/em>\u00a0sia costante. Per farlo procediamo, per\u00f2, in modo ricorsivo analizzando prima il caso <i>k<\/i>=0 e cercando, poi una relazione tra il termine <em>k<\/em>-esimo e quello precedente.<\/p>\n<p>&nbsp;<\/p>\n<table style=\"background-color: #b1f2a7\">\n<tbody>\n<tr>\n<td>\n<p style=\"text-align: left\"><strong>DOWNLOAD<\/strong><\/p>\n<p style=\"text-align: left\">Materiale completo per lo studente: <a href=\"https:\/\/edulab.unitn.it\/wp-content\/uploads\/nfs\/DiCoMat\/probabilit%C3%A0\/Poisson\/Materiale\/Mat3NuoMod.pdf\" target=\"_blank\" rel=\"noopener noreferrer\">NuovoModello\u00a0<i class=\"icon-download-alt\"><\/i>\u00a0<\/a><\/p>\n<p style=\"text-align: left\">Approfondimento per il docente: <a href=\"https:\/\/edulab.unitn.it\/wp-content\/uploads\/nfs\/DiCoMat\/probabilit%C3%A0\/Poisson\/Docente\/Doc3NuoMod.pdf\" target=\"_blank\" rel=\"noopener noreferrer\">NuovoModelloDoc\u00a0<i class=\"icon-download-alt\"><\/i>\u00a0<\/a><\/p>\n<\/td>\n<\/tr>\n<\/tbody>\n<\/table>\n<p style=\"text-align: right\"><a href=\"https:\/\/edulab.unitn.it\/dicomat\/un-percorso-sulla-distribuzione-di-poisson\/la-distribuzione-di-poisson\/\"><span style=\"color: blue\">La distribuzione di Poisson \u00a0\u00a0<i class=\"icon-chevron-sign-right\"><\/i><\/span>\u00a0<\/a><\/p>\n<p style=\"text-align: center\">\u00a0<a href=\"https:\/\/edulab.unitn.it\/dicomat\/un-percorso-sulla-distribuzione-di-poisson\/\"><span style=\"color: blue\">\u00a0<i class=\"icon-external-link-sign\"><\/i>\u00a0Vai al percorso.<\/span><\/a><\/p>\n","protected":false},"excerpt":{"rendered":"<p>1. IL MODELLO Modalit\u00e0 d&#8217;uso per il docente Anche in questa sezione i materiali si possono utilizzare come dispensa a supporto della lezione. In questa lezione si procede gradualmente alla costruzione del modello di Poisson. I punti chiave su cui il docente deve porre attenzione sono le ipotesi e l&#8217;approccio iterativo usato per introdurre la &hellip; <a href=\"https:\/\/edulab.unitn.it\/dicomat\/probabilita\/un-percorso-sulla-distribuzione-di-poisson\/un-nuovo-modello\/\" class=\"more-link\">Continua a leggere <span class=\"screen-reader-text\">Un nuovo modello<\/span><\/a><\/p>\n","protected":false},"author":872,"featured_media":0,"parent":50,"menu_order":3,"comment_status":"closed","ping_status":"closed","template":"","meta":{"footnotes":""},"class_list":["post-59","page","type-page","status-publish","hentry"],"_links":{"self":[{"href":"https:\/\/edulab.unitn.it\/dicomat\/wp-json\/wp\/v2\/pages\/59","targetHints":{"allow":["GET"]}}],"collection":[{"href":"https:\/\/edulab.unitn.it\/dicomat\/wp-json\/wp\/v2\/pages"}],"about":[{"href":"https:\/\/edulab.unitn.it\/dicomat\/wp-json\/wp\/v2\/types\/page"}],"author":[{"embeddable":true,"href":"https:\/\/edulab.unitn.it\/dicomat\/wp-json\/wp\/v2\/users\/872"}],"replies":[{"embeddable":true,"href":"https:\/\/edulab.unitn.it\/dicomat\/wp-json\/wp\/v2\/comments?post=59"}],"version-history":[{"count":13,"href":"https:\/\/edulab.unitn.it\/dicomat\/wp-json\/wp\/v2\/pages\/59\/revisions"}],"predecessor-version":[{"id":2096,"href":"https:\/\/edulab.unitn.it\/dicomat\/wp-json\/wp\/v2\/pages\/59\/revisions\/2096"}],"up":[{"embeddable":true,"href":"https:\/\/edulab.unitn.it\/dicomat\/wp-json\/wp\/v2\/pages\/50"}],"wp:attachment":[{"href":"https:\/\/edulab.unitn.it\/dicomat\/wp-json\/wp\/v2\/media?parent=59"}],"curies":[{"name":"wp","href":"https:\/\/api.w.org\/{rel}","templated":true}]}}