{"id":63,"date":"2016-11-07T09:45:01","date_gmt":"2016-11-07T08:45:01","guid":{"rendered":"https:\/\/edulab.unitn.it\/dicomat\/?page_id=63"},"modified":"2021-05-25T09:52:52","modified_gmt":"2021-05-25T07:52:52","slug":"non-solo-calcoli","status":"publish","type":"page","link":"https:\/\/edulab.unitn.it\/dicomat\/probabilita\/un-percorso-sulla-distribuzione-di-poisson\/non-solo-calcoli\/","title":{"rendered":"Non solo calcoli"},"content":{"rendered":"<table style=\"border-color: #eb1a1a;background-color: #f0a5a5\">\n<tbody>\n<tr>\n<td style=\"border-color: #eb1a1a\"><em><strong>Modalit\u00e0 d&#8217;uso per il docente<\/strong><\/em><\/p>\n<p><em>L\u2019esercizio guida, relativo agli errori di stampa, conviene sia discusso con gli<\/em><br \/>\n<em>studenti mediante una lezione partecipata.<\/em><br \/>\n<em>Gli altri esercizi, invece, possono essere assegnati per il lavoro autonomo anche a<\/em><br \/>\n<em>casa, visto che sono completamente risolti.<\/em><br \/>\n<em>Con ci\u00f2 non intendiamo per\u00f2 sostenere che i quesiti proposti esauriscono le attivit\u00e0\u00a0<\/em><em>di consolidamento che ogni docente, a seconda delle esigenze didattiche e della\u00a0<\/em><em>classe, assegna agli studenti.<\/em><\/td>\n<\/tr>\n<\/tbody>\n<\/table>\n<h4><strong>1.<\/strong> ERRORI DI STAMPA<\/h4>\n<p>Link al file completo: <a href=\"https:\/\/edulab.unitn.it\/wp-content\/uploads\/nfs\/DiCoMat\/probabilit%C3%A0\/Poisson\/Materiale\/Mat5EsStam.pdf\" target=\"_blank\" rel=\"noopener noreferrer\">Errori di Stampa\u00a0\u00a0<i class=\"icon-download-alt\"><\/i>\u00a0<\/a>.<\/p>\n<p><strong>Testo<\/strong><\/p>\n<table style=\"border-color: #162ade\">\n<tbody>\n<tr>\n<td style=\"border-color: #162ade\">Un compositore tipografico commette, in media, un errore di\u00a0stampa ogni 3000 parole.\u00a0Predispone un libro che contiene 300 parole per pagina.<br \/>\nCostruisci un modello probabilistico che descriva gli errori per pagina.<\/td>\n<\/tr>\n<\/tbody>\n<\/table>\n<h4><strong>2.<\/strong>\u00a0PRODOTTI DIFETTOSI<\/h4>\n<p>Link al file completo: <a href=\"https:\/\/edulab.unitn.it\/wp-content\/uploads\/nfs\/DiCoMat\/probabilit%C3%A0\/Poisson\/Materiale\/Mat5EsDif.pdf\" target=\"_blank\" rel=\"noopener noreferrer\">Prodotti difettosi\u00a0\u00a0<i class=\"icon-download-alt\"><\/i>\u00a0<\/a>.<\/p>\n<p><strong>Testo<\/strong><\/p>\n<table style=\"border-color: #162ade\">\n<tbody>\n<tr>\n<td style=\"border-color: #162ade\">Una fabbrica produce il 3% di prodotti difettosi. Determinare\u00a0la probabilit\u00e0 che in un campione di 100 prodotti ve\u00a0ne siano 2 difettosi, usando:<br \/>\na) la distribuzione binomiale;<br \/>\nb) la distribuzione di Poisson.<\/td>\n<\/tr>\n<\/tbody>\n<\/table>\n<h4><strong>3.<\/strong>\u00a0STAZIONE FERROVIARIA<\/h4>\n<p>Link al file completo: <a href=\"https:\/\/edulab.unitn.it\/wp-content\/uploads\/nfs\/DiCoMat\/probabilit%C3%A0\/Poisson\/Materiale\/Mat5EsTren.pdf\" target=\"_blank\" rel=\"noopener noreferrer\">Stazione ferroviaria\u00a0\u00a0<i class=\"icon-download-alt\"><\/i>\u00a0<\/a>.<\/p>\n<p><strong>Testo<\/strong><\/p>\n<table style=\"border-color: #162ade\">\n<tbody>\n<tr>\n<td style=\"border-color: #162ade\">In una stazione ferroviaria, fra le 8 e le 10 del mattino\u00a0arrivano in media ogni 20 minuti due treni.\u00a0Determina la probabilit\u00e0 che in 20 minuti :<br \/>\na) non arrivi nessun treno;<br \/>\nb) ne arrivi uno solo;<br \/>\nc) al massimo ne arrivino 4.<\/td>\n<\/tr>\n<\/tbody>\n<\/table>\n<h4><strong>4.<\/strong>\u00a0NASCITE ALL&#8217;OSPEDALE<\/h4>\n<p>Link al file completo: <a href=\"https:\/\/edulab.unitn.it\/wp-content\/uploads\/nfs\/DiCoMat\/probabilit%C3%A0\/Poisson\/Materiale\/Mat5EsOsp.pdf\" target=\"_blank\" rel=\"noopener noreferrer\">Nascite all&#8217;ospedale\u00a0\u00a0<i class=\"icon-download-alt\"><\/i>\u00a0<\/a>.<\/p>\n<p><strong>Testo<\/strong><\/p>\n<table style=\"border-color: #162ade\">\n<tbody>\n<tr>\n<td style=\"border-color: #162ade\">Su un quotidiano locale leggiamo che nel corso del 2015 all\u2019ospedale \u201cAlto Vicentino\u201d di\u00a0Santorso (VI), sono nati 1.637 bambini.<br \/>\n1. \u00c8 verosimile che in qualche giorno siano nati 10 bambini?<br \/>\nE che ne siano nati 20? E pi\u00f9 di 20?<\/td>\n<\/tr>\n<\/tbody>\n<\/table>\n<h4><strong>5.<\/strong>\u00a0ASPETTI ALGEBRICI<\/h4>\n<p>Link al file completo: <a href=\"https:\/\/edulab.unitn.it\/wp-content\/uploads\/nfs\/DiCoMat\/probabilit%C3%A0\/Poisson\/Materiale\/Mat5EsInv.pdf\" target=\"_blank\" rel=\"noopener noreferrer\">Aspetti Algebrici\u00a0<i class=\"icon-download-alt\"><\/i>\u00a0<\/a>.<\/p>\n<p><strong>Testo<\/strong><\/p>\n<table style=\"border-color: #162ade\">\n<tbody>\n<tr>\n<td style=\"border-color: #162ade\">Utilizza la formula della distribuzione di Poisson per esprimere P(X = <em>m<\/em>) in funzione di P(X = <em>m<\/em> \u2212 1), dove <em>m<\/em> \u00e8\u00a0un intero maggiore di 1.<\/td>\n<\/tr>\n<\/tbody>\n<\/table>\n<p>&nbsp;<\/p>\n<table style=\"background-color: #b1f2a7\">\n<tbody>\n<tr>\n<td>\n<p style=\"text-align: left\"><strong>DOWNLOAD<\/strong><\/p>\n<p style=\"text-align: left\">Materiale completo per lo studente: <a href=\"https:\/\/edulab.unitn.it\/wp-content\/uploads\/nfs\/DiCoMat\/probabilit%C3%A0\/Poisson\/Materiale\/Mat5Es.pdf\" target=\"_blank\" rel=\"noopener noreferrer\">NonSoloCalcoli\u00a0<i class=\"icon-download-alt\"><\/i>\u00a0<\/a><\/p>\n<p style=\"text-align: left\">Approfondimento per il docente: <a href=\"https:\/\/edulab.unitn.it\/wp-content\/uploads\/nfs\/DiCoMat\/probabilit%C3%A0\/Poisson\/Docente\/Doc5Es.pdf\">NonSoloCalcoliDoc\u00a0<i class=\"icon-download-alt\"><\/i>\u00a0<\/a><\/p>\n<\/td>\n<\/tr>\n<\/tbody>\n<\/table>\n<p style=\"text-align: right\"><a href=\"https:\/\/edulab.unitn.it\/dicomat\/un-percorso-sulla-distribuzione-di-poisson\/applicazioni\/\"><span style=\"color: blue\">Applicazioni \u00a0<i class=\"icon-chevron-sign-right\"><\/i><\/span>\u00a0<\/a><\/p>\n<p style=\"text-align: center\">\u00a0<a href=\"https:\/\/edulab.unitn.it\/dicomat\/un-percorso-sulla-distribuzione-di-poisson\/\"><span style=\"color: blue\">\u00a0<i class=\"icon-external-link-sign\"><\/i>\u00a0Vai al percorso.<\/span><\/a><\/p>\n","protected":false},"excerpt":{"rendered":"<p>Modalit\u00e0 d&#8217;uso per il docente L\u2019esercizio guida, relativo agli errori di stampa, conviene sia discusso con gli studenti mediante una lezione partecipata. Gli altri esercizi, invece, possono essere assegnati per il lavoro autonomo anche a casa, visto che sono completamente risolti. Con ci\u00f2 non intendiamo per\u00f2 sostenere che i quesiti proposti esauriscono le attivit\u00e0\u00a0di consolidamento &hellip; <a href=\"https:\/\/edulab.unitn.it\/dicomat\/probabilita\/un-percorso-sulla-distribuzione-di-poisson\/non-solo-calcoli\/\" class=\"more-link\">Continua a leggere <span class=\"screen-reader-text\">Non solo calcoli<\/span><\/a><\/p>\n","protected":false},"author":872,"featured_media":0,"parent":50,"menu_order":5,"comment_status":"closed","ping_status":"closed","template":"","meta":{"footnotes":""},"class_list":["post-63","page","type-page","status-publish","hentry"],"_links":{"self":[{"href":"https:\/\/edulab.unitn.it\/dicomat\/wp-json\/wp\/v2\/pages\/63","targetHints":{"allow":["GET"]}}],"collection":[{"href":"https:\/\/edulab.unitn.it\/dicomat\/wp-json\/wp\/v2\/pages"}],"about":[{"href":"https:\/\/edulab.unitn.it\/dicomat\/wp-json\/wp\/v2\/types\/page"}],"author":[{"embeddable":true,"href":"https:\/\/edulab.unitn.it\/dicomat\/wp-json\/wp\/v2\/users\/872"}],"replies":[{"embeddable":true,"href":"https:\/\/edulab.unitn.it\/dicomat\/wp-json\/wp\/v2\/comments?post=63"}],"version-history":[{"count":13,"href":"https:\/\/edulab.unitn.it\/dicomat\/wp-json\/wp\/v2\/pages\/63\/revisions"}],"predecessor-version":[{"id":2100,"href":"https:\/\/edulab.unitn.it\/dicomat\/wp-json\/wp\/v2\/pages\/63\/revisions\/2100"}],"up":[{"embeddable":true,"href":"https:\/\/edulab.unitn.it\/dicomat\/wp-json\/wp\/v2\/pages\/50"}],"wp:attachment":[{"href":"https:\/\/edulab.unitn.it\/dicomat\/wp-json\/wp\/v2\/media?parent=63"}],"curies":[{"name":"wp","href":"https:\/\/api.w.org\/{rel}","templated":true}]}}