{"id":706,"date":"2016-12-21T10:24:34","date_gmt":"2016-12-21T09:24:34","guid":{"rendered":"https:\/\/edulab.unitn.it\/dicomat\/?page_id=706"},"modified":"2021-05-25T10:05:05","modified_gmt":"2021-05-25T08:05:05","slug":"misura","status":"publish","type":"page","link":"https:\/\/edulab.unitn.it\/dicomat\/geometria-ss-i-g\/misura\/","title":{"rendered":"Misura"},"content":{"rendered":"<p>La misura rappresenta un tema di primaria importanza nell&#8217;ambito delle scienze sperimentali e della matematica, dato che permette di comprendere come si passa da un fenomeno del mondo reale alle grandezze numeriche che lo descrivono.<\/p>\n<p>Viste le difficolt\u00e0 dimostrate dagli studenti, si \u00e8 deciso di provare a proporre nella scuola secondaria di primo grado un percorso di lavoro che aiuti a rendere questo argomento \u201creale\u201d per favorirne, cos\u00ec, la comprensione e l\u2019interiorizzazione.<\/p>\n<p><em>Il percorso \u00e8 stato ideato per la <strong>classe seconda<\/strong> e andrebbe svolto nelle ore di <strong>matematica<\/strong> e <strong>scienze<\/strong>, inoltre, \u00e8 stato proposto\u00a0con metodologia CLIL in <strong>lingua inglese<\/strong>.<\/em><\/p>\n<p>&nbsp;<\/p>\n<p><strong>LE SCELTE<\/strong><\/p>\n<ul>\n<li>Perch\u00e9 in <span style=\"text-decoration: underline\">inglese<\/span>?<\/li>\n<\/ul>\n<p>La scelta della lingua nasce dall&#8217;esigenza di introdurre una difficolt\u00e0 in un argomento che altrimenti \u00e8 dato per scontato dai ragazzi. La lingua diversa infatti li obbliga a dover porre attenzione ad ogni singolo quesito\/passaggio.<\/p>\n<ul>\n<li>Perch\u00e9 <span style=\"text-decoration: underline\">volume<\/span> e <span style=\"text-decoration: underline\">massa<\/span>?<\/li>\n<\/ul>\n<p>I ragazzi a cui \u00e8 destinato il percorso sono in seconda, la lunghezza \u00e8 stata affrontata gi\u00e0 ampiamente in primaria ed in prima secondaria: non ci sarebbe nulla di nuovo e le non-comprensioni o i fraintendimenti sono difficili da scardinare. L\u2019attivit\u00e0 laboratoriale, inoltre, permette una visualizzazione delle situazioni e spiana la strada al lavoro sulla densit\u00e0 che verr\u00e0 affrontato successivamente.<\/p>\n<ul>\n<li>Perch\u00e9 <span style=\"text-decoration: underline\">unit\u00e0 di misura anglosassoni<\/span>?<\/li>\n<\/ul>\n<p>Perch\u00e9 il sistema decimale \u00e8 stato trattato pi\u00f9 e pi\u00f9 volte in primaria e risulta automatica ogni conversione, priva cio\u00e8 il pi\u00f9 delle volte di ragionamento e di reale comprensione delle quantit\u00e0 in gioco, ma attenta solo al calcolo. Si rende quindi necessaria la ricerca di un modello nuovo che permetta di muoversi agilmente tra diverse unit\u00e0 di misura.<\/p>\n<ul>\n<li>Con quale <span style=\"text-decoration: underline\">modalit\u00e0 di lavoro<\/span>?<\/li>\n<\/ul>\n<p>Si \u00e8 utilizzata una didattica laboratoriale in modo tale da rendere \u201clo studente protagonista attivo della costruzione del proprio sapere e delle proprie competenze\u201d. Queste situazioni hanno teso a costruire un apprendimento significativo, basato sulla realizzazione di una stima, su una misura effettiva, sul riconoscimento dell\u2019ordine di grandezza, sul confronto e sulla scelta di una unit\u00e0 di misura adeguata. Attenzione \u00e8 stata data alla costruzione di modelli che potessero aiutare nella comprensione ed interiorizzazione dei concetti. Si \u00e8 utilizzato sempre il lavoro a piccolo gruppo eterogeneo, con dei momenti di presentazione del lavoro e rielaborazione\u00a0 a classe intera. I ragazzi hanno dovuto presentare il lavoro svolto a gruppi ai compagni e presentare relazioni scritte a conclusione del percorso. Con il lavoro di gruppo si \u00e8 voluto favorire oltre che la capacit\u00e0 di organizzarsi e di riconoscere il proprio ruolo all\u2019interno di un gruppo anche la capacit\u00e0 di rielaborare quanto svolto, acquisendo terminologia specifica e provando ad utilizzarla in modo opportuno.<\/p>\n<p style=\"text-align: right\"><em>Prof.ssa Elena Cosser e Prof.ssa Maria Cristina Viola<\/em><\/p>\n<p>&nbsp;<\/p>\n<table style=\"background-color: #f7ee9c\">\n<tbody>\n<tr>\n<td>\n<p style=\"text-align: left\"><strong>IL PERCORSO<\/strong><\/p>\n<p style=\"text-align: left\">&#8211; <a href=\"https:\/\/edulab.unitn.it\/dicomat\/misurare-il-volume\/\">Misurare il volume<\/a><br \/>\n&#8211; <a href=\"https:\/\/edulab.unitn.it\/dicomat\/misurare-la-massa\/\">Misurare la massa<\/a><\/p>\n<\/td>\n<\/tr>\n<\/tbody>\n<\/table>\n<p>Per approfondire: <a href=\"https:\/\/edulab.unitn.it\/wp-content\/uploads\/nfs\/DiCoMat\/Misura\/UDLmisura.pdf\"><strong>Scheda Anagrafica del percorso<\/strong><\/a>.<\/p>\n<p>&nbsp;<\/p>\n<p><strong>FONTI<\/strong><\/p>\n<p>&#8211; \u201cMisura\u201d ed. Pitagora Editrice Bologna<br \/>\n&#8211;\u00a0<a href=\"http:\/\/www.mathsisfun.com\">http:\/\/www.mathsisfun.com<\/a><br \/>\n&#8211;\u00a0<a href=\"http:\/\/www.ixl.com\">http:\/\/www.ixl.com<\/a><\/p>\n<p>&nbsp;<\/p>\n<hr \/>\n<h5><em><strong>LA PAGINA WEB<\/strong><\/em><\/h5>\n<p><em>Per rendere disponibili i materiali del laboratorio, la dott.ssa Erica Scapin ha redatto la presente pagina Web per conto del DiCoMat Lab.<\/em><\/p>\n","protected":false},"excerpt":{"rendered":"<p>La misura rappresenta un tema di primaria importanza nell&#8217;ambito delle scienze sperimentali e della matematica, dato che permette di comprendere come si passa da un fenomeno del mondo reale alle grandezze numeriche che lo descrivono. Viste le difficolt\u00e0 dimostrate dagli studenti, si \u00e8 deciso di provare a proporre nella scuola secondaria di primo grado un &hellip; <a href=\"https:\/\/edulab.unitn.it\/dicomat\/geometria-ss-i-g\/misura\/\" class=\"more-link\">Continua a leggere <span class=\"screen-reader-text\">Misura<\/span><\/a><\/p>\n","protected":false},"author":872,"featured_media":0,"parent":811,"menu_order":1,"comment_status":"closed","ping_status":"closed","template":"","meta":{"footnotes":""},"class_list":["post-706","page","type-page","status-publish","hentry"],"_links":{"self":[{"href":"https:\/\/edulab.unitn.it\/dicomat\/wp-json\/wp\/v2\/pages\/706","targetHints":{"allow":["GET"]}}],"collection":[{"href":"https:\/\/edulab.unitn.it\/dicomat\/wp-json\/wp\/v2\/pages"}],"about":[{"href":"https:\/\/edulab.unitn.it\/dicomat\/wp-json\/wp\/v2\/types\/page"}],"author":[{"embeddable":true,"href":"https:\/\/edulab.unitn.it\/dicomat\/wp-json\/wp\/v2\/users\/872"}],"replies":[{"embeddable":true,"href":"https:\/\/edulab.unitn.it\/dicomat\/wp-json\/wp\/v2\/comments?post=706"}],"version-history":[{"count":20,"href":"https:\/\/edulab.unitn.it\/dicomat\/wp-json\/wp\/v2\/pages\/706\/revisions"}],"predecessor-version":[{"id":2111,"href":"https:\/\/edulab.unitn.it\/dicomat\/wp-json\/wp\/v2\/pages\/706\/revisions\/2111"}],"up":[{"embeddable":true,"href":"https:\/\/edulab.unitn.it\/dicomat\/wp-json\/wp\/v2\/pages\/811"}],"wp:attachment":[{"href":"https:\/\/edulab.unitn.it\/dicomat\/wp-json\/wp\/v2\/media?parent=706"}],"curies":[{"name":"wp","href":"https:\/\/api.w.org\/{rel}","templated":true}]}}