{"id":961,"date":"2016-12-28T16:34:43","date_gmt":"2016-12-28T15:34:43","guid":{"rendered":"https:\/\/edulab.unitn.it\/dicomat\/?page_id=961"},"modified":"2021-05-25T10:12:59","modified_gmt":"2021-05-25T08:12:59","slug":"la-rotazione","status":"publish","type":"page","link":"https:\/\/edulab.unitn.it\/dicomat\/geometria-ss-i-g\/simmetrie\/la-rotazione\/","title":{"rendered":"La rotazione"},"content":{"rendered":"<h4>FASE\u00a01<\/h4>\n<p><strong>Obiettivo<\/strong><\/p>\n<p>Conoscere il concetto di simmetria radiale, riconoscere e saper definire una rotazione, sapere che la rotazione \u00e8 un&#8217;isometria e\u00a0saper disegnare la ruotata di una figura data.<\/p>\n<p><strong>Materiali<\/strong><\/p>\n<p>Schede di laboratorio preparate per gli studenti, fogli di carta quadrati, fogli di carta traslucida della stessa dimensione, puntine\u00a0da disegno, supporti in cartoncino o in polistirolo, bandierine di carta.<\/p>\n<p><strong>L&#8217;attivit\u00e0<\/strong><\/p>\n<p>&#8211; <img loading=\"lazy\" decoding=\"async\" class=\"size-medium wp-image-988 alignright\" src=\"https:\/\/edulab.unitn.it\/dicomat\/wp-content\/uploads\/sites\/12\/2016\/12\/Fiocchi-300x100.jpg\" alt=\"\" width=\"300\" height=\"100\" srcset=\"https:\/\/edulab.unitn.it\/dicomat\/wp-content\/uploads\/sites\/12\/2016\/12\/Fiocchi-300x100.jpg 300w, https:\/\/edulab.unitn.it\/dicomat\/wp-content\/uploads\/sites\/12\/2016\/12\/Fiocchi.jpg 632w\" sizes=\"auto, (max-width: 300px) 100vw, 300px\" \/>LA GEOMETRIA DEI FIOCCHI DI NEVE<br \/>\nLa fase\u00a0iniziale del laboratorio \u00e8 di tipo operativo e consistente nella costruzione di fiocchi di neve con carta e forbici e nel successivo studio della geometria degli stessi. Quest&#8217;attivit\u00e0 prevede che gli studenti possano esprimere\u00a0la loro\u00a0creativit\u00e0 realizzando dei disegni a piacere, nonch\u00e8 la capacit\u00e0 di immaginare, partendo da una parte del fiocco, il prodotto completo.<br \/>\nDopo la fase di costruzione del fiocco di neve si prevede un momento di\u00a0studio di alcuni aspetti geometrici ed in particolare l&#8217;analisi della simmetria della figura ottenuta.<br \/>\n&#8211; ESPERIMENTO DI ROTAZIONE<br \/>\n<img loading=\"lazy\" decoding=\"async\" class=\"wp-image-989 alignleft\" src=\"https:\/\/edulab.unitn.it\/dicomat\/wp-content\/uploads\/sites\/12\/2016\/12\/Rotazione-300x233.jpg\" alt=\"\" width=\"186\" height=\"144\" srcset=\"https:\/\/edulab.unitn.it\/dicomat\/wp-content\/uploads\/sites\/12\/2016\/12\/Rotazione-300x233.jpg 300w, https:\/\/edulab.unitn.it\/dicomat\/wp-content\/uploads\/sites\/12\/2016\/12\/Rotazione.jpg 432w\" sizes=\"auto, (max-width: 186px) 100vw, 186px\" \/>Si prosegue, quindi, studiando la simmetria rotazionale del fiocco di neve\u00a0precedentemente costruito. Per fare questo si propone ai ragazzi di costruire una &#8220;macchina&#8221; della rotazione ricalcando il fiocco sul\u00a0foglio di carta traslucida. Si fanno inizialmente coincidere i due disegni,\u00a0poi si fa ruotare lentamente uno dei due sull&#8217;altro. Se si effettua un giro\u00a0completo si ritorna alla sovrapposizione dei due disegni, ma durante la rotazione, si osserva che esistono delle posizioni intermedie in cui i due contorni\u00a0delle figure si sovrappongono perfettamente. Il numero di sovrapposizioni\u00a0che si ottengono fino a fare un giro completo \u00e8 detto ordine di rotazione.<br \/>\nQuindi si cerca di definire la rotazione: essa \u00e8 caratterizzata del punto individuato dalla puntina da disegno, attorno al quale ruota la figura che \u00e8 detto centro di rotazione e dall&#8217;angolo di cui si ruota il disegno, infine si osserva che si pu\u00f2 ruotare in verso orario o antiorario.<br \/>\n&#8211; UN ALTRO ESPERIMENTO<img loading=\"lazy\" decoding=\"async\" class=\" wp-image-990 alignright\" src=\"https:\/\/edulab.unitn.it\/dicomat\/wp-content\/uploads\/sites\/12\/2016\/12\/Bandierina.jpg\" alt=\"\" width=\"204\" height=\"133\" \/><br \/>\nIn questa ultima fase del laboratorio, i ragazzi indagano su\u00a0una\u00a0generica figura quando essa viene ruotata. Per fare questo si forniscono delle bandierine\u00a0e, ruotando attorno alla base dell&#8217;asta, \u00a0si analizza l&#8217;immagine ruotata e la si confronta con quella di partenza. Si arriva, quindi a definire la rotazione e ad imparare a disegnare l&#8217;immagine ruotata di una figura data.<\/p>\n<p>&nbsp;<\/p>\n<table style=\"background-color: #b1f2a7\">\n<tbody>\n<tr>\n<td>\n<p style=\"text-align: left\"><strong>DOWNLOAD<\/strong><\/p>\n<p style=\"text-align: left\"><em>dalla tesi di laurea magistrale di F. Turri<\/em><\/p>\n<p style=\"text-align: left\">Descrizione del laboratorio: <a href=\"https:\/\/edulab.unitn.it\/wp-content\/uploads\/nfs\/DiCoMat\/Simmetrie\/Lab3.pdf\">Laboratorio\u00a0<\/a><i class=\"icon-download-alt\"><\/i><\/p>\n<p style=\"text-align: left\">Scheda guida per lo studente<sup>*<\/sup>: <a href=\"https:\/\/edulab.unitn.it\/wp-content\/uploads\/nfs\/DiCoMat\/Simmetrie\/Scheda3.pdf\">Scheda\u00a0<\/a><i class=\"icon-download-alt\"><\/i><\/p>\n<\/td>\n<\/tr>\n<\/tbody>\n<\/table>\n<h4>FASE\u00a02<\/h4>\n<p><strong>Obiettivo<\/strong><\/p>\n<p>Studiare le caratteristiche della rotazione,\u00a0saper individuare l&#8217;ordine di rotazione e l&#8217;angolo minimo di figure assegnate,\u00a0saper classificare i poligoni regolari.<\/p>\n<p><strong>Materiali<\/strong><\/p>\n<p>Schede di laboratorio, specchi a libro, fogli con\u00a0stampato un goniometro, oggetti vari (alcuni simmetrici, altri asimmetrici),\u00a0specchi, carta traslucida.<\/p>\n<p><strong>L&#8217;attivit\u00e0<\/strong><\/p>\n<p>&#8211; USIAMO ORA GLI SPECCHI<img loading=\"lazy\" decoding=\"async\" class=\"size-full wp-image-992 alignright\" src=\"https:\/\/edulab.unitn.it\/dicomat\/wp-content\/uploads\/sites\/12\/2016\/12\/Moneta.jpg\" alt=\"\" width=\"189\" height=\"182\" \/><br \/>\nSi e pensato di continuare lo studio delle rotazioni tramite un&#8217;attivit\u00e0 che\u00a0richiede l&#8217;utilizzo degli specchi a libro ovvero delle coppie di specchi incidenti ad apertura variabile.\u00a0L&#8217;attivit\u00e0 inizia chiedendo ai ragazzi di collocare tra i due specchi una monetina o qualsiasi altro oggetto simmetrico.\u00a0<img loading=\"lazy\" decoding=\"async\" class=\"wp-image-994 alignleft\" src=\"https:\/\/edulab.unitn.it\/dicomat\/wp-content\/uploads\/sites\/12\/2016\/12\/Fiocco.jpg\" alt=\"\" width=\"122\" height=\"148\" \/>Dopo un primo momento di sperimentazione libera in cui gli alunni notano che la monetina viene moltiplicata da questo meccanismo, si passa ad\u00a0una fase di osservazione maggiormente guidata dalle domande presenti sulla\u00a0scheda. Per esempio, \u00e8\u00a0interessante notare che si ottengono delle\u00a0immagini intere solamente per\u00a0angoli che sono sottomultipli dell&#8217;angolo giro.<br \/>\nSi prosegue, quindi, riprendendo il fiocco di neve costruito nel laboratorio precedente: si invitano gli studenti ad individuare quale\u00a0&#8220;spicchio&#8221; del fiocco di neve si pu\u00f2\u00a0inserire tra gli specchi per ottenere\u00a0l&#8217;immagine completa.<br \/>\n&#8211; SIMMETRIA BILATERALE E ROTAZIONE DEI FIORI<br \/>\nCome fase di consolidamento\u00a0si richiede di completare\u00a0una\u00a0tabella in\u00a0cui vengono analizzate le rotazioni e le simmetrie bilaterali di alcuni fiori.<br \/>\nSono stati\u00a0selezionati fiori con diversi numeri di assi di simmetria per\u00a0far riflettere gli alunni sulle diverse casistiche che si possono presentare.<\/p>\n<figure id=\"attachment_993\" aria-describedby=\"caption-attachment-993\" style=\"width: 145px\" class=\"wp-caption alignright\"><img loading=\"lazy\" decoding=\"async\" class=\"wp-image-993\" src=\"https:\/\/edulab.unitn.it\/dicomat\/wp-content\/uploads\/sites\/12\/2016\/12\/Fiore-1.jpg\" width=\"145\" height=\"147\" \/><figcaption id=\"caption-attachment-993\" class=\"wp-caption-text\">www.matematita.it<\/figcaption><\/figure>\n<p>&#8211; SIMMETRIA BILATERALE E ROTAZIONE DEI POLIGONI<br \/>\nSi passa cos\u00ec, in maniera naturale, allo studio delle simmetrie assiali e di\u00a0rotazione dei poligoni. Viene proposta, anche in questo caso, una tabella\u00a0contenente alcuni poligoni regolari e alcuni quadrilateri che dovranno essere analizzati seguendo lo stesso schema utilizzato per i fiori. Infine, per collegare questa attivit\u00e0 con quella precedente si chiede\u00a0ai ragazzi di mettere in evidenza la relazione che sussiste tra i fiori e i poligoni\u00a0analizzati, inscrivendo i fiori negli opportuni poligoni regolari.<\/p>\n<p>&nbsp;<\/p>\n<table style=\"background-color: #b1f2a7\">\n<tbody>\n<tr>\n<td>\n<p style=\"text-align: left\"><strong>DOWNLOAD<\/strong><\/p>\n<p style=\"text-align: left\"><em>dalla tesi di laurea magistrale di F. Turri<\/em><\/p>\n<p style=\"text-align: left\">Descrizione del laboratorio: <a href=\"https:\/\/edulab.unitn.it\/wp-content\/uploads\/nfs\/DiCoMat\/Simmetrie\/Lab4.pdf\">Laboratorio\u00a0<\/a><i class=\"icon-download-alt\"><\/i><\/p>\n<p style=\"text-align: left\">Scheda guida per lo studente: <a href=\"https:\/\/edulab.unitn.it\/wp-content\/uploads\/nfs\/DiCoMat\/Simmetrie\/Scheda4.pdf\">Scheda\u00a0<\/a><i class=\"icon-download-alt\"><\/i><\/p>\n<\/td>\n<\/tr>\n<\/tbody>\n<\/table>\n<p>&nbsp;<\/p>\n<p style=\"text-align: center\">Vai al\u00a0<a href=\"https:\/\/edulab.unitn.it\/dicomat\/geometria-ss-i-g\/simmetrie\/\">percorso<\/a>\u00a0 \u00a0 \u00a0 \u00a0 \u00a0 \u00a0 \u00a0 \u00a0 \u00a0 \u00a0 \u00a0 \u00a0 \u00a0 \u00a0 \u00a0 \u00a0 \u00a0 \u00a0 \u00a0 \u00a0 \u00a0 \u00a0 \u00a0 \u00a0 \u00a0 \u00a0 \u00a0 \u00a0 \u00a0 \u00a0Vai alle <a href=\"https:\/\/edulab.unitn.it\/dicomat\/simmetrie-nello-spazio\/\">simmetrie nello spazio<\/a><\/p>\n<p>&nbsp;<\/p>\n<hr \/>\n<p><sup>*<\/sup><sup>\u00a0Questa scheda di laboratorio \u00e8 stata leggermente rivista dal DiCoMat Lab.<\/sup><\/p>\n","protected":false},"excerpt":{"rendered":"<p>FASE\u00a01 Obiettivo Conoscere il concetto di simmetria radiale, riconoscere e saper definire una rotazione, sapere che la rotazione \u00e8 un&#8217;isometria e\u00a0saper disegnare la ruotata di una figura data. Materiali Schede di laboratorio preparate per gli studenti, fogli di carta quadrati, fogli di carta traslucida della stessa dimensione, puntine\u00a0da disegno, supporti in cartoncino o in polistirolo, &hellip; <a href=\"https:\/\/edulab.unitn.it\/dicomat\/geometria-ss-i-g\/simmetrie\/la-rotazione\/\" class=\"more-link\">Continua a leggere <span class=\"screen-reader-text\">La rotazione<\/span><\/a><\/p>\n","protected":false},"author":872,"featured_media":0,"parent":942,"menu_order":2,"comment_status":"closed","ping_status":"closed","template":"","meta":{"footnotes":""},"class_list":["post-961","page","type-page","status-publish","hentry"],"_links":{"self":[{"href":"https:\/\/edulab.unitn.it\/dicomat\/wp-json\/wp\/v2\/pages\/961","targetHints":{"allow":["GET"]}}],"collection":[{"href":"https:\/\/edulab.unitn.it\/dicomat\/wp-json\/wp\/v2\/pages"}],"about":[{"href":"https:\/\/edulab.unitn.it\/dicomat\/wp-json\/wp\/v2\/types\/page"}],"author":[{"embeddable":true,"href":"https:\/\/edulab.unitn.it\/dicomat\/wp-json\/wp\/v2\/users\/872"}],"replies":[{"embeddable":true,"href":"https:\/\/edulab.unitn.it\/dicomat\/wp-json\/wp\/v2\/comments?post=961"}],"version-history":[{"count":26,"href":"https:\/\/edulab.unitn.it\/dicomat\/wp-json\/wp\/v2\/pages\/961\/revisions"}],"predecessor-version":[{"id":2119,"href":"https:\/\/edulab.unitn.it\/dicomat\/wp-json\/wp\/v2\/pages\/961\/revisions\/2119"}],"up":[{"embeddable":true,"href":"https:\/\/edulab.unitn.it\/dicomat\/wp-json\/wp\/v2\/pages\/942"}],"wp:attachment":[{"href":"https:\/\/edulab.unitn.it\/dicomat\/wp-json\/wp\/v2\/media?parent=961"}],"curies":[{"name":"wp","href":"https:\/\/api.w.org\/{rel}","templated":true}]}}